{"id":234,"date":"2020-06-17T19:52:04","date_gmt":"2020-06-17T19:52:04","guid":{"rendered":"https:\/\/www.tiendairontech.cl\/?page_id=234"},"modified":"2020-06-18T03:11:19","modified_gmt":"2020-06-18T03:11:19","slug":"electronica","status":"publish","type":"page","link":"https:\/\/www.tiendairontech.cl\/index.php\/electronica\/","title":{"rendered":"Electr\u00f3nica"},"content":{"rendered":"\n<p>Un componente electr\u00f3nico es un dispositivo que forma parte de un circuito electr\u00f3nico. Se suelen encapsular, generalmente en un material cer\u00e1mico, met\u00e1lico o pl\u00e1stico, y terminar en dos o m\u00e1s terminales o patillas met\u00e1licas. Se dise\u00f1an para ser conectados entre ellos, normalmente mediante soldadura, a un circuito impreso, para formar el mencionado circuito.<\/p>\n\n\n\n<p>Los componentes son dispositivos f\u00edsicos, mientras que los elementos son modelos o abstracciones idealizadas que constituyen la base para el estudio te\u00f3rico de los mencionados componentes. As\u00ed, los componentes aparecen en un listado de dispositivos que forman un circuito, mientras que los elementos aparecen en los desarrollos matem\u00e1ticos de la teor\u00eda de circuitos.<\/p>\n\n\n\n\n","protected":false},"excerpt":{"rendered":"<p>Un componente electr\u00f3nico es un dispositivo que forma parte de un circuito electr\u00f3nico. Se suelen encapsular, generalmente en un material cer\u00e1mico, met\u00e1lico o pl\u00e1stico, y terminar en dos o m\u00e1s terminales o patillas met\u00e1licas. Se dise\u00f1an para ser conectados entre&#8230; <a class=\"di-continue-reading\" href=\"https:\/\/www.tiendairontech.cl\/index.php\/electronica\/\"> Continue Reading&#8230;<\/a><\/p>\n","protected":false},"author":1,"featured_media":0,"parent":0,"menu_order":0,"comment_status":"closed","ping_status":"closed","template":"","meta":{"footnotes":""},"class_list":["post-234","page","type-page","status-publish","hentry"],"yoast_head":"<!-- This site is optimized with the Yoast SEO plugin v27.4 - https:\/\/yoast.com\/product\/yoast-seo-wordpress\/ -->\n<title>Electr\u00f3nica -<\/title>\n<meta name=\"robots\" content=\"index, follow, max-snippet:-1, max-image-preview:large, max-video-preview:-1\" \/>\n<link rel=\"canonical\" href=\"https:\/\/www.tiendairontech.cl\/index.php\/electronica\/\" \/>\n<meta property=\"og:locale\" content=\"es_ES\" \/>\n<meta property=\"og:type\" content=\"article\" \/>\n<meta property=\"og:title\" content=\"Electr\u00f3nica -\" \/>\n<meta property=\"og:description\" content=\"Un componente electr\u00f3nico es un dispositivo que forma parte de un circuito electr\u00f3nico. Se suelen encapsular, generalmente en un material cer\u00e1mico, met\u00e1lico o pl\u00e1stico, y terminar en dos o m\u00e1s terminales o patillas met\u00e1licas. Se dise\u00f1an para ser conectados entre&#8230; Continue Reading&#8230;\" \/>\n<meta property=\"og:url\" content=\"https:\/\/www.tiendairontech.cl\/index.php\/electronica\/\" \/>\n<meta property=\"article:modified_time\" content=\"2020-06-18T03:11:19+00:00\" \/>\n<meta name=\"twitter:card\" content=\"summary_large_image\" \/>\n<meta name=\"twitter:label1\" content=\"Tiempo estimado de lectura\" \/>\n\t<meta name=\"twitter:data1\" content=\"1 minuto\" \/>\n<script type=\"application\/ld+json\" class=\"yoast-schema-graph\">{\"@context\":\"https:\\\/\\\/schema.org\",\"@graph\":[{\"@type\":\"WebPage\",\"@id\":\"https:\\\/\\\/www.tiendairontech.cl\\\/index.php\\\/electronica\\\/\",\"url\":\"https:\\\/\\\/www.tiendairontech.cl\\\/index.php\\\/electronica\\\/\",\"name\":\"Electr\u00f3nica -\",\"isPartOf\":{\"@id\":\"https:\\\/\\\/www.tiendairontech.cl\\\/#website\"},\"datePublished\":\"2020-06-17T19:52:04+00:00\",\"dateModified\":\"2020-06-18T03:11:19+00:00\",\"breadcrumb\":{\"@id\":\"https:\\\/\\\/www.tiendairontech.cl\\\/index.php\\\/electronica\\\/#breadcrumb\"},\"inLanguage\":\"es-CL\",\"potentialAction\":[{\"@type\":\"ReadAction\",\"target\":[\"https:\\\/\\\/www.tiendairontech.cl\\\/index.php\\\/electronica\\\/\"]}]},{\"@type\":\"BreadcrumbList\",\"@id\":\"https:\\\/\\\/www.tiendairontech.cl\\\/index.php\\\/electronica\\\/#breadcrumb\",\"itemListElement\":[{\"@type\":\"ListItem\",\"position\":1,\"name\":\"Portada\",\"item\":\"https:\\\/\\\/www.tiendairontech.cl\\\/\"},{\"@type\":\"ListItem\",\"position\":2,\"name\":\"Electr\u00f3nica\"}]},{\"@type\":\"WebSite\",\"@id\":\"https:\\\/\\\/www.tiendairontech.cl\\\/#website\",\"url\":\"https:\\\/\\\/www.tiendairontech.cl\\\/\",\"name\":\"\",\"description\":\"\",\"potentialAction\":[{\"@type\":\"SearchAction\",\"target\":{\"@type\":\"EntryPoint\",\"urlTemplate\":\"https:\\\/\\\/www.tiendairontech.cl\\\/?s={search_term_string}\"},\"query-input\":{\"@type\":\"PropertyValueSpecification\",\"valueRequired\":true,\"valueName\":\"search_term_string\"}}],\"inLanguage\":\"es-CL\"}]}<\/script>\n<!-- \/ Yoast SEO plugin. -->","yoast_head_json":{"title":"Electr\u00f3nica -","robots":{"index":"index","follow":"follow","max-snippet":"max-snippet:-1","max-image-preview":"max-image-preview:large","max-video-preview":"max-video-preview:-1"},"canonical":"https:\/\/www.tiendairontech.cl\/index.php\/electronica\/","og_locale":"es_ES","og_type":"article","og_title":"Electr\u00f3nica -","og_description":"Un componente electr\u00f3nico es un dispositivo que forma parte de un circuito electr\u00f3nico. Se suelen encapsular, generalmente en un material cer\u00e1mico, met\u00e1lico o pl\u00e1stico, y terminar en dos o m\u00e1s terminales o patillas met\u00e1licas. Se dise\u00f1an para ser conectados entre&#8230; Continue Reading&#8230;","og_url":"https:\/\/www.tiendairontech.cl\/index.php\/electronica\/","article_modified_time":"2020-06-18T03:11:19+00:00","twitter_card":"summary_large_image","twitter_misc":{"Tiempo estimado de lectura":"1 minuto"},"schema":{"@context":"https:\/\/schema.org","@graph":[{"@type":"WebPage","@id":"https:\/\/www.tiendairontech.cl\/index.php\/electronica\/","url":"https:\/\/www.tiendairontech.cl\/index.php\/electronica\/","name":"Electr\u00f3nica -","isPartOf":{"@id":"https:\/\/www.tiendairontech.cl\/#website"},"datePublished":"2020-06-17T19:52:04+00:00","dateModified":"2020-06-18T03:11:19+00:00","breadcrumb":{"@id":"https:\/\/www.tiendairontech.cl\/index.php\/electronica\/#breadcrumb"},"inLanguage":"es-CL","potentialAction":[{"@type":"ReadAction","target":["https:\/\/www.tiendairontech.cl\/index.php\/electronica\/"]}]},{"@type":"BreadcrumbList","@id":"https:\/\/www.tiendairontech.cl\/index.php\/electronica\/#breadcrumb","itemListElement":[{"@type":"ListItem","position":1,"name":"Portada","item":"https:\/\/www.tiendairontech.cl\/"},{"@type":"ListItem","position":2,"name":"Electr\u00f3nica"}]},{"@type":"WebSite","@id":"https:\/\/www.tiendairontech.cl\/#website","url":"https:\/\/www.tiendairontech.cl\/","name":"","description":"","potentialAction":[{"@type":"SearchAction","target":{"@type":"EntryPoint","urlTemplate":"https:\/\/www.tiendairontech.cl\/?s={search_term_string}"},"query-input":{"@type":"PropertyValueSpecification","valueRequired":true,"valueName":"search_term_string"}}],"inLanguage":"es-CL"}]}},"_links":{"self":[{"href":"https:\/\/www.tiendairontech.cl\/index.php\/wp-json\/wp\/v2\/pages\/234","targetHints":{"allow":["GET"]}}],"collection":[{"href":"https:\/\/www.tiendairontech.cl\/index.php\/wp-json\/wp\/v2\/pages"}],"about":[{"href":"https:\/\/www.tiendairontech.cl\/index.php\/wp-json\/wp\/v2\/types\/page"}],"author":[{"embeddable":true,"href":"https:\/\/www.tiendairontech.cl\/index.php\/wp-json\/wp\/v2\/users\/1"}],"replies":[{"embeddable":true,"href":"https:\/\/www.tiendairontech.cl\/index.php\/wp-json\/wp\/v2\/comments?post=234"}],"version-history":[{"count":4,"href":"https:\/\/www.tiendairontech.cl\/index.php\/wp-json\/wp\/v2\/pages\/234\/revisions"}],"predecessor-version":[{"id":324,"href":"https:\/\/www.tiendairontech.cl\/index.php\/wp-json\/wp\/v2\/pages\/234\/revisions\/324"}],"wp:attachment":[{"href":"https:\/\/www.tiendairontech.cl\/index.php\/wp-json\/wp\/v2\/media?parent=234"}],"curies":[{"name":"wp","href":"https:\/\/api.w.org\/{rel}","templated":true}]}}