{"id":1337,"date":"2021-08-10T19:42:34","date_gmt":"2021-08-10T19:42:34","guid":{"rendered":"https:\/\/www.tiendairontech.cl\/index.php\/producto\/adaptador-wifi-usb-300mb-tplink\/"},"modified":"2024-05-23T19:16:48","modified_gmt":"2024-05-23T19:16:48","slug":"adaptador-wifi-usb-300mb-tplink","status":"publish","type":"product","link":"https:\/\/www.tiendairontech.cl\/index.php\/producto\/adaptador-wifi-usb-300mb-tplink\/","title":{"rendered":"ANTENA WIFI USB TP LINK NANO SIZE AC600"},"content":{"rendered":"","protected":false},"excerpt":{"rendered":"<p>EL MINI ADAPTADOR USB INAL\u00c1MBRICO N DE 300MBPS, EST\u00c1 DISE\u00d1ADO PARA CONECTAR SU LAPTOP O DESKTOP A UNA RED INAL\u00c1MBRICA Y PARA DISFRUTAR UN DESEMPE\u00d1O INAL\u00c1MBRICO DE ALTA VELOCIDAD. EL DISE\u00d1O DEL TAMA\u00d1O LO CONVIERTE EN SENCILLO DE DE LLEVAR CONSIGO.- CON VELOCIDADES INAL\u00c1MBRICAS DE HASTA 300MBPS.<\/p>\n","protected":false},"featured_media":959,"comment_status":"open","ping_status":"closed","template":"","meta":[],"product_brand":[],"product_cat":[70],"product_tag":[],"class_list":{"0":"post-1337","1":"product","2":"type-product","3":"status-publish","4":"has-post-thumbnail","6":"product_cat-index_redes","8":"first","9":"instock","10":"taxable","11":"shipping-taxable","12":"purchasable","13":"product-type-simple"},"yoast_head":"<!-- This site is optimized with the Yoast SEO plugin v27.4 - https:\/\/yoast.com\/product\/yoast-seo-wordpress\/ -->\n<title>ANTENA WIFI USB TP LINK NANO SIZE AC600 -<\/title>\n<meta name=\"robots\" content=\"index, follow, max-snippet:-1, max-image-preview:large, max-video-preview:-1\" \/>\n<link rel=\"canonical\" href=\"https:\/\/www.tiendairontech.cl\/index.php\/producto\/adaptador-wifi-usb-300mb-tplink\/\" \/>\n<meta property=\"og:locale\" content=\"es_ES\" \/>\n<meta property=\"og:type\" content=\"article\" \/>\n<meta property=\"og:title\" content=\"ANTENA WIFI USB TP LINK NANO SIZE AC600 -\" \/>\n<meta property=\"og:description\" content=\"EL MINI ADAPTADOR USB INAL\u00c1MBRICO N DE 300MBPS, EST\u00c1 DISE\u00d1ADO PARA CONECTAR SU LAPTOP O DESKTOP A UNA RED INAL\u00c1MBRICA Y PARA DISFRUTAR UN DESEMPE\u00d1O INAL\u00c1MBRICO DE ALTA VELOCIDAD. EL DISE\u00d1O DEL TAMA\u00d1O LO CONVIERTE EN SENCILLO DE DE LLEVAR CONSIGO.- CON VELOCIDADES INAL\u00c1MBRICAS DE HASTA 300MBPS.\" \/>\n<meta property=\"og:url\" content=\"https:\/\/www.tiendairontech.cl\/index.php\/producto\/adaptador-wifi-usb-300mb-tplink\/\" \/>\n<meta property=\"article:modified_time\" content=\"2024-05-23T19:16:48+00:00\" \/>\n<meta property=\"og:image\" content=\"https:\/\/www.tiendairontech.cl\/wp-content\/uploads\/2021\/08\/COMRED11.jpg.jpg\" \/>\n\t<meta property=\"og:image:width\" content=\"400\" \/>\n\t<meta property=\"og:image:height\" content=\"398\" \/>\n\t<meta property=\"og:image:type\" content=\"image\/jpeg\" \/>\n<meta name=\"twitter:card\" content=\"summary_large_image\" \/>\n<script type=\"application\/ld+json\" class=\"yoast-schema-graph\">{\"@context\":\"https:\\\/\\\/schema.org\",\"@graph\":[{\"@type\":\"WebPage\",\"@id\":\"https:\\\/\\\/www.tiendairontech.cl\\\/index.php\\\/producto\\\/adaptador-wifi-usb-300mb-tplink\\\/\",\"url\":\"https:\\\/\\\/www.tiendairontech.cl\\\/index.php\\\/producto\\\/adaptador-wifi-usb-300mb-tplink\\\/\",\"name\":\"ANTENA WIFI USB TP LINK NANO SIZE AC600 -\",\"isPartOf\":{\"@id\":\"https:\\\/\\\/www.tiendairontech.cl\\\/#website\"},\"primaryImageOfPage\":{\"@id\":\"https:\\\/\\\/www.tiendairontech.cl\\\/index.php\\\/producto\\\/adaptador-wifi-usb-300mb-tplink\\\/#primaryimage\"},\"image\":{\"@id\":\"https:\\\/\\\/www.tiendairontech.cl\\\/index.php\\\/producto\\\/adaptador-wifi-usb-300mb-tplink\\\/#primaryimage\"},\"thumbnailUrl\":\"https:\\\/\\\/www.tiendairontech.cl\\\/wp-content\\\/uploads\\\/2021\\\/08\\\/COMRED11.jpg.jpg\",\"datePublished\":\"2021-08-10T19:42:34+00:00\",\"dateModified\":\"2024-05-23T19:16:48+00:00\",\"breadcrumb\":{\"@id\":\"https:\\\/\\\/www.tiendairontech.cl\\\/index.php\\\/producto\\\/adaptador-wifi-usb-300mb-tplink\\\/#breadcrumb\"},\"inLanguage\":\"es-CL\",\"potentialAction\":[{\"@type\":\"ReadAction\",\"target\":[\"https:\\\/\\\/www.tiendairontech.cl\\\/index.php\\\/producto\\\/adaptador-wifi-usb-300mb-tplink\\\/\"]}]},{\"@type\":\"ImageObject\",\"inLanguage\":\"es-CL\",\"@id\":\"https:\\\/\\\/www.tiendairontech.cl\\\/index.php\\\/producto\\\/adaptador-wifi-usb-300mb-tplink\\\/#primaryimage\",\"url\":\"https:\\\/\\\/www.tiendairontech.cl\\\/wp-content\\\/uploads\\\/2021\\\/08\\\/COMRED11.jpg.jpg\",\"contentUrl\":\"https:\\\/\\\/www.tiendairontech.cl\\\/wp-content\\\/uploads\\\/2021\\\/08\\\/COMRED11.jpg.jpg\",\"width\":400,\"height\":398},{\"@type\":\"BreadcrumbList\",\"@id\":\"https:\\\/\\\/www.tiendairontech.cl\\\/index.php\\\/producto\\\/adaptador-wifi-usb-300mb-tplink\\\/#breadcrumb\",\"itemListElement\":[{\"@type\":\"ListItem\",\"position\":1,\"name\":\"Portada\",\"item\":\"https:\\\/\\\/www.tiendairontech.cl\\\/\"},{\"@type\":\"ListItem\",\"position\":2,\"name\":\"Tienda\",\"item\":\"https:\\\/\\\/www.tiendairontech.cl\\\/?page_id=11\"},{\"@type\":\"ListItem\",\"position\":3,\"name\":\"ANTENA WIFI USB TP LINK NANO SIZE AC600\"}]},{\"@type\":\"WebSite\",\"@id\":\"https:\\\/\\\/www.tiendairontech.cl\\\/#website\",\"url\":\"https:\\\/\\\/www.tiendairontech.cl\\\/\",\"name\":\"\",\"description\":\"\",\"potentialAction\":[{\"@type\":\"SearchAction\",\"target\":{\"@type\":\"EntryPoint\",\"urlTemplate\":\"https:\\\/\\\/www.tiendairontech.cl\\\/?s={search_term_string}\"},\"query-input\":{\"@type\":\"PropertyValueSpecification\",\"valueRequired\":true,\"valueName\":\"search_term_string\"}}],\"inLanguage\":\"es-CL\"}]}<\/script>\n<!-- \/ Yoast SEO plugin. -->","yoast_head_json":{"title":"ANTENA WIFI USB TP LINK NANO SIZE AC600 -","robots":{"index":"index","follow":"follow","max-snippet":"max-snippet:-1","max-image-preview":"max-image-preview:large","max-video-preview":"max-video-preview:-1"},"canonical":"https:\/\/www.tiendairontech.cl\/index.php\/producto\/adaptador-wifi-usb-300mb-tplink\/","og_locale":"es_ES","og_type":"article","og_title":"ANTENA WIFI USB TP LINK NANO SIZE AC600 -","og_description":"EL MINI ADAPTADOR USB INAL\u00c1MBRICO N DE 300MBPS, EST\u00c1 DISE\u00d1ADO PARA CONECTAR SU LAPTOP O DESKTOP A UNA RED INAL\u00c1MBRICA Y PARA DISFRUTAR UN DESEMPE\u00d1O INAL\u00c1MBRICO DE ALTA VELOCIDAD. EL DISE\u00d1O DEL TAMA\u00d1O LO CONVIERTE EN SENCILLO DE DE LLEVAR CONSIGO.- CON VELOCIDADES INAL\u00c1MBRICAS DE HASTA 300MBPS.","og_url":"https:\/\/www.tiendairontech.cl\/index.php\/producto\/adaptador-wifi-usb-300mb-tplink\/","article_modified_time":"2024-05-23T19:16:48+00:00","og_image":[{"width":400,"height":398,"url":"https:\/\/www.tiendairontech.cl\/wp-content\/uploads\/2021\/08\/COMRED11.jpg.jpg","type":"image\/jpeg"}],"twitter_card":"summary_large_image","schema":{"@context":"https:\/\/schema.org","@graph":[{"@type":"WebPage","@id":"https:\/\/www.tiendairontech.cl\/index.php\/producto\/adaptador-wifi-usb-300mb-tplink\/","url":"https:\/\/www.tiendairontech.cl\/index.php\/producto\/adaptador-wifi-usb-300mb-tplink\/","name":"ANTENA WIFI USB TP LINK NANO SIZE AC600 -","isPartOf":{"@id":"https:\/\/www.tiendairontech.cl\/#website"},"primaryImageOfPage":{"@id":"https:\/\/www.tiendairontech.cl\/index.php\/producto\/adaptador-wifi-usb-300mb-tplink\/#primaryimage"},"image":{"@id":"https:\/\/www.tiendairontech.cl\/index.php\/producto\/adaptador-wifi-usb-300mb-tplink\/#primaryimage"},"thumbnailUrl":"https:\/\/www.tiendairontech.cl\/wp-content\/uploads\/2021\/08\/COMRED11.jpg.jpg","datePublished":"2021-08-10T19:42:34+00:00","dateModified":"2024-05-23T19:16:48+00:00","breadcrumb":{"@id":"https:\/\/www.tiendairontech.cl\/index.php\/producto\/adaptador-wifi-usb-300mb-tplink\/#breadcrumb"},"inLanguage":"es-CL","potentialAction":[{"@type":"ReadAction","target":["https:\/\/www.tiendairontech.cl\/index.php\/producto\/adaptador-wifi-usb-300mb-tplink\/"]}]},{"@type":"ImageObject","inLanguage":"es-CL","@id":"https:\/\/www.tiendairontech.cl\/index.php\/producto\/adaptador-wifi-usb-300mb-tplink\/#primaryimage","url":"https:\/\/www.tiendairontech.cl\/wp-content\/uploads\/2021\/08\/COMRED11.jpg.jpg","contentUrl":"https:\/\/www.tiendairontech.cl\/wp-content\/uploads\/2021\/08\/COMRED11.jpg.jpg","width":400,"height":398},{"@type":"BreadcrumbList","@id":"https:\/\/www.tiendairontech.cl\/index.php\/producto\/adaptador-wifi-usb-300mb-tplink\/#breadcrumb","itemListElement":[{"@type":"ListItem","position":1,"name":"Portada","item":"https:\/\/www.tiendairontech.cl\/"},{"@type":"ListItem","position":2,"name":"Tienda","item":"https:\/\/www.tiendairontech.cl\/?page_id=11"},{"@type":"ListItem","position":3,"name":"ANTENA WIFI USB TP LINK NANO SIZE AC600"}]},{"@type":"WebSite","@id":"https:\/\/www.tiendairontech.cl\/#website","url":"https:\/\/www.tiendairontech.cl\/","name":"","description":"","potentialAction":[{"@type":"SearchAction","target":{"@type":"EntryPoint","urlTemplate":"https:\/\/www.tiendairontech.cl\/?s={search_term_string}"},"query-input":{"@type":"PropertyValueSpecification","valueRequired":true,"valueName":"search_term_string"}}],"inLanguage":"es-CL"}]}},"_links":{"self":[{"href":"https:\/\/www.tiendairontech.cl\/index.php\/wp-json\/wp\/v2\/product\/1337","targetHints":{"allow":["GET"]}}],"collection":[{"href":"https:\/\/www.tiendairontech.cl\/index.php\/wp-json\/wp\/v2\/product"}],"about":[{"href":"https:\/\/www.tiendairontech.cl\/index.php\/wp-json\/wp\/v2\/types\/product"}],"replies":[{"embeddable":true,"href":"https:\/\/www.tiendairontech.cl\/index.php\/wp-json\/wp\/v2\/comments?post=1337"}],"wp:featuredmedia":[{"embeddable":true,"href":"https:\/\/www.tiendairontech.cl\/index.php\/wp-json\/wp\/v2\/media\/959"}],"wp:attachment":[{"href":"https:\/\/www.tiendairontech.cl\/index.php\/wp-json\/wp\/v2\/media?parent=1337"}],"wp:term":[{"taxonomy":"product_brand","embeddable":true,"href":"https:\/\/www.tiendairontech.cl\/index.php\/wp-json\/wp\/v2\/product_brand?post=1337"},{"taxonomy":"product_cat","embeddable":true,"href":"https:\/\/www.tiendairontech.cl\/index.php\/wp-json\/wp\/v2\/product_cat?post=1337"},{"taxonomy":"product_tag","embeddable":true,"href":"https:\/\/www.tiendairontech.cl\/index.php\/wp-json\/wp\/v2\/product_tag?post=1337"}],"curies":[{"name":"wp","href":"https:\/\/api.w.org\/{rel}","templated":true}]}}