{"id":1338,"date":"2021-08-10T19:42:34","date_gmt":"2021-08-10T19:42:34","guid":{"rendered":"https:\/\/www.tiendairontech.cl\/index.php\/producto\/gaming-mouse-m100s\/"},"modified":"2021-09-10T21:02:55","modified_gmt":"2021-09-10T21:02:55","slug":"gaming-mouse-m100s","status":"publish","type":"product","link":"https:\/\/www.tiendairontech.cl\/index.php\/producto\/gaming-mouse-m100s\/","title":{"rendered":"GAMING MOUSE M100S"},"content":{"rendered":"","protected":false},"excerpt":{"rendered":"<p>MOUSE DE JUEGO HP M100 NEGRO PARA JUEGOS M100AJUSTE SU CONFIGURACI\u00d3N DE DPI (1,000 Y 1,600 DPI) PARA UNA ORIENTACI\u00d3N M\u00c1S PRECISA, MAYOR MANIOBRABILIDAD O VELOCIDAD M\u00c1XIMA.<\/p>\n","protected":false},"featured_media":961,"comment_status":"open","ping_status":"closed","template":"","meta":[],"product_cat":[71],"product_tag":[],"class_list":{"0":"post-1338","1":"product","2":"type-product","3":"status-publish","4":"has-post-thumbnail","6":"product_cat-teclados_mouse","8":"first","9":"instock","10":"taxable","11":"shipping-taxable","12":"purchasable","13":"product-type-simple"},"yoast_head":"<!-- This site is optimized with the Yoast SEO plugin v22.7 - https:\/\/yoast.com\/wordpress\/plugins\/seo\/ -->\n<title>GAMING MOUSE M100S -<\/title>\n<meta name=\"robots\" content=\"index, follow, max-snippet:-1, max-image-preview:large, max-video-preview:-1\" \/>\n<link rel=\"canonical\" href=\"https:\/\/www.tiendairontech.cl\/index.php\/producto\/gaming-mouse-m100s\/\" \/>\n<meta property=\"og:locale\" content=\"es_ES\" \/>\n<meta property=\"og:type\" content=\"article\" \/>\n<meta property=\"og:title\" content=\"GAMING MOUSE M100S -\" \/>\n<meta property=\"og:description\" content=\"MOUSE DE JUEGO HP M100 NEGRO PARA JUEGOS M100AJUSTE SU CONFIGURACI\u00d3N DE DPI (1,000 Y 1,600 DPI) PARA UNA ORIENTACI\u00d3N M\u00c1S PRECISA, MAYOR MANIOBRABILIDAD O VELOCIDAD M\u00c1XIMA.\" \/>\n<meta property=\"og:url\" content=\"https:\/\/www.tiendairontech.cl\/index.php\/producto\/gaming-mouse-m100s\/\" \/>\n<meta property=\"article:modified_time\" content=\"2021-09-10T21:02:55+00:00\" \/>\n<meta property=\"og:image\" content=\"https:\/\/www.tiendairontech.cl\/wp-content\/uploads\/2021\/08\/COMTEC1.jpg.jpg\" \/>\n\t<meta property=\"og:image:width\" content=\"196\" \/>\n\t<meta property=\"og:image:height\" content=\"196\" \/>\n\t<meta property=\"og:image:type\" content=\"image\/jpeg\" \/>\n<meta name=\"twitter:card\" content=\"summary_large_image\" \/>\n<script type=\"application\/ld+json\" class=\"yoast-schema-graph\">{\"@context\":\"https:\/\/schema.org\",\"@graph\":[{\"@type\":\"WebPage\",\"@id\":\"https:\/\/www.tiendairontech.cl\/index.php\/producto\/gaming-mouse-m100s\/\",\"url\":\"https:\/\/www.tiendairontech.cl\/index.php\/producto\/gaming-mouse-m100s\/\",\"name\":\"GAMING MOUSE M100S -\",\"isPartOf\":{\"@id\":\"https:\/\/www.tiendairontech.cl\/#website\"},\"primaryImageOfPage\":{\"@id\":\"https:\/\/www.tiendairontech.cl\/index.php\/producto\/gaming-mouse-m100s\/#primaryimage\"},\"image\":{\"@id\":\"https:\/\/www.tiendairontech.cl\/index.php\/producto\/gaming-mouse-m100s\/#primaryimage\"},\"thumbnailUrl\":\"https:\/\/www.tiendairontech.cl\/wp-content\/uploads\/2021\/08\/COMTEC1.jpg.jpg\",\"datePublished\":\"2021-08-10T19:42:34+00:00\",\"dateModified\":\"2021-09-10T21:02:55+00:00\",\"breadcrumb\":{\"@id\":\"https:\/\/www.tiendairontech.cl\/index.php\/producto\/gaming-mouse-m100s\/#breadcrumb\"},\"inLanguage\":\"es-CL\",\"potentialAction\":[{\"@type\":\"ReadAction\",\"target\":[\"https:\/\/www.tiendairontech.cl\/index.php\/producto\/gaming-mouse-m100s\/\"]}]},{\"@type\":\"ImageObject\",\"inLanguage\":\"es-CL\",\"@id\":\"https:\/\/www.tiendairontech.cl\/index.php\/producto\/gaming-mouse-m100s\/#primaryimage\",\"url\":\"https:\/\/www.tiendairontech.cl\/wp-content\/uploads\/2021\/08\/COMTEC1.jpg.jpg\",\"contentUrl\":\"https:\/\/www.tiendairontech.cl\/wp-content\/uploads\/2021\/08\/COMTEC1.jpg.jpg\",\"width\":196,\"height\":196},{\"@type\":\"BreadcrumbList\",\"@id\":\"https:\/\/www.tiendairontech.cl\/index.php\/producto\/gaming-mouse-m100s\/#breadcrumb\",\"itemListElement\":[{\"@type\":\"ListItem\",\"position\":1,\"name\":\"Portada\",\"item\":\"https:\/\/www.tiendairontech.cl\/\"},{\"@type\":\"ListItem\",\"position\":2,\"name\":\"Tienda\",\"item\":\"https:\/\/www.tiendairontech.cl\/?page_id=11\"},{\"@type\":\"ListItem\",\"position\":3,\"name\":\"GAMING MOUSE M100S\"}]},{\"@type\":\"WebSite\",\"@id\":\"https:\/\/www.tiendairontech.cl\/#website\",\"url\":\"https:\/\/www.tiendairontech.cl\/\",\"name\":\"\",\"description\":\"\",\"potentialAction\":[{\"@type\":\"SearchAction\",\"target\":{\"@type\":\"EntryPoint\",\"urlTemplate\":\"https:\/\/www.tiendairontech.cl\/?s={search_term_string}\"},\"query-input\":\"required name=search_term_string\"}],\"inLanguage\":\"es-CL\"}]}<\/script>\n<!-- \/ Yoast SEO plugin. -->","yoast_head_json":{"title":"GAMING MOUSE M100S -","robots":{"index":"index","follow":"follow","max-snippet":"max-snippet:-1","max-image-preview":"max-image-preview:large","max-video-preview":"max-video-preview:-1"},"canonical":"https:\/\/www.tiendairontech.cl\/index.php\/producto\/gaming-mouse-m100s\/","og_locale":"es_ES","og_type":"article","og_title":"GAMING MOUSE M100S -","og_description":"MOUSE DE JUEGO HP M100 NEGRO PARA JUEGOS M100AJUSTE SU CONFIGURACI\u00d3N DE DPI (1,000 Y 1,600 DPI) PARA UNA ORIENTACI\u00d3N M\u00c1S PRECISA, MAYOR MANIOBRABILIDAD O VELOCIDAD M\u00c1XIMA.","og_url":"https:\/\/www.tiendairontech.cl\/index.php\/producto\/gaming-mouse-m100s\/","article_modified_time":"2021-09-10T21:02:55+00:00","og_image":[{"width":196,"height":196,"url":"https:\/\/www.tiendairontech.cl\/wp-content\/uploads\/2021\/08\/COMTEC1.jpg.jpg","type":"image\/jpeg"}],"twitter_card":"summary_large_image","schema":{"@context":"https:\/\/schema.org","@graph":[{"@type":"WebPage","@id":"https:\/\/www.tiendairontech.cl\/index.php\/producto\/gaming-mouse-m100s\/","url":"https:\/\/www.tiendairontech.cl\/index.php\/producto\/gaming-mouse-m100s\/","name":"GAMING MOUSE M100S -","isPartOf":{"@id":"https:\/\/www.tiendairontech.cl\/#website"},"primaryImageOfPage":{"@id":"https:\/\/www.tiendairontech.cl\/index.php\/producto\/gaming-mouse-m100s\/#primaryimage"},"image":{"@id":"https:\/\/www.tiendairontech.cl\/index.php\/producto\/gaming-mouse-m100s\/#primaryimage"},"thumbnailUrl":"https:\/\/www.tiendairontech.cl\/wp-content\/uploads\/2021\/08\/COMTEC1.jpg.jpg","datePublished":"2021-08-10T19:42:34+00:00","dateModified":"2021-09-10T21:02:55+00:00","breadcrumb":{"@id":"https:\/\/www.tiendairontech.cl\/index.php\/producto\/gaming-mouse-m100s\/#breadcrumb"},"inLanguage":"es-CL","potentialAction":[{"@type":"ReadAction","target":["https:\/\/www.tiendairontech.cl\/index.php\/producto\/gaming-mouse-m100s\/"]}]},{"@type":"ImageObject","inLanguage":"es-CL","@id":"https:\/\/www.tiendairontech.cl\/index.php\/producto\/gaming-mouse-m100s\/#primaryimage","url":"https:\/\/www.tiendairontech.cl\/wp-content\/uploads\/2021\/08\/COMTEC1.jpg.jpg","contentUrl":"https:\/\/www.tiendairontech.cl\/wp-content\/uploads\/2021\/08\/COMTEC1.jpg.jpg","width":196,"height":196},{"@type":"BreadcrumbList","@id":"https:\/\/www.tiendairontech.cl\/index.php\/producto\/gaming-mouse-m100s\/#breadcrumb","itemListElement":[{"@type":"ListItem","position":1,"name":"Portada","item":"https:\/\/www.tiendairontech.cl\/"},{"@type":"ListItem","position":2,"name":"Tienda","item":"https:\/\/www.tiendairontech.cl\/?page_id=11"},{"@type":"ListItem","position":3,"name":"GAMING MOUSE M100S"}]},{"@type":"WebSite","@id":"https:\/\/www.tiendairontech.cl\/#website","url":"https:\/\/www.tiendairontech.cl\/","name":"","description":"","potentialAction":[{"@type":"SearchAction","target":{"@type":"EntryPoint","urlTemplate":"https:\/\/www.tiendairontech.cl\/?s={search_term_string}"},"query-input":"required name=search_term_string"}],"inLanguage":"es-CL"}]}},"_links":{"self":[{"href":"https:\/\/www.tiendairontech.cl\/index.php\/wp-json\/wp\/v2\/product\/1338","targetHints":{"allow":["GET"]}}],"collection":[{"href":"https:\/\/www.tiendairontech.cl\/index.php\/wp-json\/wp\/v2\/product"}],"about":[{"href":"https:\/\/www.tiendairontech.cl\/index.php\/wp-json\/wp\/v2\/types\/product"}],"replies":[{"embeddable":true,"href":"https:\/\/www.tiendairontech.cl\/index.php\/wp-json\/wp\/v2\/comments?post=1338"}],"wp:featuredmedia":[{"embeddable":true,"href":"https:\/\/www.tiendairontech.cl\/index.php\/wp-json\/wp\/v2\/media\/961"}],"wp:attachment":[{"href":"https:\/\/www.tiendairontech.cl\/index.php\/wp-json\/wp\/v2\/media?parent=1338"}],"wp:term":[{"taxonomy":"product_cat","embeddable":true,"href":"https:\/\/www.tiendairontech.cl\/index.php\/wp-json\/wp\/v2\/product_cat?post=1338"},{"taxonomy":"product_tag","embeddable":true,"href":"https:\/\/www.tiendairontech.cl\/index.php\/wp-json\/wp\/v2\/product_tag?post=1338"}],"curies":[{"name":"wp","href":"https:\/\/api.w.org\/{rel}","templated":true}]}}