{"id":1440,"date":"2021-08-10T23:07:01","date_gmt":"2021-08-10T23:07:01","guid":{"rendered":"https:\/\/www.tiendairontech.cl\/index.php\/producto\/audifono-gamer-hp-headset\/"},"modified":"2026-01-08T19:34:22","modified_gmt":"2026-01-08T19:34:22","slug":"audifono-gamer-hp-headset","status":"publish","type":"product","link":"https:\/\/www.tiendairontech.cl\/index.php\/producto\/audifono-gamer-hp-headset\/","title":{"rendered":"AUDIFONO GAMER HP HEADSET"},"content":{"rendered":"","protected":false},"excerpt":{"rendered":"<p>AUD\u00cdFONOS GAMER HP PC-PS4-XBOX-ONE LOS AURICULARES PARA JUEGOS HP BRINDAN COMODIDAD Y VERSATILIDAD PARA TODAS SUS NECESIDADES DE ENTRETENIMIENTO DE AUDIO Y JUEGOS.DISE\u00d1O ERGON\u00d3MICO, VINCHA AJUSTABLE.ADECUADO PARA TODOS LOS DISPOSITIVOS CON CONECTOR DE AUDIO 3.5, CON AJUSTE DE VOLUMEN INTEGRADO EN LA FUNDA.DISE\u00d1O DE M\u00c1SCARA DE O\u00cdDO PERSONALIZADO, SUTURA INTEGRADA DE PIEL DE PROTE\u00cdNA, C\u00d3MODO DE LLEVAR.<\/p>\n","protected":false},"featured_media":1439,"comment_status":"open","ping_status":"closed","template":"","meta":[],"product_brand":[],"product_cat":[106],"product_tag":[],"class_list":{"0":"post-1440","1":"product","2":"type-product","3":"status-publish","4":"has-post-thumbnail","6":"product_cat-index_audifonos","8":"first","9":"outofstock","10":"taxable","11":"shipping-taxable","12":"purchasable","13":"product-type-simple"},"yoast_head":"<!-- This site is optimized with the Yoast SEO plugin v27.4 - https:\/\/yoast.com\/product\/yoast-seo-wordpress\/ -->\n<title>AUDIFONO GAMER HP HEADSET -<\/title>\n<meta name=\"robots\" content=\"index, follow, max-snippet:-1, max-image-preview:large, max-video-preview:-1\" \/>\n<link rel=\"canonical\" href=\"https:\/\/www.tiendairontech.cl\/index.php\/producto\/audifono-gamer-hp-headset\/\" \/>\n<meta property=\"og:locale\" content=\"es_ES\" \/>\n<meta property=\"og:type\" content=\"article\" \/>\n<meta property=\"og:title\" content=\"AUDIFONO GAMER HP HEADSET -\" \/>\n<meta property=\"og:description\" content=\"AUD\u00cdFONOS GAMER HP PC-PS4-XBOX-ONE LOS AURICULARES PARA JUEGOS HP BRINDAN COMODIDAD Y VERSATILIDAD PARA TODAS SUS NECESIDADES DE ENTRETENIMIENTO DE AUDIO Y JUEGOS.DISE\u00d1O ERGON\u00d3MICO, VINCHA AJUSTABLE.ADECUADO PARA TODOS LOS DISPOSITIVOS CON CONECTOR DE AUDIO 3.5, CON AJUSTE DE VOLUMEN INTEGRADO EN LA FUNDA.DISE\u00d1O DE M\u00c1SCARA DE O\u00cdDO PERSONALIZADO, SUTURA INTEGRADA DE PIEL DE PROTE\u00cdNA, C\u00d3MODO DE LLEVAR.\" \/>\n<meta property=\"og:url\" content=\"https:\/\/www.tiendairontech.cl\/index.php\/producto\/audifono-gamer-hp-headset\/\" \/>\n<meta property=\"article:modified_time\" content=\"2026-01-08T19:34:22+00:00\" \/>\n<meta property=\"og:image\" content=\"https:\/\/www.tiendairontech.cl\/wp-content\/uploads\/2021\/08\/ELEAUD1.jpg.jpg\" \/>\n\t<meta property=\"og:image:width\" content=\"196\" \/>\n\t<meta property=\"og:image:height\" content=\"196\" \/>\n\t<meta property=\"og:image:type\" content=\"image\/jpeg\" \/>\n<meta name=\"twitter:card\" content=\"summary_large_image\" \/>\n<meta name=\"twitter:label1\" content=\"Tiempo estimado de lectura\" \/>\n\t<meta name=\"twitter:data1\" content=\"1 minuto\" \/>\n<script type=\"application\/ld+json\" class=\"yoast-schema-graph\">{\"@context\":\"https:\\\/\\\/schema.org\",\"@graph\":[{\"@type\":\"WebPage\",\"@id\":\"https:\\\/\\\/www.tiendairontech.cl\\\/index.php\\\/producto\\\/audifono-gamer-hp-headset\\\/\",\"url\":\"https:\\\/\\\/www.tiendairontech.cl\\\/index.php\\\/producto\\\/audifono-gamer-hp-headset\\\/\",\"name\":\"AUDIFONO GAMER HP HEADSET -\",\"isPartOf\":{\"@id\":\"https:\\\/\\\/www.tiendairontech.cl\\\/#website\"},\"primaryImageOfPage\":{\"@id\":\"https:\\\/\\\/www.tiendairontech.cl\\\/index.php\\\/producto\\\/audifono-gamer-hp-headset\\\/#primaryimage\"},\"image\":{\"@id\":\"https:\\\/\\\/www.tiendairontech.cl\\\/index.php\\\/producto\\\/audifono-gamer-hp-headset\\\/#primaryimage\"},\"thumbnailUrl\":\"https:\\\/\\\/www.tiendairontech.cl\\\/wp-content\\\/uploads\\\/2021\\\/08\\\/ELEAUD1.jpg.jpg\",\"datePublished\":\"2021-08-10T23:07:01+00:00\",\"dateModified\":\"2026-01-08T19:34:22+00:00\",\"breadcrumb\":{\"@id\":\"https:\\\/\\\/www.tiendairontech.cl\\\/index.php\\\/producto\\\/audifono-gamer-hp-headset\\\/#breadcrumb\"},\"inLanguage\":\"es-CL\",\"potentialAction\":[{\"@type\":\"ReadAction\",\"target\":[\"https:\\\/\\\/www.tiendairontech.cl\\\/index.php\\\/producto\\\/audifono-gamer-hp-headset\\\/\"]}]},{\"@type\":\"ImageObject\",\"inLanguage\":\"es-CL\",\"@id\":\"https:\\\/\\\/www.tiendairontech.cl\\\/index.php\\\/producto\\\/audifono-gamer-hp-headset\\\/#primaryimage\",\"url\":\"https:\\\/\\\/www.tiendairontech.cl\\\/wp-content\\\/uploads\\\/2021\\\/08\\\/ELEAUD1.jpg.jpg\",\"contentUrl\":\"https:\\\/\\\/www.tiendairontech.cl\\\/wp-content\\\/uploads\\\/2021\\\/08\\\/ELEAUD1.jpg.jpg\",\"width\":196,\"height\":196},{\"@type\":\"BreadcrumbList\",\"@id\":\"https:\\\/\\\/www.tiendairontech.cl\\\/index.php\\\/producto\\\/audifono-gamer-hp-headset\\\/#breadcrumb\",\"itemListElement\":[{\"@type\":\"ListItem\",\"position\":1,\"name\":\"Portada\",\"item\":\"https:\\\/\\\/www.tiendairontech.cl\\\/\"},{\"@type\":\"ListItem\",\"position\":2,\"name\":\"Tienda\",\"item\":\"https:\\\/\\\/www.tiendairontech.cl\\\/?page_id=11\"},{\"@type\":\"ListItem\",\"position\":3,\"name\":\"AUDIFONO GAMER HP HEADSET\"}]},{\"@type\":\"WebSite\",\"@id\":\"https:\\\/\\\/www.tiendairontech.cl\\\/#website\",\"url\":\"https:\\\/\\\/www.tiendairontech.cl\\\/\",\"name\":\"\",\"description\":\"\",\"potentialAction\":[{\"@type\":\"SearchAction\",\"target\":{\"@type\":\"EntryPoint\",\"urlTemplate\":\"https:\\\/\\\/www.tiendairontech.cl\\\/?s={search_term_string}\"},\"query-input\":{\"@type\":\"PropertyValueSpecification\",\"valueRequired\":true,\"valueName\":\"search_term_string\"}}],\"inLanguage\":\"es-CL\"}]}<\/script>\n<!-- \/ Yoast SEO plugin. -->","yoast_head_json":{"title":"AUDIFONO GAMER HP HEADSET -","robots":{"index":"index","follow":"follow","max-snippet":"max-snippet:-1","max-image-preview":"max-image-preview:large","max-video-preview":"max-video-preview:-1"},"canonical":"https:\/\/www.tiendairontech.cl\/index.php\/producto\/audifono-gamer-hp-headset\/","og_locale":"es_ES","og_type":"article","og_title":"AUDIFONO GAMER HP HEADSET -","og_description":"AUD\u00cdFONOS GAMER HP PC-PS4-XBOX-ONE LOS AURICULARES PARA JUEGOS HP BRINDAN COMODIDAD Y VERSATILIDAD PARA TODAS SUS NECESIDADES DE ENTRETENIMIENTO DE AUDIO Y JUEGOS.DISE\u00d1O ERGON\u00d3MICO, VINCHA AJUSTABLE.ADECUADO PARA TODOS LOS DISPOSITIVOS CON CONECTOR DE AUDIO 3.5, CON AJUSTE DE VOLUMEN INTEGRADO EN LA FUNDA.DISE\u00d1O DE M\u00c1SCARA DE O\u00cdDO PERSONALIZADO, SUTURA INTEGRADA DE PIEL DE PROTE\u00cdNA, C\u00d3MODO DE LLEVAR.","og_url":"https:\/\/www.tiendairontech.cl\/index.php\/producto\/audifono-gamer-hp-headset\/","article_modified_time":"2026-01-08T19:34:22+00:00","og_image":[{"width":196,"height":196,"url":"https:\/\/www.tiendairontech.cl\/wp-content\/uploads\/2021\/08\/ELEAUD1.jpg.jpg","type":"image\/jpeg"}],"twitter_card":"summary_large_image","twitter_misc":{"Tiempo estimado de lectura":"1 minuto"},"schema":{"@context":"https:\/\/schema.org","@graph":[{"@type":"WebPage","@id":"https:\/\/www.tiendairontech.cl\/index.php\/producto\/audifono-gamer-hp-headset\/","url":"https:\/\/www.tiendairontech.cl\/index.php\/producto\/audifono-gamer-hp-headset\/","name":"AUDIFONO GAMER HP HEADSET -","isPartOf":{"@id":"https:\/\/www.tiendairontech.cl\/#website"},"primaryImageOfPage":{"@id":"https:\/\/www.tiendairontech.cl\/index.php\/producto\/audifono-gamer-hp-headset\/#primaryimage"},"image":{"@id":"https:\/\/www.tiendairontech.cl\/index.php\/producto\/audifono-gamer-hp-headset\/#primaryimage"},"thumbnailUrl":"https:\/\/www.tiendairontech.cl\/wp-content\/uploads\/2021\/08\/ELEAUD1.jpg.jpg","datePublished":"2021-08-10T23:07:01+00:00","dateModified":"2026-01-08T19:34:22+00:00","breadcrumb":{"@id":"https:\/\/www.tiendairontech.cl\/index.php\/producto\/audifono-gamer-hp-headset\/#breadcrumb"},"inLanguage":"es-CL","potentialAction":[{"@type":"ReadAction","target":["https:\/\/www.tiendairontech.cl\/index.php\/producto\/audifono-gamer-hp-headset\/"]}]},{"@type":"ImageObject","inLanguage":"es-CL","@id":"https:\/\/www.tiendairontech.cl\/index.php\/producto\/audifono-gamer-hp-headset\/#primaryimage","url":"https:\/\/www.tiendairontech.cl\/wp-content\/uploads\/2021\/08\/ELEAUD1.jpg.jpg","contentUrl":"https:\/\/www.tiendairontech.cl\/wp-content\/uploads\/2021\/08\/ELEAUD1.jpg.jpg","width":196,"height":196},{"@type":"BreadcrumbList","@id":"https:\/\/www.tiendairontech.cl\/index.php\/producto\/audifono-gamer-hp-headset\/#breadcrumb","itemListElement":[{"@type":"ListItem","position":1,"name":"Portada","item":"https:\/\/www.tiendairontech.cl\/"},{"@type":"ListItem","position":2,"name":"Tienda","item":"https:\/\/www.tiendairontech.cl\/?page_id=11"},{"@type":"ListItem","position":3,"name":"AUDIFONO GAMER HP HEADSET"}]},{"@type":"WebSite","@id":"https:\/\/www.tiendairontech.cl\/#website","url":"https:\/\/www.tiendairontech.cl\/","name":"","description":"","potentialAction":[{"@type":"SearchAction","target":{"@type":"EntryPoint","urlTemplate":"https:\/\/www.tiendairontech.cl\/?s={search_term_string}"},"query-input":{"@type":"PropertyValueSpecification","valueRequired":true,"valueName":"search_term_string"}}],"inLanguage":"es-CL"}]}},"_links":{"self":[{"href":"https:\/\/www.tiendairontech.cl\/index.php\/wp-json\/wp\/v2\/product\/1440","targetHints":{"allow":["GET"]}}],"collection":[{"href":"https:\/\/www.tiendairontech.cl\/index.php\/wp-json\/wp\/v2\/product"}],"about":[{"href":"https:\/\/www.tiendairontech.cl\/index.php\/wp-json\/wp\/v2\/types\/product"}],"replies":[{"embeddable":true,"href":"https:\/\/www.tiendairontech.cl\/index.php\/wp-json\/wp\/v2\/comments?post=1440"}],"wp:featuredmedia":[{"embeddable":true,"href":"https:\/\/www.tiendairontech.cl\/index.php\/wp-json\/wp\/v2\/media\/1439"}],"wp:attachment":[{"href":"https:\/\/www.tiendairontech.cl\/index.php\/wp-json\/wp\/v2\/media?parent=1440"}],"wp:term":[{"taxonomy":"product_brand","embeddable":true,"href":"https:\/\/www.tiendairontech.cl\/index.php\/wp-json\/wp\/v2\/product_brand?post=1440"},{"taxonomy":"product_cat","embeddable":true,"href":"https:\/\/www.tiendairontech.cl\/index.php\/wp-json\/wp\/v2\/product_cat?post=1440"},{"taxonomy":"product_tag","embeddable":true,"href":"https:\/\/www.tiendairontech.cl\/index.php\/wp-json\/wp\/v2\/product_tag?post=1440"}],"curies":[{"name":"wp","href":"https:\/\/api.w.org\/{rel}","templated":true}]}}