{"id":1462,"date":"2021-08-10T23:07:03","date_gmt":"2021-08-10T23:07:03","guid":{"rendered":"https:\/\/www.tiendairontech.cl\/index.php\/producto\/audifono-philips-taue101-blanco\/"},"modified":"2026-01-08T19:41:12","modified_gmt":"2026-01-08T19:41:12","slug":"audifono-philips-taue101-blanco","status":"publish","type":"product","link":"https:\/\/www.tiendairontech.cl\/index.php\/producto\/audifono-philips-taue101-blanco\/","title":{"rendered":"AUDIFONO PHILIPS TAUE101 BLANCO"},"content":{"rendered":"","protected":false},"excerpt":{"rendered":"<p>AUDIFONO CON MICROFONO PHILIPS TAUE101 LA FORMA OVALADA DE ESTOS LIGEROS AURICULARES PERMITIR\u00c1 QUE PUEDAS SEGUIR DISFRUTANDO DEL SONIDO CON TODA LA COMODIDAD. EL MANDO INTEGRADO HACE QUE SEA M\u00c1S F\u00c1CIL RESPONDER LLAMADAS O PONER LA M\u00daSICA EN PAUSA SIN TOCAR EL SMARTPHONE.<\/p>\n","protected":false},"featured_media":1461,"comment_status":"open","ping_status":"closed","template":"","meta":[],"product_cat":[106],"product_tag":[],"class_list":{"0":"post-1462","1":"product","2":"type-product","3":"status-publish","4":"has-post-thumbnail","6":"product_cat-index_audifonos","8":"first","9":"instock","10":"taxable","11":"shipping-taxable","12":"purchasable","13":"product-type-simple"},"yoast_head":"<!-- This site is optimized with the Yoast SEO plugin v22.7 - https:\/\/yoast.com\/wordpress\/plugins\/seo\/ -->\n<title>AUDIFONO PHILIPS TAUE101 BLANCO -<\/title>\n<meta name=\"robots\" content=\"index, follow, max-snippet:-1, max-image-preview:large, max-video-preview:-1\" \/>\n<link rel=\"canonical\" href=\"https:\/\/www.tiendairontech.cl\/index.php\/producto\/audifono-philips-taue101-blanco\/\" \/>\n<meta property=\"og:locale\" content=\"es_ES\" \/>\n<meta property=\"og:type\" content=\"article\" \/>\n<meta property=\"og:title\" content=\"AUDIFONO PHILIPS TAUE101 BLANCO -\" \/>\n<meta property=\"og:description\" content=\"AUDIFONO CON MICROFONO PHILIPS TAUE101 LA FORMA OVALADA DE ESTOS LIGEROS AURICULARES PERMITIR\u00c1 QUE PUEDAS SEGUIR DISFRUTANDO DEL SONIDO CON TODA LA COMODIDAD. EL MANDO INTEGRADO HACE QUE SEA M\u00c1S F\u00c1CIL RESPONDER LLAMADAS O PONER LA M\u00daSICA EN PAUSA SIN TOCAR EL SMARTPHONE.\" \/>\n<meta property=\"og:url\" content=\"https:\/\/www.tiendairontech.cl\/index.php\/producto\/audifono-philips-taue101-blanco\/\" \/>\n<meta property=\"article:modified_time\" content=\"2026-01-08T19:41:12+00:00\" \/>\n<meta property=\"og:image\" content=\"https:\/\/www.tiendairontech.cl\/wp-content\/uploads\/2021\/08\/ELEAUD12.jpg.jpg\" \/>\n\t<meta property=\"og:image:width\" content=\"209\" \/>\n\t<meta property=\"og:image:height\" content=\"241\" \/>\n\t<meta property=\"og:image:type\" content=\"image\/jpeg\" \/>\n<meta name=\"twitter:card\" content=\"summary_large_image\" \/>\n<meta name=\"twitter:label1\" content=\"Tiempo estimado de lectura\" \/>\n\t<meta name=\"twitter:data1\" content=\"1 minuto\" \/>\n<script type=\"application\/ld+json\" class=\"yoast-schema-graph\">{\"@context\":\"https:\/\/schema.org\",\"@graph\":[{\"@type\":\"WebPage\",\"@id\":\"https:\/\/www.tiendairontech.cl\/index.php\/producto\/audifono-philips-taue101-blanco\/\",\"url\":\"https:\/\/www.tiendairontech.cl\/index.php\/producto\/audifono-philips-taue101-blanco\/\",\"name\":\"AUDIFONO PHILIPS TAUE101 BLANCO -\",\"isPartOf\":{\"@id\":\"https:\/\/www.tiendairontech.cl\/#website\"},\"primaryImageOfPage\":{\"@id\":\"https:\/\/www.tiendairontech.cl\/index.php\/producto\/audifono-philips-taue101-blanco\/#primaryimage\"},\"image\":{\"@id\":\"https:\/\/www.tiendairontech.cl\/index.php\/producto\/audifono-philips-taue101-blanco\/#primaryimage\"},\"thumbnailUrl\":\"https:\/\/www.tiendairontech.cl\/wp-content\/uploads\/2021\/08\/ELEAUD12.jpg.jpg\",\"datePublished\":\"2021-08-10T23:07:03+00:00\",\"dateModified\":\"2026-01-08T19:41:12+00:00\",\"breadcrumb\":{\"@id\":\"https:\/\/www.tiendairontech.cl\/index.php\/producto\/audifono-philips-taue101-blanco\/#breadcrumb\"},\"inLanguage\":\"es-CL\",\"potentialAction\":[{\"@type\":\"ReadAction\",\"target\":[\"https:\/\/www.tiendairontech.cl\/index.php\/producto\/audifono-philips-taue101-blanco\/\"]}]},{\"@type\":\"ImageObject\",\"inLanguage\":\"es-CL\",\"@id\":\"https:\/\/www.tiendairontech.cl\/index.php\/producto\/audifono-philips-taue101-blanco\/#primaryimage\",\"url\":\"https:\/\/www.tiendairontech.cl\/wp-content\/uploads\/2021\/08\/ELEAUD12.jpg.jpg\",\"contentUrl\":\"https:\/\/www.tiendairontech.cl\/wp-content\/uploads\/2021\/08\/ELEAUD12.jpg.jpg\",\"width\":209,\"height\":241},{\"@type\":\"BreadcrumbList\",\"@id\":\"https:\/\/www.tiendairontech.cl\/index.php\/producto\/audifono-philips-taue101-blanco\/#breadcrumb\",\"itemListElement\":[{\"@type\":\"ListItem\",\"position\":1,\"name\":\"Portada\",\"item\":\"https:\/\/www.tiendairontech.cl\/\"},{\"@type\":\"ListItem\",\"position\":2,\"name\":\"Tienda\",\"item\":\"https:\/\/www.tiendairontech.cl\/?page_id=11\"},{\"@type\":\"ListItem\",\"position\":3,\"name\":\"AUDIFONO PHILIPS TAUE101 BLANCO\"}]},{\"@type\":\"WebSite\",\"@id\":\"https:\/\/www.tiendairontech.cl\/#website\",\"url\":\"https:\/\/www.tiendairontech.cl\/\",\"name\":\"\",\"description\":\"\",\"potentialAction\":[{\"@type\":\"SearchAction\",\"target\":{\"@type\":\"EntryPoint\",\"urlTemplate\":\"https:\/\/www.tiendairontech.cl\/?s={search_term_string}\"},\"query-input\":\"required name=search_term_string\"}],\"inLanguage\":\"es-CL\"}]}<\/script>\n<!-- \/ Yoast SEO plugin. -->","yoast_head_json":{"title":"AUDIFONO PHILIPS TAUE101 BLANCO -","robots":{"index":"index","follow":"follow","max-snippet":"max-snippet:-1","max-image-preview":"max-image-preview:large","max-video-preview":"max-video-preview:-1"},"canonical":"https:\/\/www.tiendairontech.cl\/index.php\/producto\/audifono-philips-taue101-blanco\/","og_locale":"es_ES","og_type":"article","og_title":"AUDIFONO PHILIPS TAUE101 BLANCO -","og_description":"AUDIFONO CON MICROFONO PHILIPS TAUE101 LA FORMA OVALADA DE ESTOS LIGEROS AURICULARES PERMITIR\u00c1 QUE PUEDAS SEGUIR DISFRUTANDO DEL SONIDO CON TODA LA COMODIDAD. EL MANDO INTEGRADO HACE QUE SEA M\u00c1S F\u00c1CIL RESPONDER LLAMADAS O PONER LA M\u00daSICA EN PAUSA SIN TOCAR EL SMARTPHONE.","og_url":"https:\/\/www.tiendairontech.cl\/index.php\/producto\/audifono-philips-taue101-blanco\/","article_modified_time":"2026-01-08T19:41:12+00:00","og_image":[{"width":209,"height":241,"url":"https:\/\/www.tiendairontech.cl\/wp-content\/uploads\/2021\/08\/ELEAUD12.jpg.jpg","type":"image\/jpeg"}],"twitter_card":"summary_large_image","twitter_misc":{"Tiempo estimado de lectura":"1 minuto"},"schema":{"@context":"https:\/\/schema.org","@graph":[{"@type":"WebPage","@id":"https:\/\/www.tiendairontech.cl\/index.php\/producto\/audifono-philips-taue101-blanco\/","url":"https:\/\/www.tiendairontech.cl\/index.php\/producto\/audifono-philips-taue101-blanco\/","name":"AUDIFONO PHILIPS TAUE101 BLANCO -","isPartOf":{"@id":"https:\/\/www.tiendairontech.cl\/#website"},"primaryImageOfPage":{"@id":"https:\/\/www.tiendairontech.cl\/index.php\/producto\/audifono-philips-taue101-blanco\/#primaryimage"},"image":{"@id":"https:\/\/www.tiendairontech.cl\/index.php\/producto\/audifono-philips-taue101-blanco\/#primaryimage"},"thumbnailUrl":"https:\/\/www.tiendairontech.cl\/wp-content\/uploads\/2021\/08\/ELEAUD12.jpg.jpg","datePublished":"2021-08-10T23:07:03+00:00","dateModified":"2026-01-08T19:41:12+00:00","breadcrumb":{"@id":"https:\/\/www.tiendairontech.cl\/index.php\/producto\/audifono-philips-taue101-blanco\/#breadcrumb"},"inLanguage":"es-CL","potentialAction":[{"@type":"ReadAction","target":["https:\/\/www.tiendairontech.cl\/index.php\/producto\/audifono-philips-taue101-blanco\/"]}]},{"@type":"ImageObject","inLanguage":"es-CL","@id":"https:\/\/www.tiendairontech.cl\/index.php\/producto\/audifono-philips-taue101-blanco\/#primaryimage","url":"https:\/\/www.tiendairontech.cl\/wp-content\/uploads\/2021\/08\/ELEAUD12.jpg.jpg","contentUrl":"https:\/\/www.tiendairontech.cl\/wp-content\/uploads\/2021\/08\/ELEAUD12.jpg.jpg","width":209,"height":241},{"@type":"BreadcrumbList","@id":"https:\/\/www.tiendairontech.cl\/index.php\/producto\/audifono-philips-taue101-blanco\/#breadcrumb","itemListElement":[{"@type":"ListItem","position":1,"name":"Portada","item":"https:\/\/www.tiendairontech.cl\/"},{"@type":"ListItem","position":2,"name":"Tienda","item":"https:\/\/www.tiendairontech.cl\/?page_id=11"},{"@type":"ListItem","position":3,"name":"AUDIFONO PHILIPS TAUE101 BLANCO"}]},{"@type":"WebSite","@id":"https:\/\/www.tiendairontech.cl\/#website","url":"https:\/\/www.tiendairontech.cl\/","name":"","description":"","potentialAction":[{"@type":"SearchAction","target":{"@type":"EntryPoint","urlTemplate":"https:\/\/www.tiendairontech.cl\/?s={search_term_string}"},"query-input":"required name=search_term_string"}],"inLanguage":"es-CL"}]}},"_links":{"self":[{"href":"https:\/\/www.tiendairontech.cl\/index.php\/wp-json\/wp\/v2\/product\/1462","targetHints":{"allow":["GET"]}}],"collection":[{"href":"https:\/\/www.tiendairontech.cl\/index.php\/wp-json\/wp\/v2\/product"}],"about":[{"href":"https:\/\/www.tiendairontech.cl\/index.php\/wp-json\/wp\/v2\/types\/product"}],"replies":[{"embeddable":true,"href":"https:\/\/www.tiendairontech.cl\/index.php\/wp-json\/wp\/v2\/comments?post=1462"}],"wp:featuredmedia":[{"embeddable":true,"href":"https:\/\/www.tiendairontech.cl\/index.php\/wp-json\/wp\/v2\/media\/1461"}],"wp:attachment":[{"href":"https:\/\/www.tiendairontech.cl\/index.php\/wp-json\/wp\/v2\/media?parent=1462"}],"wp:term":[{"taxonomy":"product_cat","embeddable":true,"href":"https:\/\/www.tiendairontech.cl\/index.php\/wp-json\/wp\/v2\/product_cat?post=1462"},{"taxonomy":"product_tag","embeddable":true,"href":"https:\/\/www.tiendairontech.cl\/index.php\/wp-json\/wp\/v2\/product_tag?post=1462"}],"curies":[{"name":"wp","href":"https:\/\/api.w.org\/{rel}","templated":true}]}}