{"id":1478,"date":"2021-08-10T23:07:04","date_gmt":"2021-08-10T23:07:04","guid":{"rendered":"https:\/\/www.tiendairontech.cl\/index.php\/producto\/audifonos-bluetooh-magneticos\/"},"modified":"2026-01-08T19:44:14","modified_gmt":"2026-01-08T19:44:14","slug":"audifonos-bluetooh-magneticos","status":"publish","type":"product","link":"https:\/\/www.tiendairontech.cl\/index.php\/producto\/audifonos-bluetooh-magneticos\/","title":{"rendered":"AUDIFONOS BT CUELLO MAGNETIC FIDDLER"},"content":{"rendered":"","protected":false},"excerpt":{"rendered":"<p>AURICULARES INAL\u00c1MBRICOS CON CIERRE MAGN\u00c9TICO BLUETOOTH VERSI\u00d3N 4.1 RANGO TRANSMISI\u00d3N: 8 A 10 MTS. EN \u00c1REA LIBRE BATER\u00cdA INTERNA LITIO 55MAH DURACI\u00d3N DE LA BATER\u00cdA: 2 A 4 HRS. (EN USO) \/ 180 HRS. (EN MODO STANDBY) TIEMPO DE CARGA: 1,5 HRS. MICR\u00d3FONO, CONTROL DE REPRODUCCI\u00d3N Y DE LLAMADAS EN EL CABLE<\/p>\n","protected":false},"featured_media":1477,"comment_status":"open","ping_status":"closed","template":"","meta":[],"product_cat":[106],"product_tag":[],"class_list":{"0":"post-1478","1":"product","2":"type-product","3":"status-publish","4":"has-post-thumbnail","6":"product_cat-index_audifonos","8":"first","9":"instock","10":"taxable","11":"shipping-taxable","12":"purchasable","13":"product-type-simple"},"yoast_head":"<!-- This site is optimized with the Yoast SEO plugin v22.7 - https:\/\/yoast.com\/wordpress\/plugins\/seo\/ -->\n<title>AUDIFONOS BT CUELLO MAGNETIC FIDDLER -<\/title>\n<meta name=\"robots\" content=\"index, follow, max-snippet:-1, max-image-preview:large, max-video-preview:-1\" \/>\n<link rel=\"canonical\" href=\"https:\/\/www.tiendairontech.cl\/index.php\/producto\/audifonos-bluetooh-magneticos\/\" \/>\n<meta property=\"og:locale\" content=\"es_ES\" \/>\n<meta property=\"og:type\" content=\"article\" \/>\n<meta property=\"og:title\" content=\"AUDIFONOS BT CUELLO MAGNETIC FIDDLER -\" \/>\n<meta property=\"og:description\" content=\"AURICULARES INAL\u00c1MBRICOS CON CIERRE MAGN\u00c9TICO BLUETOOTH VERSI\u00d3N 4.1 RANGO TRANSMISI\u00d3N: 8 A 10 MTS. EN \u00c1REA LIBRE BATER\u00cdA INTERNA LITIO 55MAH DURACI\u00d3N DE LA BATER\u00cdA: 2 A 4 HRS. (EN USO) \/ 180 HRS. (EN MODO STANDBY) TIEMPO DE CARGA: 1,5 HRS. MICR\u00d3FONO, CONTROL DE REPRODUCCI\u00d3N Y DE LLAMADAS EN EL CABLE\" \/>\n<meta property=\"og:url\" content=\"https:\/\/www.tiendairontech.cl\/index.php\/producto\/audifonos-bluetooh-magneticos\/\" \/>\n<meta property=\"article:modified_time\" content=\"2026-01-08T19:44:14+00:00\" \/>\n<meta property=\"og:image\" content=\"https:\/\/www.tiendairontech.cl\/wp-content\/uploads\/2021\/08\/ELEAUD20.jpg.jpg\" \/>\n\t<meta property=\"og:image:width\" content=\"226\" \/>\n\t<meta property=\"og:image:height\" content=\"223\" \/>\n\t<meta property=\"og:image:type\" content=\"image\/jpeg\" \/>\n<meta name=\"twitter:card\" content=\"summary_large_image\" \/>\n<meta name=\"twitter:label1\" content=\"Tiempo estimado de lectura\" \/>\n\t<meta name=\"twitter:data1\" content=\"1 minuto\" \/>\n<script type=\"application\/ld+json\" class=\"yoast-schema-graph\">{\"@context\":\"https:\/\/schema.org\",\"@graph\":[{\"@type\":\"WebPage\",\"@id\":\"https:\/\/www.tiendairontech.cl\/index.php\/producto\/audifonos-bluetooh-magneticos\/\",\"url\":\"https:\/\/www.tiendairontech.cl\/index.php\/producto\/audifonos-bluetooh-magneticos\/\",\"name\":\"AUDIFONOS BT CUELLO MAGNETIC FIDDLER -\",\"isPartOf\":{\"@id\":\"https:\/\/www.tiendairontech.cl\/#website\"},\"primaryImageOfPage\":{\"@id\":\"https:\/\/www.tiendairontech.cl\/index.php\/producto\/audifonos-bluetooh-magneticos\/#primaryimage\"},\"image\":{\"@id\":\"https:\/\/www.tiendairontech.cl\/index.php\/producto\/audifonos-bluetooh-magneticos\/#primaryimage\"},\"thumbnailUrl\":\"https:\/\/www.tiendairontech.cl\/wp-content\/uploads\/2021\/08\/ELEAUD20.jpg.jpg\",\"datePublished\":\"2021-08-10T23:07:04+00:00\",\"dateModified\":\"2026-01-08T19:44:14+00:00\",\"breadcrumb\":{\"@id\":\"https:\/\/www.tiendairontech.cl\/index.php\/producto\/audifonos-bluetooh-magneticos\/#breadcrumb\"},\"inLanguage\":\"es-CL\",\"potentialAction\":[{\"@type\":\"ReadAction\",\"target\":[\"https:\/\/www.tiendairontech.cl\/index.php\/producto\/audifonos-bluetooh-magneticos\/\"]}]},{\"@type\":\"ImageObject\",\"inLanguage\":\"es-CL\",\"@id\":\"https:\/\/www.tiendairontech.cl\/index.php\/producto\/audifonos-bluetooh-magneticos\/#primaryimage\",\"url\":\"https:\/\/www.tiendairontech.cl\/wp-content\/uploads\/2021\/08\/ELEAUD20.jpg.jpg\",\"contentUrl\":\"https:\/\/www.tiendairontech.cl\/wp-content\/uploads\/2021\/08\/ELEAUD20.jpg.jpg\",\"width\":226,\"height\":223},{\"@type\":\"BreadcrumbList\",\"@id\":\"https:\/\/www.tiendairontech.cl\/index.php\/producto\/audifonos-bluetooh-magneticos\/#breadcrumb\",\"itemListElement\":[{\"@type\":\"ListItem\",\"position\":1,\"name\":\"Portada\",\"item\":\"https:\/\/www.tiendairontech.cl\/\"},{\"@type\":\"ListItem\",\"position\":2,\"name\":\"Tienda\",\"item\":\"https:\/\/www.tiendairontech.cl\/?page_id=11\"},{\"@type\":\"ListItem\",\"position\":3,\"name\":\"AUDIFONOS BT CUELLO MAGNETIC FIDDLER\"}]},{\"@type\":\"WebSite\",\"@id\":\"https:\/\/www.tiendairontech.cl\/#website\",\"url\":\"https:\/\/www.tiendairontech.cl\/\",\"name\":\"\",\"description\":\"\",\"potentialAction\":[{\"@type\":\"SearchAction\",\"target\":{\"@type\":\"EntryPoint\",\"urlTemplate\":\"https:\/\/www.tiendairontech.cl\/?s={search_term_string}\"},\"query-input\":\"required name=search_term_string\"}],\"inLanguage\":\"es-CL\"}]}<\/script>\n<!-- \/ Yoast SEO plugin. -->","yoast_head_json":{"title":"AUDIFONOS BT CUELLO MAGNETIC FIDDLER -","robots":{"index":"index","follow":"follow","max-snippet":"max-snippet:-1","max-image-preview":"max-image-preview:large","max-video-preview":"max-video-preview:-1"},"canonical":"https:\/\/www.tiendairontech.cl\/index.php\/producto\/audifonos-bluetooh-magneticos\/","og_locale":"es_ES","og_type":"article","og_title":"AUDIFONOS BT CUELLO MAGNETIC FIDDLER -","og_description":"AURICULARES INAL\u00c1MBRICOS CON CIERRE MAGN\u00c9TICO BLUETOOTH VERSI\u00d3N 4.1 RANGO TRANSMISI\u00d3N: 8 A 10 MTS. EN \u00c1REA LIBRE BATER\u00cdA INTERNA LITIO 55MAH DURACI\u00d3N DE LA BATER\u00cdA: 2 A 4 HRS. (EN USO) \/ 180 HRS. (EN MODO STANDBY) TIEMPO DE CARGA: 1,5 HRS. MICR\u00d3FONO, CONTROL DE REPRODUCCI\u00d3N Y DE LLAMADAS EN EL CABLE","og_url":"https:\/\/www.tiendairontech.cl\/index.php\/producto\/audifonos-bluetooh-magneticos\/","article_modified_time":"2026-01-08T19:44:14+00:00","og_image":[{"width":226,"height":223,"url":"https:\/\/www.tiendairontech.cl\/wp-content\/uploads\/2021\/08\/ELEAUD20.jpg.jpg","type":"image\/jpeg"}],"twitter_card":"summary_large_image","twitter_misc":{"Tiempo estimado de lectura":"1 minuto"},"schema":{"@context":"https:\/\/schema.org","@graph":[{"@type":"WebPage","@id":"https:\/\/www.tiendairontech.cl\/index.php\/producto\/audifonos-bluetooh-magneticos\/","url":"https:\/\/www.tiendairontech.cl\/index.php\/producto\/audifonos-bluetooh-magneticos\/","name":"AUDIFONOS BT CUELLO MAGNETIC FIDDLER -","isPartOf":{"@id":"https:\/\/www.tiendairontech.cl\/#website"},"primaryImageOfPage":{"@id":"https:\/\/www.tiendairontech.cl\/index.php\/producto\/audifonos-bluetooh-magneticos\/#primaryimage"},"image":{"@id":"https:\/\/www.tiendairontech.cl\/index.php\/producto\/audifonos-bluetooh-magneticos\/#primaryimage"},"thumbnailUrl":"https:\/\/www.tiendairontech.cl\/wp-content\/uploads\/2021\/08\/ELEAUD20.jpg.jpg","datePublished":"2021-08-10T23:07:04+00:00","dateModified":"2026-01-08T19:44:14+00:00","breadcrumb":{"@id":"https:\/\/www.tiendairontech.cl\/index.php\/producto\/audifonos-bluetooh-magneticos\/#breadcrumb"},"inLanguage":"es-CL","potentialAction":[{"@type":"ReadAction","target":["https:\/\/www.tiendairontech.cl\/index.php\/producto\/audifonos-bluetooh-magneticos\/"]}]},{"@type":"ImageObject","inLanguage":"es-CL","@id":"https:\/\/www.tiendairontech.cl\/index.php\/producto\/audifonos-bluetooh-magneticos\/#primaryimage","url":"https:\/\/www.tiendairontech.cl\/wp-content\/uploads\/2021\/08\/ELEAUD20.jpg.jpg","contentUrl":"https:\/\/www.tiendairontech.cl\/wp-content\/uploads\/2021\/08\/ELEAUD20.jpg.jpg","width":226,"height":223},{"@type":"BreadcrumbList","@id":"https:\/\/www.tiendairontech.cl\/index.php\/producto\/audifonos-bluetooh-magneticos\/#breadcrumb","itemListElement":[{"@type":"ListItem","position":1,"name":"Portada","item":"https:\/\/www.tiendairontech.cl\/"},{"@type":"ListItem","position":2,"name":"Tienda","item":"https:\/\/www.tiendairontech.cl\/?page_id=11"},{"@type":"ListItem","position":3,"name":"AUDIFONOS BT CUELLO MAGNETIC FIDDLER"}]},{"@type":"WebSite","@id":"https:\/\/www.tiendairontech.cl\/#website","url":"https:\/\/www.tiendairontech.cl\/","name":"","description":"","potentialAction":[{"@type":"SearchAction","target":{"@type":"EntryPoint","urlTemplate":"https:\/\/www.tiendairontech.cl\/?s={search_term_string}"},"query-input":"required name=search_term_string"}],"inLanguage":"es-CL"}]}},"_links":{"self":[{"href":"https:\/\/www.tiendairontech.cl\/index.php\/wp-json\/wp\/v2\/product\/1478","targetHints":{"allow":["GET"]}}],"collection":[{"href":"https:\/\/www.tiendairontech.cl\/index.php\/wp-json\/wp\/v2\/product"}],"about":[{"href":"https:\/\/www.tiendairontech.cl\/index.php\/wp-json\/wp\/v2\/types\/product"}],"replies":[{"embeddable":true,"href":"https:\/\/www.tiendairontech.cl\/index.php\/wp-json\/wp\/v2\/comments?post=1478"}],"wp:featuredmedia":[{"embeddable":true,"href":"https:\/\/www.tiendairontech.cl\/index.php\/wp-json\/wp\/v2\/media\/1477"}],"wp:attachment":[{"href":"https:\/\/www.tiendairontech.cl\/index.php\/wp-json\/wp\/v2\/media?parent=1478"}],"wp:term":[{"taxonomy":"product_cat","embeddable":true,"href":"https:\/\/www.tiendairontech.cl\/index.php\/wp-json\/wp\/v2\/product_cat?post=1478"},{"taxonomy":"product_tag","embeddable":true,"href":"https:\/\/www.tiendairontech.cl\/index.php\/wp-json\/wp\/v2\/product_tag?post=1478"}],"curies":[{"name":"wp","href":"https:\/\/api.w.org\/{rel}","templated":true}]}}