{"id":1558,"date":"2021-08-10T23:07:14","date_gmt":"2021-08-10T23:07:14","guid":{"rendered":"https:\/\/www.tiendairontech.cl\/index.php\/producto\/parlante-portable-philco-azul-359bl\/"},"modified":"2024-08-21T16:59:28","modified_gmt":"2024-08-21T16:59:28","slug":"parlante-portable-philco-azul-359bl","status":"publish","type":"product","link":"https:\/\/www.tiendairontech.cl\/index.php\/producto\/parlante-portable-philco-azul-359bl\/","title":{"rendered":"PARLANTE PORTABLE PHILCO AZUL 359BL"},"content":{"rendered":"","protected":false},"excerpt":{"rendered":"<p>PARLANTE CUBO BLUETOOTH 3W RMS AZUL PHILCO BLUETOOTH V3.0 POTENCIA DE SALIDA 3W MICR\u00d3FONO INCORPORADO AUTONOM\u00cdA 6 HORAS APROX. RANGO DE CONEXI\u00d3N 10 METROS APROX. BATER\u00cdA RECARGABLE TIEMPO DE CARGA 3 HORAS APROX. VOLTAJE DE CARGA 5.2V DC.<\/p>\n","protected":false},"featured_media":1557,"comment_status":"open","ping_status":"closed","template":"","meta":[],"product_cat":[118],"product_tag":[],"class_list":{"0":"post-1558","1":"product","2":"type-product","3":"status-publish","4":"has-post-thumbnail","6":"product_cat-index_bazookas_radios","8":"first","9":"instock","10":"taxable","11":"shipping-taxable","12":"purchasable","13":"product-type-simple"},"yoast_head":"<!-- This site is optimized with the Yoast SEO plugin v22.7 - https:\/\/yoast.com\/wordpress\/plugins\/seo\/ -->\n<title>PARLANTE PORTABLE PHILCO AZUL 359BL -<\/title>\n<meta name=\"robots\" content=\"index, follow, max-snippet:-1, max-image-preview:large, max-video-preview:-1\" \/>\n<link rel=\"canonical\" href=\"https:\/\/www.tiendairontech.cl\/index.php\/producto\/parlante-portable-philco-azul-359bl\/\" \/>\n<meta property=\"og:locale\" content=\"es_ES\" \/>\n<meta property=\"og:type\" content=\"article\" \/>\n<meta property=\"og:title\" content=\"PARLANTE PORTABLE PHILCO AZUL 359BL -\" \/>\n<meta property=\"og:description\" content=\"PARLANTE CUBO BLUETOOTH 3W RMS AZUL PHILCO BLUETOOTH V3.0 POTENCIA DE SALIDA 3W MICR\u00d3FONO INCORPORADO AUTONOM\u00cdA 6 HORAS APROX. RANGO DE CONEXI\u00d3N 10 METROS APROX. BATER\u00cdA RECARGABLE TIEMPO DE CARGA 3 HORAS APROX. VOLTAJE DE CARGA 5.2V DC.\" \/>\n<meta property=\"og:url\" content=\"https:\/\/www.tiendairontech.cl\/index.php\/producto\/parlante-portable-philco-azul-359bl\/\" \/>\n<meta property=\"article:modified_time\" content=\"2024-08-21T16:59:28+00:00\" \/>\n<meta property=\"og:image\" content=\"https:\/\/www.tiendairontech.cl\/wp-content\/uploads\/2021\/08\/ELEPAR12.jpg.jpg\" \/>\n\t<meta property=\"og:image:width\" content=\"225\" \/>\n\t<meta property=\"og:image:height\" content=\"225\" \/>\n\t<meta property=\"og:image:type\" content=\"image\/jpeg\" \/>\n<meta name=\"twitter:card\" content=\"summary_large_image\" \/>\n<meta name=\"twitter:label1\" content=\"Tiempo estimado de lectura\" \/>\n\t<meta name=\"twitter:data1\" content=\"1 minuto\" \/>\n<script type=\"application\/ld+json\" class=\"yoast-schema-graph\">{\"@context\":\"https:\/\/schema.org\",\"@graph\":[{\"@type\":\"WebPage\",\"@id\":\"https:\/\/www.tiendairontech.cl\/index.php\/producto\/parlante-portable-philco-azul-359bl\/\",\"url\":\"https:\/\/www.tiendairontech.cl\/index.php\/producto\/parlante-portable-philco-azul-359bl\/\",\"name\":\"PARLANTE PORTABLE PHILCO AZUL 359BL -\",\"isPartOf\":{\"@id\":\"https:\/\/www.tiendairontech.cl\/#website\"},\"primaryImageOfPage\":{\"@id\":\"https:\/\/www.tiendairontech.cl\/index.php\/producto\/parlante-portable-philco-azul-359bl\/#primaryimage\"},\"image\":{\"@id\":\"https:\/\/www.tiendairontech.cl\/index.php\/producto\/parlante-portable-philco-azul-359bl\/#primaryimage\"},\"thumbnailUrl\":\"https:\/\/www.tiendairontech.cl\/wp-content\/uploads\/2021\/08\/ELEPAR12.jpg.jpg\",\"datePublished\":\"2021-08-10T23:07:14+00:00\",\"dateModified\":\"2024-08-21T16:59:28+00:00\",\"breadcrumb\":{\"@id\":\"https:\/\/www.tiendairontech.cl\/index.php\/producto\/parlante-portable-philco-azul-359bl\/#breadcrumb\"},\"inLanguage\":\"es-CL\",\"potentialAction\":[{\"@type\":\"ReadAction\",\"target\":[\"https:\/\/www.tiendairontech.cl\/index.php\/producto\/parlante-portable-philco-azul-359bl\/\"]}]},{\"@type\":\"ImageObject\",\"inLanguage\":\"es-CL\",\"@id\":\"https:\/\/www.tiendairontech.cl\/index.php\/producto\/parlante-portable-philco-azul-359bl\/#primaryimage\",\"url\":\"https:\/\/www.tiendairontech.cl\/wp-content\/uploads\/2021\/08\/ELEPAR12.jpg.jpg\",\"contentUrl\":\"https:\/\/www.tiendairontech.cl\/wp-content\/uploads\/2021\/08\/ELEPAR12.jpg.jpg\",\"width\":225,\"height\":225},{\"@type\":\"BreadcrumbList\",\"@id\":\"https:\/\/www.tiendairontech.cl\/index.php\/producto\/parlante-portable-philco-azul-359bl\/#breadcrumb\",\"itemListElement\":[{\"@type\":\"ListItem\",\"position\":1,\"name\":\"Portada\",\"item\":\"https:\/\/www.tiendairontech.cl\/\"},{\"@type\":\"ListItem\",\"position\":2,\"name\":\"Tienda\",\"item\":\"https:\/\/www.tiendairontech.cl\/?page_id=11\"},{\"@type\":\"ListItem\",\"position\":3,\"name\":\"PARLANTE PORTABLE PHILCO AZUL 359BL\"}]},{\"@type\":\"WebSite\",\"@id\":\"https:\/\/www.tiendairontech.cl\/#website\",\"url\":\"https:\/\/www.tiendairontech.cl\/\",\"name\":\"\",\"description\":\"\",\"potentialAction\":[{\"@type\":\"SearchAction\",\"target\":{\"@type\":\"EntryPoint\",\"urlTemplate\":\"https:\/\/www.tiendairontech.cl\/?s={search_term_string}\"},\"query-input\":\"required name=search_term_string\"}],\"inLanguage\":\"es-CL\"}]}<\/script>\n<!-- \/ Yoast SEO plugin. -->","yoast_head_json":{"title":"PARLANTE PORTABLE PHILCO AZUL 359BL -","robots":{"index":"index","follow":"follow","max-snippet":"max-snippet:-1","max-image-preview":"max-image-preview:large","max-video-preview":"max-video-preview:-1"},"canonical":"https:\/\/www.tiendairontech.cl\/index.php\/producto\/parlante-portable-philco-azul-359bl\/","og_locale":"es_ES","og_type":"article","og_title":"PARLANTE PORTABLE PHILCO AZUL 359BL -","og_description":"PARLANTE CUBO BLUETOOTH 3W RMS AZUL PHILCO BLUETOOTH V3.0 POTENCIA DE SALIDA 3W MICR\u00d3FONO INCORPORADO AUTONOM\u00cdA 6 HORAS APROX. RANGO DE CONEXI\u00d3N 10 METROS APROX. BATER\u00cdA RECARGABLE TIEMPO DE CARGA 3 HORAS APROX. VOLTAJE DE CARGA 5.2V DC.","og_url":"https:\/\/www.tiendairontech.cl\/index.php\/producto\/parlante-portable-philco-azul-359bl\/","article_modified_time":"2024-08-21T16:59:28+00:00","og_image":[{"width":225,"height":225,"url":"https:\/\/www.tiendairontech.cl\/wp-content\/uploads\/2021\/08\/ELEPAR12.jpg.jpg","type":"image\/jpeg"}],"twitter_card":"summary_large_image","twitter_misc":{"Tiempo estimado de lectura":"1 minuto"},"schema":{"@context":"https:\/\/schema.org","@graph":[{"@type":"WebPage","@id":"https:\/\/www.tiendairontech.cl\/index.php\/producto\/parlante-portable-philco-azul-359bl\/","url":"https:\/\/www.tiendairontech.cl\/index.php\/producto\/parlante-portable-philco-azul-359bl\/","name":"PARLANTE PORTABLE PHILCO AZUL 359BL -","isPartOf":{"@id":"https:\/\/www.tiendairontech.cl\/#website"},"primaryImageOfPage":{"@id":"https:\/\/www.tiendairontech.cl\/index.php\/producto\/parlante-portable-philco-azul-359bl\/#primaryimage"},"image":{"@id":"https:\/\/www.tiendairontech.cl\/index.php\/producto\/parlante-portable-philco-azul-359bl\/#primaryimage"},"thumbnailUrl":"https:\/\/www.tiendairontech.cl\/wp-content\/uploads\/2021\/08\/ELEPAR12.jpg.jpg","datePublished":"2021-08-10T23:07:14+00:00","dateModified":"2024-08-21T16:59:28+00:00","breadcrumb":{"@id":"https:\/\/www.tiendairontech.cl\/index.php\/producto\/parlante-portable-philco-azul-359bl\/#breadcrumb"},"inLanguage":"es-CL","potentialAction":[{"@type":"ReadAction","target":["https:\/\/www.tiendairontech.cl\/index.php\/producto\/parlante-portable-philco-azul-359bl\/"]}]},{"@type":"ImageObject","inLanguage":"es-CL","@id":"https:\/\/www.tiendairontech.cl\/index.php\/producto\/parlante-portable-philco-azul-359bl\/#primaryimage","url":"https:\/\/www.tiendairontech.cl\/wp-content\/uploads\/2021\/08\/ELEPAR12.jpg.jpg","contentUrl":"https:\/\/www.tiendairontech.cl\/wp-content\/uploads\/2021\/08\/ELEPAR12.jpg.jpg","width":225,"height":225},{"@type":"BreadcrumbList","@id":"https:\/\/www.tiendairontech.cl\/index.php\/producto\/parlante-portable-philco-azul-359bl\/#breadcrumb","itemListElement":[{"@type":"ListItem","position":1,"name":"Portada","item":"https:\/\/www.tiendairontech.cl\/"},{"@type":"ListItem","position":2,"name":"Tienda","item":"https:\/\/www.tiendairontech.cl\/?page_id=11"},{"@type":"ListItem","position":3,"name":"PARLANTE PORTABLE PHILCO AZUL 359BL"}]},{"@type":"WebSite","@id":"https:\/\/www.tiendairontech.cl\/#website","url":"https:\/\/www.tiendairontech.cl\/","name":"","description":"","potentialAction":[{"@type":"SearchAction","target":{"@type":"EntryPoint","urlTemplate":"https:\/\/www.tiendairontech.cl\/?s={search_term_string}"},"query-input":"required name=search_term_string"}],"inLanguage":"es-CL"}]}},"_links":{"self":[{"href":"https:\/\/www.tiendairontech.cl\/index.php\/wp-json\/wp\/v2\/product\/1558","targetHints":{"allow":["GET"]}}],"collection":[{"href":"https:\/\/www.tiendairontech.cl\/index.php\/wp-json\/wp\/v2\/product"}],"about":[{"href":"https:\/\/www.tiendairontech.cl\/index.php\/wp-json\/wp\/v2\/types\/product"}],"replies":[{"embeddable":true,"href":"https:\/\/www.tiendairontech.cl\/index.php\/wp-json\/wp\/v2\/comments?post=1558"}],"wp:featuredmedia":[{"embeddable":true,"href":"https:\/\/www.tiendairontech.cl\/index.php\/wp-json\/wp\/v2\/media\/1557"}],"wp:attachment":[{"href":"https:\/\/www.tiendairontech.cl\/index.php\/wp-json\/wp\/v2\/media?parent=1558"}],"wp:term":[{"taxonomy":"product_cat","embeddable":true,"href":"https:\/\/www.tiendairontech.cl\/index.php\/wp-json\/wp\/v2\/product_cat?post=1558"},{"taxonomy":"product_tag","embeddable":true,"href":"https:\/\/www.tiendairontech.cl\/index.php\/wp-json\/wp\/v2\/product_tag?post=1558"}],"curies":[{"name":"wp","href":"https:\/\/api.w.org\/{rel}","templated":true}]}}