{"id":1574,"date":"2021-08-10T23:07:24","date_gmt":"2021-08-10T23:07:24","guid":{"rendered":"https:\/\/www.tiendairontech.cl\/index.php\/producto\/transmisor-bluetooth-philco-bt600\/"},"modified":"2024-08-21T16:55:20","modified_gmt":"2024-08-21T16:55:20","slug":"transmisor-bluetooth-philco-bt600","status":"publish","type":"product","link":"https:\/\/www.tiendairontech.cl\/index.php\/producto\/transmisor-bluetooth-philco-bt600\/","title":{"rendered":"TRANSMISOR BLUETOOTH PHILCO BT600"},"content":{"rendered":"","protected":false},"excerpt":{"rendered":"<p>TRANSMISOR INAL\u00c1MBRICO PHILCO CON TECNOLOG\u00cdA BLUETOOTH, CON MICR\u00d3FONO INCORPORADO Y MODO MANOS LIBRES AUTOM\u00c1TICO; ADEM\u00c1S POSEE DOBLE PUERTO USB. 12-24V CON ENTRADA AUX.<\/p>\n","protected":false},"featured_media":1573,"comment_status":"open","ping_status":"closed","template":"","meta":[],"product_cat":[157],"product_tag":[],"class_list":{"0":"post-1574","1":"product","2":"type-product","3":"status-publish","4":"has-post-thumbnail","6":"product_cat-index_accesorios_embellecedores","8":"first","9":"instock","10":"taxable","11":"shipping-taxable","12":"purchasable","13":"product-type-simple"},"yoast_head":"<!-- This site is optimized with the Yoast SEO plugin v22.7 - https:\/\/yoast.com\/wordpress\/plugins\/seo\/ -->\n<title>TRANSMISOR BLUETOOTH PHILCO BT600 -<\/title>\n<meta name=\"robots\" content=\"index, follow, max-snippet:-1, max-image-preview:large, max-video-preview:-1\" \/>\n<link rel=\"canonical\" href=\"https:\/\/www.tiendairontech.cl\/index.php\/producto\/transmisor-bluetooth-philco-bt600\/\" \/>\n<meta property=\"og:locale\" content=\"es_ES\" \/>\n<meta property=\"og:type\" content=\"article\" \/>\n<meta property=\"og:title\" content=\"TRANSMISOR BLUETOOTH PHILCO BT600 -\" \/>\n<meta property=\"og:description\" content=\"TRANSMISOR INAL\u00c1MBRICO PHILCO CON TECNOLOG\u00cdA BLUETOOTH, CON MICR\u00d3FONO INCORPORADO Y MODO MANOS LIBRES AUTOM\u00c1TICO; ADEM\u00c1S POSEE DOBLE PUERTO USB. 12-24V CON ENTRADA AUX.\" \/>\n<meta property=\"og:url\" content=\"https:\/\/www.tiendairontech.cl\/index.php\/producto\/transmisor-bluetooth-philco-bt600\/\" \/>\n<meta property=\"article:modified_time\" content=\"2024-08-21T16:55:20+00:00\" \/>\n<meta property=\"og:image\" content=\"https:\/\/www.tiendairontech.cl\/wp-content\/uploads\/2021\/08\/ELECAR2.jpg.jpg\" \/>\n\t<meta property=\"og:image:width\" content=\"191\" \/>\n\t<meta property=\"og:image:height\" content=\"196\" \/>\n\t<meta property=\"og:image:type\" content=\"image\/jpeg\" \/>\n<meta name=\"twitter:card\" content=\"summary_large_image\" \/>\n<meta name=\"twitter:label1\" content=\"Tiempo estimado de lectura\" \/>\n\t<meta name=\"twitter:data1\" content=\"1 minuto\" \/>\n<script type=\"application\/ld+json\" class=\"yoast-schema-graph\">{\"@context\":\"https:\/\/schema.org\",\"@graph\":[{\"@type\":\"WebPage\",\"@id\":\"https:\/\/www.tiendairontech.cl\/index.php\/producto\/transmisor-bluetooth-philco-bt600\/\",\"url\":\"https:\/\/www.tiendairontech.cl\/index.php\/producto\/transmisor-bluetooth-philco-bt600\/\",\"name\":\"TRANSMISOR BLUETOOTH PHILCO BT600 -\",\"isPartOf\":{\"@id\":\"https:\/\/www.tiendairontech.cl\/#website\"},\"primaryImageOfPage\":{\"@id\":\"https:\/\/www.tiendairontech.cl\/index.php\/producto\/transmisor-bluetooth-philco-bt600\/#primaryimage\"},\"image\":{\"@id\":\"https:\/\/www.tiendairontech.cl\/index.php\/producto\/transmisor-bluetooth-philco-bt600\/#primaryimage\"},\"thumbnailUrl\":\"https:\/\/www.tiendairontech.cl\/wp-content\/uploads\/2021\/08\/ELECAR2.jpg.jpg\",\"datePublished\":\"2021-08-10T23:07:24+00:00\",\"dateModified\":\"2024-08-21T16:55:20+00:00\",\"breadcrumb\":{\"@id\":\"https:\/\/www.tiendairontech.cl\/index.php\/producto\/transmisor-bluetooth-philco-bt600\/#breadcrumb\"},\"inLanguage\":\"es-CL\",\"potentialAction\":[{\"@type\":\"ReadAction\",\"target\":[\"https:\/\/www.tiendairontech.cl\/index.php\/producto\/transmisor-bluetooth-philco-bt600\/\"]}]},{\"@type\":\"ImageObject\",\"inLanguage\":\"es-CL\",\"@id\":\"https:\/\/www.tiendairontech.cl\/index.php\/producto\/transmisor-bluetooth-philco-bt600\/#primaryimage\",\"url\":\"https:\/\/www.tiendairontech.cl\/wp-content\/uploads\/2021\/08\/ELECAR2.jpg.jpg\",\"contentUrl\":\"https:\/\/www.tiendairontech.cl\/wp-content\/uploads\/2021\/08\/ELECAR2.jpg.jpg\",\"width\":191,\"height\":196},{\"@type\":\"BreadcrumbList\",\"@id\":\"https:\/\/www.tiendairontech.cl\/index.php\/producto\/transmisor-bluetooth-philco-bt600\/#breadcrumb\",\"itemListElement\":[{\"@type\":\"ListItem\",\"position\":1,\"name\":\"Portada\",\"item\":\"https:\/\/www.tiendairontech.cl\/\"},{\"@type\":\"ListItem\",\"position\":2,\"name\":\"Tienda\",\"item\":\"https:\/\/www.tiendairontech.cl\/?page_id=11\"},{\"@type\":\"ListItem\",\"position\":3,\"name\":\"TRANSMISOR BLUETOOTH PHILCO BT600\"}]},{\"@type\":\"WebSite\",\"@id\":\"https:\/\/www.tiendairontech.cl\/#website\",\"url\":\"https:\/\/www.tiendairontech.cl\/\",\"name\":\"\",\"description\":\"\",\"potentialAction\":[{\"@type\":\"SearchAction\",\"target\":{\"@type\":\"EntryPoint\",\"urlTemplate\":\"https:\/\/www.tiendairontech.cl\/?s={search_term_string}\"},\"query-input\":\"required name=search_term_string\"}],\"inLanguage\":\"es-CL\"}]}<\/script>\n<!-- \/ Yoast SEO plugin. -->","yoast_head_json":{"title":"TRANSMISOR BLUETOOTH PHILCO BT600 -","robots":{"index":"index","follow":"follow","max-snippet":"max-snippet:-1","max-image-preview":"max-image-preview:large","max-video-preview":"max-video-preview:-1"},"canonical":"https:\/\/www.tiendairontech.cl\/index.php\/producto\/transmisor-bluetooth-philco-bt600\/","og_locale":"es_ES","og_type":"article","og_title":"TRANSMISOR BLUETOOTH PHILCO BT600 -","og_description":"TRANSMISOR INAL\u00c1MBRICO PHILCO CON TECNOLOG\u00cdA BLUETOOTH, CON MICR\u00d3FONO INCORPORADO Y MODO MANOS LIBRES AUTOM\u00c1TICO; ADEM\u00c1S POSEE DOBLE PUERTO USB. 12-24V CON ENTRADA AUX.","og_url":"https:\/\/www.tiendairontech.cl\/index.php\/producto\/transmisor-bluetooth-philco-bt600\/","article_modified_time":"2024-08-21T16:55:20+00:00","og_image":[{"width":191,"height":196,"url":"https:\/\/www.tiendairontech.cl\/wp-content\/uploads\/2021\/08\/ELECAR2.jpg.jpg","type":"image\/jpeg"}],"twitter_card":"summary_large_image","twitter_misc":{"Tiempo estimado de lectura":"1 minuto"},"schema":{"@context":"https:\/\/schema.org","@graph":[{"@type":"WebPage","@id":"https:\/\/www.tiendairontech.cl\/index.php\/producto\/transmisor-bluetooth-philco-bt600\/","url":"https:\/\/www.tiendairontech.cl\/index.php\/producto\/transmisor-bluetooth-philco-bt600\/","name":"TRANSMISOR BLUETOOTH PHILCO BT600 -","isPartOf":{"@id":"https:\/\/www.tiendairontech.cl\/#website"},"primaryImageOfPage":{"@id":"https:\/\/www.tiendairontech.cl\/index.php\/producto\/transmisor-bluetooth-philco-bt600\/#primaryimage"},"image":{"@id":"https:\/\/www.tiendairontech.cl\/index.php\/producto\/transmisor-bluetooth-philco-bt600\/#primaryimage"},"thumbnailUrl":"https:\/\/www.tiendairontech.cl\/wp-content\/uploads\/2021\/08\/ELECAR2.jpg.jpg","datePublished":"2021-08-10T23:07:24+00:00","dateModified":"2024-08-21T16:55:20+00:00","breadcrumb":{"@id":"https:\/\/www.tiendairontech.cl\/index.php\/producto\/transmisor-bluetooth-philco-bt600\/#breadcrumb"},"inLanguage":"es-CL","potentialAction":[{"@type":"ReadAction","target":["https:\/\/www.tiendairontech.cl\/index.php\/producto\/transmisor-bluetooth-philco-bt600\/"]}]},{"@type":"ImageObject","inLanguage":"es-CL","@id":"https:\/\/www.tiendairontech.cl\/index.php\/producto\/transmisor-bluetooth-philco-bt600\/#primaryimage","url":"https:\/\/www.tiendairontech.cl\/wp-content\/uploads\/2021\/08\/ELECAR2.jpg.jpg","contentUrl":"https:\/\/www.tiendairontech.cl\/wp-content\/uploads\/2021\/08\/ELECAR2.jpg.jpg","width":191,"height":196},{"@type":"BreadcrumbList","@id":"https:\/\/www.tiendairontech.cl\/index.php\/producto\/transmisor-bluetooth-philco-bt600\/#breadcrumb","itemListElement":[{"@type":"ListItem","position":1,"name":"Portada","item":"https:\/\/www.tiendairontech.cl\/"},{"@type":"ListItem","position":2,"name":"Tienda","item":"https:\/\/www.tiendairontech.cl\/?page_id=11"},{"@type":"ListItem","position":3,"name":"TRANSMISOR BLUETOOTH PHILCO BT600"}]},{"@type":"WebSite","@id":"https:\/\/www.tiendairontech.cl\/#website","url":"https:\/\/www.tiendairontech.cl\/","name":"","description":"","potentialAction":[{"@type":"SearchAction","target":{"@type":"EntryPoint","urlTemplate":"https:\/\/www.tiendairontech.cl\/?s={search_term_string}"},"query-input":"required name=search_term_string"}],"inLanguage":"es-CL"}]}},"_links":{"self":[{"href":"https:\/\/www.tiendairontech.cl\/index.php\/wp-json\/wp\/v2\/product\/1574","targetHints":{"allow":["GET"]}}],"collection":[{"href":"https:\/\/www.tiendairontech.cl\/index.php\/wp-json\/wp\/v2\/product"}],"about":[{"href":"https:\/\/www.tiendairontech.cl\/index.php\/wp-json\/wp\/v2\/types\/product"}],"replies":[{"embeddable":true,"href":"https:\/\/www.tiendairontech.cl\/index.php\/wp-json\/wp\/v2\/comments?post=1574"}],"wp:featuredmedia":[{"embeddable":true,"href":"https:\/\/www.tiendairontech.cl\/index.php\/wp-json\/wp\/v2\/media\/1573"}],"wp:attachment":[{"href":"https:\/\/www.tiendairontech.cl\/index.php\/wp-json\/wp\/v2\/media?parent=1574"}],"wp:term":[{"taxonomy":"product_cat","embeddable":true,"href":"https:\/\/www.tiendairontech.cl\/index.php\/wp-json\/wp\/v2\/product_cat?post=1574"},{"taxonomy":"product_tag","embeddable":true,"href":"https:\/\/www.tiendairontech.cl\/index.php\/wp-json\/wp\/v2\/product_tag?post=1574"}],"curies":[{"name":"wp","href":"https:\/\/api.w.org\/{rel}","templated":true}]}}