{"id":1692,"date":"2021-08-10T23:07:41","date_gmt":"2021-08-10T23:07:41","guid":{"rendered":"https:\/\/www.tiendairontech.cl\/index.php\/producto\/microfono-de-solapa-philco\/"},"modified":"2024-05-23T21:26:53","modified_gmt":"2024-05-23T21:26:53","slug":"microfono-de-solapa-philco","status":"publish","type":"product","link":"https:\/\/www.tiendairontech.cl\/index.php\/producto\/microfono-de-solapa-philco\/","title":{"rendered":"MICROFONO DE SOLAPA PHILCO"},"content":{"rendered":"","protected":false},"excerpt":{"rendered":"<p>MICROFONO DE SOLAPA EST\u00c9REO CON  RECEPCI\u00d3N OMNIDIRECCIONAL, REDUCCI\u00d3N DE RUIDO, SONIDO EST\u00c9REO, COMPATIBLE CON IPHONE Y ANDROID, CONECTOR DE 3,5MM, CLIP PARA SUJETAR, CABLE DE 1,4 METROS.<\/p>\n","protected":false},"featured_media":1691,"comment_status":"open","ping_status":"closed","template":"","meta":[],"product_cat":[80],"product_tag":[],"class_list":{"0":"post-1692","1":"product","2":"type-product","3":"status-publish","4":"has-post-thumbnail","6":"product_cat-index_microfonos","8":"first","9":"instock","10":"taxable","11":"shipping-taxable","12":"purchasable","13":"product-type-simple"},"yoast_head":"<!-- This site is optimized with the Yoast SEO plugin v22.7 - https:\/\/yoast.com\/wordpress\/plugins\/seo\/ -->\n<title>MICROFONO DE SOLAPA PHILCO -<\/title>\n<meta name=\"robots\" content=\"index, follow, max-snippet:-1, max-image-preview:large, max-video-preview:-1\" \/>\n<link rel=\"canonical\" href=\"https:\/\/www.tiendairontech.cl\/index.php\/producto\/microfono-de-solapa-philco\/\" \/>\n<meta property=\"og:locale\" content=\"es_ES\" \/>\n<meta property=\"og:type\" content=\"article\" \/>\n<meta property=\"og:title\" content=\"MICROFONO DE SOLAPA PHILCO -\" \/>\n<meta property=\"og:description\" content=\"MICROFONO DE SOLAPA EST\u00c9REO CON RECEPCI\u00d3N OMNIDIRECCIONAL, REDUCCI\u00d3N DE RUIDO, SONIDO EST\u00c9REO, COMPATIBLE CON IPHONE Y ANDROID, CONECTOR DE 3,5MM, CLIP PARA SUJETAR, CABLE DE 1,4 METROS.\" \/>\n<meta property=\"og:url\" content=\"https:\/\/www.tiendairontech.cl\/index.php\/producto\/microfono-de-solapa-philco\/\" \/>\n<meta property=\"article:modified_time\" content=\"2024-05-23T21:26:53+00:00\" \/>\n<meta property=\"og:image\" content=\"https:\/\/www.tiendairontech.cl\/wp-content\/uploads\/2021\/08\/ELEMIC3.jpg.jpg\" \/>\n\t<meta property=\"og:image:width\" content=\"231\" \/>\n\t<meta property=\"og:image:height\" content=\"218\" \/>\n\t<meta property=\"og:image:type\" content=\"image\/jpeg\" \/>\n<meta name=\"twitter:card\" content=\"summary_large_image\" \/>\n<script type=\"application\/ld+json\" class=\"yoast-schema-graph\">{\"@context\":\"https:\/\/schema.org\",\"@graph\":[{\"@type\":\"WebPage\",\"@id\":\"https:\/\/www.tiendairontech.cl\/index.php\/producto\/microfono-de-solapa-philco\/\",\"url\":\"https:\/\/www.tiendairontech.cl\/index.php\/producto\/microfono-de-solapa-philco\/\",\"name\":\"MICROFONO DE SOLAPA PHILCO -\",\"isPartOf\":{\"@id\":\"https:\/\/www.tiendairontech.cl\/#website\"},\"primaryImageOfPage\":{\"@id\":\"https:\/\/www.tiendairontech.cl\/index.php\/producto\/microfono-de-solapa-philco\/#primaryimage\"},\"image\":{\"@id\":\"https:\/\/www.tiendairontech.cl\/index.php\/producto\/microfono-de-solapa-philco\/#primaryimage\"},\"thumbnailUrl\":\"https:\/\/www.tiendairontech.cl\/wp-content\/uploads\/2021\/08\/ELEMIC3.jpg.jpg\",\"datePublished\":\"2021-08-10T23:07:41+00:00\",\"dateModified\":\"2024-05-23T21:26:53+00:00\",\"breadcrumb\":{\"@id\":\"https:\/\/www.tiendairontech.cl\/index.php\/producto\/microfono-de-solapa-philco\/#breadcrumb\"},\"inLanguage\":\"es-CL\",\"potentialAction\":[{\"@type\":\"ReadAction\",\"target\":[\"https:\/\/www.tiendairontech.cl\/index.php\/producto\/microfono-de-solapa-philco\/\"]}]},{\"@type\":\"ImageObject\",\"inLanguage\":\"es-CL\",\"@id\":\"https:\/\/www.tiendairontech.cl\/index.php\/producto\/microfono-de-solapa-philco\/#primaryimage\",\"url\":\"https:\/\/www.tiendairontech.cl\/wp-content\/uploads\/2021\/08\/ELEMIC3.jpg.jpg\",\"contentUrl\":\"https:\/\/www.tiendairontech.cl\/wp-content\/uploads\/2021\/08\/ELEMIC3.jpg.jpg\",\"width\":231,\"height\":218},{\"@type\":\"BreadcrumbList\",\"@id\":\"https:\/\/www.tiendairontech.cl\/index.php\/producto\/microfono-de-solapa-philco\/#breadcrumb\",\"itemListElement\":[{\"@type\":\"ListItem\",\"position\":1,\"name\":\"Portada\",\"item\":\"https:\/\/www.tiendairontech.cl\/\"},{\"@type\":\"ListItem\",\"position\":2,\"name\":\"Tienda\",\"item\":\"https:\/\/www.tiendairontech.cl\/?page_id=11\"},{\"@type\":\"ListItem\",\"position\":3,\"name\":\"MICROFONO DE SOLAPA PHILCO\"}]},{\"@type\":\"WebSite\",\"@id\":\"https:\/\/www.tiendairontech.cl\/#website\",\"url\":\"https:\/\/www.tiendairontech.cl\/\",\"name\":\"\",\"description\":\"\",\"potentialAction\":[{\"@type\":\"SearchAction\",\"target\":{\"@type\":\"EntryPoint\",\"urlTemplate\":\"https:\/\/www.tiendairontech.cl\/?s={search_term_string}\"},\"query-input\":\"required name=search_term_string\"}],\"inLanguage\":\"es-CL\"}]}<\/script>\n<!-- \/ Yoast SEO plugin. -->","yoast_head_json":{"title":"MICROFONO DE SOLAPA PHILCO -","robots":{"index":"index","follow":"follow","max-snippet":"max-snippet:-1","max-image-preview":"max-image-preview:large","max-video-preview":"max-video-preview:-1"},"canonical":"https:\/\/www.tiendairontech.cl\/index.php\/producto\/microfono-de-solapa-philco\/","og_locale":"es_ES","og_type":"article","og_title":"MICROFONO DE SOLAPA PHILCO -","og_description":"MICROFONO DE SOLAPA EST\u00c9REO CON RECEPCI\u00d3N OMNIDIRECCIONAL, REDUCCI\u00d3N DE RUIDO, SONIDO EST\u00c9REO, COMPATIBLE CON IPHONE Y ANDROID, CONECTOR DE 3,5MM, CLIP PARA SUJETAR, CABLE DE 1,4 METROS.","og_url":"https:\/\/www.tiendairontech.cl\/index.php\/producto\/microfono-de-solapa-philco\/","article_modified_time":"2024-05-23T21:26:53+00:00","og_image":[{"width":231,"height":218,"url":"https:\/\/www.tiendairontech.cl\/wp-content\/uploads\/2021\/08\/ELEMIC3.jpg.jpg","type":"image\/jpeg"}],"twitter_card":"summary_large_image","schema":{"@context":"https:\/\/schema.org","@graph":[{"@type":"WebPage","@id":"https:\/\/www.tiendairontech.cl\/index.php\/producto\/microfono-de-solapa-philco\/","url":"https:\/\/www.tiendairontech.cl\/index.php\/producto\/microfono-de-solapa-philco\/","name":"MICROFONO DE SOLAPA PHILCO -","isPartOf":{"@id":"https:\/\/www.tiendairontech.cl\/#website"},"primaryImageOfPage":{"@id":"https:\/\/www.tiendairontech.cl\/index.php\/producto\/microfono-de-solapa-philco\/#primaryimage"},"image":{"@id":"https:\/\/www.tiendairontech.cl\/index.php\/producto\/microfono-de-solapa-philco\/#primaryimage"},"thumbnailUrl":"https:\/\/www.tiendairontech.cl\/wp-content\/uploads\/2021\/08\/ELEMIC3.jpg.jpg","datePublished":"2021-08-10T23:07:41+00:00","dateModified":"2024-05-23T21:26:53+00:00","breadcrumb":{"@id":"https:\/\/www.tiendairontech.cl\/index.php\/producto\/microfono-de-solapa-philco\/#breadcrumb"},"inLanguage":"es-CL","potentialAction":[{"@type":"ReadAction","target":["https:\/\/www.tiendairontech.cl\/index.php\/producto\/microfono-de-solapa-philco\/"]}]},{"@type":"ImageObject","inLanguage":"es-CL","@id":"https:\/\/www.tiendairontech.cl\/index.php\/producto\/microfono-de-solapa-philco\/#primaryimage","url":"https:\/\/www.tiendairontech.cl\/wp-content\/uploads\/2021\/08\/ELEMIC3.jpg.jpg","contentUrl":"https:\/\/www.tiendairontech.cl\/wp-content\/uploads\/2021\/08\/ELEMIC3.jpg.jpg","width":231,"height":218},{"@type":"BreadcrumbList","@id":"https:\/\/www.tiendairontech.cl\/index.php\/producto\/microfono-de-solapa-philco\/#breadcrumb","itemListElement":[{"@type":"ListItem","position":1,"name":"Portada","item":"https:\/\/www.tiendairontech.cl\/"},{"@type":"ListItem","position":2,"name":"Tienda","item":"https:\/\/www.tiendairontech.cl\/?page_id=11"},{"@type":"ListItem","position":3,"name":"MICROFONO DE SOLAPA PHILCO"}]},{"@type":"WebSite","@id":"https:\/\/www.tiendairontech.cl\/#website","url":"https:\/\/www.tiendairontech.cl\/","name":"","description":"","potentialAction":[{"@type":"SearchAction","target":{"@type":"EntryPoint","urlTemplate":"https:\/\/www.tiendairontech.cl\/?s={search_term_string}"},"query-input":"required name=search_term_string"}],"inLanguage":"es-CL"}]}},"_links":{"self":[{"href":"https:\/\/www.tiendairontech.cl\/index.php\/wp-json\/wp\/v2\/product\/1692","targetHints":{"allow":["GET"]}}],"collection":[{"href":"https:\/\/www.tiendairontech.cl\/index.php\/wp-json\/wp\/v2\/product"}],"about":[{"href":"https:\/\/www.tiendairontech.cl\/index.php\/wp-json\/wp\/v2\/types\/product"}],"replies":[{"embeddable":true,"href":"https:\/\/www.tiendairontech.cl\/index.php\/wp-json\/wp\/v2\/comments?post=1692"}],"wp:featuredmedia":[{"embeddable":true,"href":"https:\/\/www.tiendairontech.cl\/index.php\/wp-json\/wp\/v2\/media\/1691"}],"wp:attachment":[{"href":"https:\/\/www.tiendairontech.cl\/index.php\/wp-json\/wp\/v2\/media?parent=1692"}],"wp:term":[{"taxonomy":"product_cat","embeddable":true,"href":"https:\/\/www.tiendairontech.cl\/index.php\/wp-json\/wp\/v2\/product_cat?post=1692"},{"taxonomy":"product_tag","embeddable":true,"href":"https:\/\/www.tiendairontech.cl\/index.php\/wp-json\/wp\/v2\/product_tag?post=1692"}],"curies":[{"name":"wp","href":"https:\/\/api.w.org\/{rel}","templated":true}]}}