{"id":1855,"date":"2021-08-18T22:34:48","date_gmt":"2021-08-18T22:34:48","guid":{"rendered":"https:\/\/www.tiendairontech.cl\/?post_type=product&#038;p=1855"},"modified":"2024-08-21T15:23:01","modified_gmt":"2024-08-21T15:23:01","slug":"parlante-automovil-aiwa-200w-6-5-2-vias","status":"publish","type":"product","link":"https:\/\/www.tiendairontech.cl\/index.php\/producto\/parlante-automovil-aiwa-200w-6-5-2-vias\/","title":{"rendered":"PARLANTE VEHICULO AIWA 200W 6.5\u201d 2 v\u00edas"},"content":{"rendered":"","protected":false},"excerpt":{"rendered":"<p>PARLANTE AUTOM\u00d3VIL AIWA 200W 16CM 6.5\u201d 2 V\u00cdAS, DISFRUTE DE SU M\u00daSICA FAVORITA EN SU VEH\u00cdCULO CON ESTOS POTENTES PARLANTES CON ALTA RESPUESTA DE FRECUENCIA EXCELENTE DISPERSI\u00d3N DEL SONIDO, QUE SIN DUDA HAR\u00c1 VIBRAR EL INTERIOR DE SU AUTOM\u00d3VIL.<\/p>\n","protected":false},"featured_media":1852,"comment_status":"closed","ping_status":"closed","template":"","meta":[],"product_brand":[],"product_cat":[168],"product_tag":[],"class_list":{"0":"post-1855","1":"product","2":"type-product","3":"status-publish","4":"has-post-thumbnail","6":"product_cat-index_radio_parlantes","8":"first","9":"instock","10":"taxable","11":"shipping-taxable","12":"purchasable","13":"product-type-simple"},"yoast_head":"<!-- This site is optimized with the Yoast SEO plugin v27.4 - https:\/\/yoast.com\/product\/yoast-seo-wordpress\/ -->\n<title>PARLANTE VEHICULO AIWA 200W 6.5\u201d 2 v\u00edas -<\/title>\n<meta name=\"robots\" content=\"index, follow, max-snippet:-1, max-image-preview:large, max-video-preview:-1\" \/>\n<link rel=\"canonical\" href=\"https:\/\/www.tiendairontech.cl\/index.php\/producto\/parlante-automovil-aiwa-200w-6-5-2-vias\/\" \/>\n<meta property=\"og:locale\" content=\"es_ES\" \/>\n<meta property=\"og:type\" content=\"article\" \/>\n<meta property=\"og:title\" content=\"PARLANTE VEHICULO AIWA 200W 6.5\u201d 2 v\u00edas -\" \/>\n<meta property=\"og:description\" content=\"PARLANTE AUTOM\u00d3VIL AIWA 200W 16CM 6.5\u201d 2 V\u00cdAS, DISFRUTE DE SU M\u00daSICA FAVORITA EN SU VEH\u00cdCULO CON ESTOS POTENTES PARLANTES CON ALTA RESPUESTA DE FRECUENCIA EXCELENTE DISPERSI\u00d3N DEL SONIDO, QUE SIN DUDA HAR\u00c1 VIBRAR EL INTERIOR DE SU AUTOM\u00d3VIL.\" \/>\n<meta property=\"og:url\" content=\"https:\/\/www.tiendairontech.cl\/index.php\/producto\/parlante-automovil-aiwa-200w-6-5-2-vias\/\" \/>\n<meta property=\"article:modified_time\" content=\"2024-08-21T15:23:01+00:00\" \/>\n<meta property=\"og:image\" content=\"https:\/\/www.tiendairontech.cl\/wp-content\/uploads\/2021\/08\/P1.jpg\" \/>\n\t<meta property=\"og:image:width\" content=\"225\" \/>\n\t<meta property=\"og:image:height\" content=\"225\" \/>\n\t<meta property=\"og:image:type\" content=\"image\/jpeg\" \/>\n<meta name=\"twitter:card\" content=\"summary_large_image\" \/>\n<meta name=\"twitter:label1\" content=\"Tiempo estimado de lectura\" \/>\n\t<meta name=\"twitter:data1\" content=\"1 minuto\" \/>\n<script type=\"application\/ld+json\" class=\"yoast-schema-graph\">{\"@context\":\"https:\\\/\\\/schema.org\",\"@graph\":[{\"@type\":\"WebPage\",\"@id\":\"https:\\\/\\\/www.tiendairontech.cl\\\/index.php\\\/producto\\\/parlante-automovil-aiwa-200w-6-5-2-vias\\\/\",\"url\":\"https:\\\/\\\/www.tiendairontech.cl\\\/index.php\\\/producto\\\/parlante-automovil-aiwa-200w-6-5-2-vias\\\/\",\"name\":\"PARLANTE VEHICULO AIWA 200W 6.5\u201d 2 v\u00edas -\",\"isPartOf\":{\"@id\":\"https:\\\/\\\/www.tiendairontech.cl\\\/#website\"},\"primaryImageOfPage\":{\"@id\":\"https:\\\/\\\/www.tiendairontech.cl\\\/index.php\\\/producto\\\/parlante-automovil-aiwa-200w-6-5-2-vias\\\/#primaryimage\"},\"image\":{\"@id\":\"https:\\\/\\\/www.tiendairontech.cl\\\/index.php\\\/producto\\\/parlante-automovil-aiwa-200w-6-5-2-vias\\\/#primaryimage\"},\"thumbnailUrl\":\"https:\\\/\\\/www.tiendairontech.cl\\\/wp-content\\\/uploads\\\/2021\\\/08\\\/P1.jpg\",\"datePublished\":\"2021-08-18T22:34:48+00:00\",\"dateModified\":\"2024-08-21T15:23:01+00:00\",\"breadcrumb\":{\"@id\":\"https:\\\/\\\/www.tiendairontech.cl\\\/index.php\\\/producto\\\/parlante-automovil-aiwa-200w-6-5-2-vias\\\/#breadcrumb\"},\"inLanguage\":\"es-CL\",\"potentialAction\":[{\"@type\":\"ReadAction\",\"target\":[\"https:\\\/\\\/www.tiendairontech.cl\\\/index.php\\\/producto\\\/parlante-automovil-aiwa-200w-6-5-2-vias\\\/\"]}]},{\"@type\":\"ImageObject\",\"inLanguage\":\"es-CL\",\"@id\":\"https:\\\/\\\/www.tiendairontech.cl\\\/index.php\\\/producto\\\/parlante-automovil-aiwa-200w-6-5-2-vias\\\/#primaryimage\",\"url\":\"https:\\\/\\\/www.tiendairontech.cl\\\/wp-content\\\/uploads\\\/2021\\\/08\\\/P1.jpg\",\"contentUrl\":\"https:\\\/\\\/www.tiendairontech.cl\\\/wp-content\\\/uploads\\\/2021\\\/08\\\/P1.jpg\",\"width\":225,\"height\":225},{\"@type\":\"BreadcrumbList\",\"@id\":\"https:\\\/\\\/www.tiendairontech.cl\\\/index.php\\\/producto\\\/parlante-automovil-aiwa-200w-6-5-2-vias\\\/#breadcrumb\",\"itemListElement\":[{\"@type\":\"ListItem\",\"position\":1,\"name\":\"Portada\",\"item\":\"https:\\\/\\\/www.tiendairontech.cl\\\/\"},{\"@type\":\"ListItem\",\"position\":2,\"name\":\"Tienda\",\"item\":\"https:\\\/\\\/www.tiendairontech.cl\\\/?page_id=11\"},{\"@type\":\"ListItem\",\"position\":3,\"name\":\"PARLANTE VEHICULO AIWA 200W 6.5\u201d 2 v\u00edas\"}]},{\"@type\":\"WebSite\",\"@id\":\"https:\\\/\\\/www.tiendairontech.cl\\\/#website\",\"url\":\"https:\\\/\\\/www.tiendairontech.cl\\\/\",\"name\":\"\",\"description\":\"\",\"potentialAction\":[{\"@type\":\"SearchAction\",\"target\":{\"@type\":\"EntryPoint\",\"urlTemplate\":\"https:\\\/\\\/www.tiendairontech.cl\\\/?s={search_term_string}\"},\"query-input\":{\"@type\":\"PropertyValueSpecification\",\"valueRequired\":true,\"valueName\":\"search_term_string\"}}],\"inLanguage\":\"es-CL\"}]}<\/script>\n<!-- \/ Yoast SEO plugin. -->","yoast_head_json":{"title":"PARLANTE VEHICULO AIWA 200W 6.5\u201d 2 v\u00edas -","robots":{"index":"index","follow":"follow","max-snippet":"max-snippet:-1","max-image-preview":"max-image-preview:large","max-video-preview":"max-video-preview:-1"},"canonical":"https:\/\/www.tiendairontech.cl\/index.php\/producto\/parlante-automovil-aiwa-200w-6-5-2-vias\/","og_locale":"es_ES","og_type":"article","og_title":"PARLANTE VEHICULO AIWA 200W 6.5\u201d 2 v\u00edas -","og_description":"PARLANTE AUTOM\u00d3VIL AIWA 200W 16CM 6.5\u201d 2 V\u00cdAS, DISFRUTE DE SU M\u00daSICA FAVORITA EN SU VEH\u00cdCULO CON ESTOS POTENTES PARLANTES CON ALTA RESPUESTA DE FRECUENCIA EXCELENTE DISPERSI\u00d3N DEL SONIDO, QUE SIN DUDA HAR\u00c1 VIBRAR EL INTERIOR DE SU AUTOM\u00d3VIL.","og_url":"https:\/\/www.tiendairontech.cl\/index.php\/producto\/parlante-automovil-aiwa-200w-6-5-2-vias\/","article_modified_time":"2024-08-21T15:23:01+00:00","og_image":[{"width":225,"height":225,"url":"https:\/\/www.tiendairontech.cl\/wp-content\/uploads\/2021\/08\/P1.jpg","type":"image\/jpeg"}],"twitter_card":"summary_large_image","twitter_misc":{"Tiempo estimado de lectura":"1 minuto"},"schema":{"@context":"https:\/\/schema.org","@graph":[{"@type":"WebPage","@id":"https:\/\/www.tiendairontech.cl\/index.php\/producto\/parlante-automovil-aiwa-200w-6-5-2-vias\/","url":"https:\/\/www.tiendairontech.cl\/index.php\/producto\/parlante-automovil-aiwa-200w-6-5-2-vias\/","name":"PARLANTE VEHICULO AIWA 200W 6.5\u201d 2 v\u00edas -","isPartOf":{"@id":"https:\/\/www.tiendairontech.cl\/#website"},"primaryImageOfPage":{"@id":"https:\/\/www.tiendairontech.cl\/index.php\/producto\/parlante-automovil-aiwa-200w-6-5-2-vias\/#primaryimage"},"image":{"@id":"https:\/\/www.tiendairontech.cl\/index.php\/producto\/parlante-automovil-aiwa-200w-6-5-2-vias\/#primaryimage"},"thumbnailUrl":"https:\/\/www.tiendairontech.cl\/wp-content\/uploads\/2021\/08\/P1.jpg","datePublished":"2021-08-18T22:34:48+00:00","dateModified":"2024-08-21T15:23:01+00:00","breadcrumb":{"@id":"https:\/\/www.tiendairontech.cl\/index.php\/producto\/parlante-automovil-aiwa-200w-6-5-2-vias\/#breadcrumb"},"inLanguage":"es-CL","potentialAction":[{"@type":"ReadAction","target":["https:\/\/www.tiendairontech.cl\/index.php\/producto\/parlante-automovil-aiwa-200w-6-5-2-vias\/"]}]},{"@type":"ImageObject","inLanguage":"es-CL","@id":"https:\/\/www.tiendairontech.cl\/index.php\/producto\/parlante-automovil-aiwa-200w-6-5-2-vias\/#primaryimage","url":"https:\/\/www.tiendairontech.cl\/wp-content\/uploads\/2021\/08\/P1.jpg","contentUrl":"https:\/\/www.tiendairontech.cl\/wp-content\/uploads\/2021\/08\/P1.jpg","width":225,"height":225},{"@type":"BreadcrumbList","@id":"https:\/\/www.tiendairontech.cl\/index.php\/producto\/parlante-automovil-aiwa-200w-6-5-2-vias\/#breadcrumb","itemListElement":[{"@type":"ListItem","position":1,"name":"Portada","item":"https:\/\/www.tiendairontech.cl\/"},{"@type":"ListItem","position":2,"name":"Tienda","item":"https:\/\/www.tiendairontech.cl\/?page_id=11"},{"@type":"ListItem","position":3,"name":"PARLANTE VEHICULO AIWA 200W 6.5\u201d 2 v\u00edas"}]},{"@type":"WebSite","@id":"https:\/\/www.tiendairontech.cl\/#website","url":"https:\/\/www.tiendairontech.cl\/","name":"","description":"","potentialAction":[{"@type":"SearchAction","target":{"@type":"EntryPoint","urlTemplate":"https:\/\/www.tiendairontech.cl\/?s={search_term_string}"},"query-input":{"@type":"PropertyValueSpecification","valueRequired":true,"valueName":"search_term_string"}}],"inLanguage":"es-CL"}]}},"_links":{"self":[{"href":"https:\/\/www.tiendairontech.cl\/index.php\/wp-json\/wp\/v2\/product\/1855","targetHints":{"allow":["GET"]}}],"collection":[{"href":"https:\/\/www.tiendairontech.cl\/index.php\/wp-json\/wp\/v2\/product"}],"about":[{"href":"https:\/\/www.tiendairontech.cl\/index.php\/wp-json\/wp\/v2\/types\/product"}],"replies":[{"embeddable":true,"href":"https:\/\/www.tiendairontech.cl\/index.php\/wp-json\/wp\/v2\/comments?post=1855"}],"wp:featuredmedia":[{"embeddable":true,"href":"https:\/\/www.tiendairontech.cl\/index.php\/wp-json\/wp\/v2\/media\/1852"}],"wp:attachment":[{"href":"https:\/\/www.tiendairontech.cl\/index.php\/wp-json\/wp\/v2\/media?parent=1855"}],"wp:term":[{"taxonomy":"product_brand","embeddable":true,"href":"https:\/\/www.tiendairontech.cl\/index.php\/wp-json\/wp\/v2\/product_brand?post=1855"},{"taxonomy":"product_cat","embeddable":true,"href":"https:\/\/www.tiendairontech.cl\/index.php\/wp-json\/wp\/v2\/product_cat?post=1855"},{"taxonomy":"product_tag","embeddable":true,"href":"https:\/\/www.tiendairontech.cl\/index.php\/wp-json\/wp\/v2\/product_tag?post=1855"}],"curies":[{"name":"wp","href":"https:\/\/api.w.org\/{rel}","templated":true}]}}