{"id":1998,"date":"2021-09-01T18:15:50","date_gmt":"2021-09-01T18:15:50","guid":{"rendered":"https:\/\/www.tiendairontech.cl\/index.php\/producto\/lampara-de-emergencia-philco-dos-focos-at58\/"},"modified":"2024-08-21T14:57:44","modified_gmt":"2024-08-21T14:57:44","slug":"lampara-de-emergencia-philco-dos-focos-at58","status":"publish","type":"product","link":"https:\/\/www.tiendairontech.cl\/index.php\/producto\/lampara-de-emergencia-philco-dos-focos-at58\/","title":{"rendered":"LAMPARA DE EMERGENCIA PHILCO DOS FOCOS AT58"},"content":{"rendered":"","protected":false},"excerpt":{"rendered":"<p>LAMPARA DE EMERGENCIA AT58 2 FOCOS FIJA PHILCO 18 LEDS BLANCOS DE ALTO BRILLO DE DURACI\u00d3N PROLONGADA ENCENDIDO AUTOM\u00c1TICO CUANDO SE PRODUZCA UN CORTE O BAJA DE TENSI\u00d3N EN LA RED EL\u00c9CTRICA TENSI\u00d3N 220V POTENCIA 4V 2.3AH  SOPORTE DE MURO\/MANILLA FACIL DE TRANSPORTE , 4H DURACI\u00d3N.<\/p>\n","protected":false},"featured_media":1997,"comment_status":"open","ping_status":"closed","template":"","meta":[],"product_cat":[149],"product_tag":[],"class_list":{"0":"post-1998","1":"product","2":"type-product","3":"status-publish","4":"has-post-thumbnail","6":"product_cat-index_luces_emergencia","8":"first","9":"instock","10":"taxable","11":"shipping-taxable","12":"purchasable","13":"product-type-simple"},"yoast_head":"<!-- This site is optimized with the Yoast SEO plugin v22.7 - https:\/\/yoast.com\/wordpress\/plugins\/seo\/ -->\n<title>LAMPARA DE EMERGENCIA PHILCO DOS FOCOS AT58 -<\/title>\n<meta name=\"robots\" content=\"index, follow, max-snippet:-1, max-image-preview:large, max-video-preview:-1\" \/>\n<link rel=\"canonical\" href=\"https:\/\/www.tiendairontech.cl\/index.php\/producto\/lampara-de-emergencia-philco-dos-focos-at58\/\" \/>\n<meta property=\"og:locale\" content=\"es_ES\" \/>\n<meta property=\"og:type\" content=\"article\" \/>\n<meta property=\"og:title\" content=\"LAMPARA DE EMERGENCIA PHILCO DOS FOCOS AT58 -\" \/>\n<meta property=\"og:description\" content=\"LAMPARA DE EMERGENCIA AT58 2 FOCOS FIJA PHILCO 18 LEDS BLANCOS DE ALTO BRILLO DE DURACI\u00d3N PROLONGADA ENCENDIDO AUTOM\u00c1TICO CUANDO SE PRODUZCA UN CORTE O BAJA DE TENSI\u00d3N EN LA RED EL\u00c9CTRICA TENSI\u00d3N 220V POTENCIA 4V 2.3AH SOPORTE DE MURO\/MANILLA FACIL DE TRANSPORTE , 4H DURACI\u00d3N.\" \/>\n<meta property=\"og:url\" content=\"https:\/\/www.tiendairontech.cl\/index.php\/producto\/lampara-de-emergencia-philco-dos-focos-at58\/\" \/>\n<meta property=\"article:modified_time\" content=\"2024-08-21T14:57:44+00:00\" \/>\n<meta property=\"og:image\" content=\"https:\/\/www.tiendairontech.cl\/wp-content\/uploads\/2021\/09\/ILUCAS19.jpg\" \/>\n\t<meta property=\"og:image:width\" content=\"196\" \/>\n\t<meta property=\"og:image:height\" content=\"196\" \/>\n\t<meta property=\"og:image:type\" content=\"image\/jpeg\" \/>\n<meta name=\"twitter:card\" content=\"summary_large_image\" \/>\n<meta name=\"twitter:label1\" content=\"Tiempo estimado de lectura\" \/>\n\t<meta name=\"twitter:data1\" content=\"1 minuto\" \/>\n<script type=\"application\/ld+json\" class=\"yoast-schema-graph\">{\"@context\":\"https:\/\/schema.org\",\"@graph\":[{\"@type\":\"WebPage\",\"@id\":\"https:\/\/www.tiendairontech.cl\/index.php\/producto\/lampara-de-emergencia-philco-dos-focos-at58\/\",\"url\":\"https:\/\/www.tiendairontech.cl\/index.php\/producto\/lampara-de-emergencia-philco-dos-focos-at58\/\",\"name\":\"LAMPARA DE EMERGENCIA PHILCO DOS FOCOS AT58 -\",\"isPartOf\":{\"@id\":\"https:\/\/www.tiendairontech.cl\/#website\"},\"primaryImageOfPage\":{\"@id\":\"https:\/\/www.tiendairontech.cl\/index.php\/producto\/lampara-de-emergencia-philco-dos-focos-at58\/#primaryimage\"},\"image\":{\"@id\":\"https:\/\/www.tiendairontech.cl\/index.php\/producto\/lampara-de-emergencia-philco-dos-focos-at58\/#primaryimage\"},\"thumbnailUrl\":\"https:\/\/www.tiendairontech.cl\/wp-content\/uploads\/2021\/09\/ILUCAS19.jpg\",\"datePublished\":\"2021-09-01T18:15:50+00:00\",\"dateModified\":\"2024-08-21T14:57:44+00:00\",\"breadcrumb\":{\"@id\":\"https:\/\/www.tiendairontech.cl\/index.php\/producto\/lampara-de-emergencia-philco-dos-focos-at58\/#breadcrumb\"},\"inLanguage\":\"es-CL\",\"potentialAction\":[{\"@type\":\"ReadAction\",\"target\":[\"https:\/\/www.tiendairontech.cl\/index.php\/producto\/lampara-de-emergencia-philco-dos-focos-at58\/\"]}]},{\"@type\":\"ImageObject\",\"inLanguage\":\"es-CL\",\"@id\":\"https:\/\/www.tiendairontech.cl\/index.php\/producto\/lampara-de-emergencia-philco-dos-focos-at58\/#primaryimage\",\"url\":\"https:\/\/www.tiendairontech.cl\/wp-content\/uploads\/2021\/09\/ILUCAS19.jpg\",\"contentUrl\":\"https:\/\/www.tiendairontech.cl\/wp-content\/uploads\/2021\/09\/ILUCAS19.jpg\",\"width\":196,\"height\":196},{\"@type\":\"BreadcrumbList\",\"@id\":\"https:\/\/www.tiendairontech.cl\/index.php\/producto\/lampara-de-emergencia-philco-dos-focos-at58\/#breadcrumb\",\"itemListElement\":[{\"@type\":\"ListItem\",\"position\":1,\"name\":\"Portada\",\"item\":\"https:\/\/www.tiendairontech.cl\/\"},{\"@type\":\"ListItem\",\"position\":2,\"name\":\"Tienda\",\"item\":\"https:\/\/www.tiendairontech.cl\/?page_id=11\"},{\"@type\":\"ListItem\",\"position\":3,\"name\":\"LAMPARA DE EMERGENCIA PHILCO DOS FOCOS AT58\"}]},{\"@type\":\"WebSite\",\"@id\":\"https:\/\/www.tiendairontech.cl\/#website\",\"url\":\"https:\/\/www.tiendairontech.cl\/\",\"name\":\"\",\"description\":\"\",\"potentialAction\":[{\"@type\":\"SearchAction\",\"target\":{\"@type\":\"EntryPoint\",\"urlTemplate\":\"https:\/\/www.tiendairontech.cl\/?s={search_term_string}\"},\"query-input\":\"required name=search_term_string\"}],\"inLanguage\":\"es-CL\"}]}<\/script>\n<!-- \/ Yoast SEO plugin. -->","yoast_head_json":{"title":"LAMPARA DE EMERGENCIA PHILCO DOS FOCOS AT58 -","robots":{"index":"index","follow":"follow","max-snippet":"max-snippet:-1","max-image-preview":"max-image-preview:large","max-video-preview":"max-video-preview:-1"},"canonical":"https:\/\/www.tiendairontech.cl\/index.php\/producto\/lampara-de-emergencia-philco-dos-focos-at58\/","og_locale":"es_ES","og_type":"article","og_title":"LAMPARA DE EMERGENCIA PHILCO DOS FOCOS AT58 -","og_description":"LAMPARA DE EMERGENCIA AT58 2 FOCOS FIJA PHILCO 18 LEDS BLANCOS DE ALTO BRILLO DE DURACI\u00d3N PROLONGADA ENCENDIDO AUTOM\u00c1TICO CUANDO SE PRODUZCA UN CORTE O BAJA DE TENSI\u00d3N EN LA RED EL\u00c9CTRICA TENSI\u00d3N 220V POTENCIA 4V 2.3AH SOPORTE DE MURO\/MANILLA FACIL DE TRANSPORTE , 4H DURACI\u00d3N.","og_url":"https:\/\/www.tiendairontech.cl\/index.php\/producto\/lampara-de-emergencia-philco-dos-focos-at58\/","article_modified_time":"2024-08-21T14:57:44+00:00","og_image":[{"width":196,"height":196,"url":"https:\/\/www.tiendairontech.cl\/wp-content\/uploads\/2021\/09\/ILUCAS19.jpg","type":"image\/jpeg"}],"twitter_card":"summary_large_image","twitter_misc":{"Tiempo estimado de lectura":"1 minuto"},"schema":{"@context":"https:\/\/schema.org","@graph":[{"@type":"WebPage","@id":"https:\/\/www.tiendairontech.cl\/index.php\/producto\/lampara-de-emergencia-philco-dos-focos-at58\/","url":"https:\/\/www.tiendairontech.cl\/index.php\/producto\/lampara-de-emergencia-philco-dos-focos-at58\/","name":"LAMPARA DE EMERGENCIA PHILCO DOS FOCOS AT58 -","isPartOf":{"@id":"https:\/\/www.tiendairontech.cl\/#website"},"primaryImageOfPage":{"@id":"https:\/\/www.tiendairontech.cl\/index.php\/producto\/lampara-de-emergencia-philco-dos-focos-at58\/#primaryimage"},"image":{"@id":"https:\/\/www.tiendairontech.cl\/index.php\/producto\/lampara-de-emergencia-philco-dos-focos-at58\/#primaryimage"},"thumbnailUrl":"https:\/\/www.tiendairontech.cl\/wp-content\/uploads\/2021\/09\/ILUCAS19.jpg","datePublished":"2021-09-01T18:15:50+00:00","dateModified":"2024-08-21T14:57:44+00:00","breadcrumb":{"@id":"https:\/\/www.tiendairontech.cl\/index.php\/producto\/lampara-de-emergencia-philco-dos-focos-at58\/#breadcrumb"},"inLanguage":"es-CL","potentialAction":[{"@type":"ReadAction","target":["https:\/\/www.tiendairontech.cl\/index.php\/producto\/lampara-de-emergencia-philco-dos-focos-at58\/"]}]},{"@type":"ImageObject","inLanguage":"es-CL","@id":"https:\/\/www.tiendairontech.cl\/index.php\/producto\/lampara-de-emergencia-philco-dos-focos-at58\/#primaryimage","url":"https:\/\/www.tiendairontech.cl\/wp-content\/uploads\/2021\/09\/ILUCAS19.jpg","contentUrl":"https:\/\/www.tiendairontech.cl\/wp-content\/uploads\/2021\/09\/ILUCAS19.jpg","width":196,"height":196},{"@type":"BreadcrumbList","@id":"https:\/\/www.tiendairontech.cl\/index.php\/producto\/lampara-de-emergencia-philco-dos-focos-at58\/#breadcrumb","itemListElement":[{"@type":"ListItem","position":1,"name":"Portada","item":"https:\/\/www.tiendairontech.cl\/"},{"@type":"ListItem","position":2,"name":"Tienda","item":"https:\/\/www.tiendairontech.cl\/?page_id=11"},{"@type":"ListItem","position":3,"name":"LAMPARA DE EMERGENCIA PHILCO DOS FOCOS AT58"}]},{"@type":"WebSite","@id":"https:\/\/www.tiendairontech.cl\/#website","url":"https:\/\/www.tiendairontech.cl\/","name":"","description":"","potentialAction":[{"@type":"SearchAction","target":{"@type":"EntryPoint","urlTemplate":"https:\/\/www.tiendairontech.cl\/?s={search_term_string}"},"query-input":"required name=search_term_string"}],"inLanguage":"es-CL"}]}},"_links":{"self":[{"href":"https:\/\/www.tiendairontech.cl\/index.php\/wp-json\/wp\/v2\/product\/1998","targetHints":{"allow":["GET"]}}],"collection":[{"href":"https:\/\/www.tiendairontech.cl\/index.php\/wp-json\/wp\/v2\/product"}],"about":[{"href":"https:\/\/www.tiendairontech.cl\/index.php\/wp-json\/wp\/v2\/types\/product"}],"replies":[{"embeddable":true,"href":"https:\/\/www.tiendairontech.cl\/index.php\/wp-json\/wp\/v2\/comments?post=1998"}],"wp:featuredmedia":[{"embeddable":true,"href":"https:\/\/www.tiendairontech.cl\/index.php\/wp-json\/wp\/v2\/media\/1997"}],"wp:attachment":[{"href":"https:\/\/www.tiendairontech.cl\/index.php\/wp-json\/wp\/v2\/media?parent=1998"}],"wp:term":[{"taxonomy":"product_cat","embeddable":true,"href":"https:\/\/www.tiendairontech.cl\/index.php\/wp-json\/wp\/v2\/product_cat?post=1998"},{"taxonomy":"product_tag","embeddable":true,"href":"https:\/\/www.tiendairontech.cl\/index.php\/wp-json\/wp\/v2\/product_tag?post=1998"}],"curies":[{"name":"wp","href":"https:\/\/api.w.org\/{rel}","templated":true}]}}