{"id":2000,"date":"2021-09-01T18:15:50","date_gmt":"2021-09-01T18:15:50","guid":{"rendered":"https:\/\/www.tiendairontech.cl\/index.php\/producto\/lampara-de-emergencia-philco-dos-focos-at60\/"},"modified":"2024-08-21T14:58:10","modified_gmt":"2024-08-21T14:58:10","slug":"lampara-de-emergencia-philco-dos-focos-at60","status":"publish","type":"product","link":"https:\/\/www.tiendairontech.cl\/index.php\/producto\/lampara-de-emergencia-philco-dos-focos-at60\/","title":{"rendered":"LAMPARA DE EMERGENCIA PHILCO DOS FOCOS AT60"},"content":{"rendered":"","protected":false},"excerpt":{"rendered":"<p>LAMPARA DE EMERGENCIA AT60 2 FOCOS FIJA PHILCO 24 LEDS BLANCOS DE ALTO BRILLO DE DURACI\u00d3N PROLONGADA ENCENDIDO AUTOM\u00c1TICO CUANDO SE PRODUZCA UN CORTE O BAJA DE TENSI\u00d3N EN LA RED EL\u00c9CTRICA TENSI\u00d3N 220V POTENCIA 2.4W M\u00c1XIMO, FLUJO LUMINOSO 300LM M\u00c1XIMO, SOPORTE DE MURO\/USO EN INTERIORES GRADO IP20 BATER\u00cdA RECARGABLE NI-CD.<\/p>\n","protected":false},"featured_media":1999,"comment_status":"open","ping_status":"closed","template":"","meta":[],"product_brand":[],"product_cat":[149],"product_tag":[],"class_list":{"0":"post-2000","1":"product","2":"type-product","3":"status-publish","4":"has-post-thumbnail","6":"product_cat-index_luces_emergencia","8":"first","9":"instock","10":"taxable","11":"shipping-taxable","12":"purchasable","13":"product-type-simple"},"yoast_head":"<!-- This site is optimized with the Yoast SEO plugin v27.4 - https:\/\/yoast.com\/product\/yoast-seo-wordpress\/ -->\n<title>LAMPARA DE EMERGENCIA PHILCO DOS FOCOS AT60 -<\/title>\n<meta name=\"robots\" content=\"index, follow, max-snippet:-1, max-image-preview:large, max-video-preview:-1\" \/>\n<link rel=\"canonical\" href=\"https:\/\/www.tiendairontech.cl\/index.php\/producto\/lampara-de-emergencia-philco-dos-focos-at60\/\" \/>\n<meta property=\"og:locale\" content=\"es_ES\" \/>\n<meta property=\"og:type\" content=\"article\" \/>\n<meta property=\"og:title\" content=\"LAMPARA DE EMERGENCIA PHILCO DOS FOCOS AT60 -\" \/>\n<meta property=\"og:description\" content=\"LAMPARA DE EMERGENCIA AT60 2 FOCOS FIJA PHILCO 24 LEDS BLANCOS DE ALTO BRILLO DE DURACI\u00d3N PROLONGADA ENCENDIDO AUTOM\u00c1TICO CUANDO SE PRODUZCA UN CORTE O BAJA DE TENSI\u00d3N EN LA RED EL\u00c9CTRICA TENSI\u00d3N 220V POTENCIA 2.4W M\u00c1XIMO, FLUJO LUMINOSO 300LM M\u00c1XIMO, SOPORTE DE MURO\/USO EN INTERIORES GRADO IP20 BATER\u00cdA RECARGABLE NI-CD.\" \/>\n<meta property=\"og:url\" content=\"https:\/\/www.tiendairontech.cl\/index.php\/producto\/lampara-de-emergencia-philco-dos-focos-at60\/\" \/>\n<meta property=\"article:modified_time\" content=\"2024-08-21T14:58:10+00:00\" \/>\n<meta property=\"og:image\" content=\"https:\/\/www.tiendairontech.cl\/wp-content\/uploads\/2021\/09\/ILUCAS20.jpg\" \/>\n\t<meta property=\"og:image:width\" content=\"225\" \/>\n\t<meta property=\"og:image:height\" content=\"225\" \/>\n\t<meta property=\"og:image:type\" content=\"image\/jpeg\" \/>\n<meta name=\"twitter:card\" content=\"summary_large_image\" \/>\n<meta name=\"twitter:label1\" content=\"Tiempo estimado de lectura\" \/>\n\t<meta name=\"twitter:data1\" content=\"1 minuto\" \/>\n<script type=\"application\/ld+json\" class=\"yoast-schema-graph\">{\"@context\":\"https:\\\/\\\/schema.org\",\"@graph\":[{\"@type\":\"WebPage\",\"@id\":\"https:\\\/\\\/www.tiendairontech.cl\\\/index.php\\\/producto\\\/lampara-de-emergencia-philco-dos-focos-at60\\\/\",\"url\":\"https:\\\/\\\/www.tiendairontech.cl\\\/index.php\\\/producto\\\/lampara-de-emergencia-philco-dos-focos-at60\\\/\",\"name\":\"LAMPARA DE EMERGENCIA PHILCO DOS FOCOS AT60 -\",\"isPartOf\":{\"@id\":\"https:\\\/\\\/www.tiendairontech.cl\\\/#website\"},\"primaryImageOfPage\":{\"@id\":\"https:\\\/\\\/www.tiendairontech.cl\\\/index.php\\\/producto\\\/lampara-de-emergencia-philco-dos-focos-at60\\\/#primaryimage\"},\"image\":{\"@id\":\"https:\\\/\\\/www.tiendairontech.cl\\\/index.php\\\/producto\\\/lampara-de-emergencia-philco-dos-focos-at60\\\/#primaryimage\"},\"thumbnailUrl\":\"https:\\\/\\\/www.tiendairontech.cl\\\/wp-content\\\/uploads\\\/2021\\\/09\\\/ILUCAS20.jpg\",\"datePublished\":\"2021-09-01T18:15:50+00:00\",\"dateModified\":\"2024-08-21T14:58:10+00:00\",\"breadcrumb\":{\"@id\":\"https:\\\/\\\/www.tiendairontech.cl\\\/index.php\\\/producto\\\/lampara-de-emergencia-philco-dos-focos-at60\\\/#breadcrumb\"},\"inLanguage\":\"es-CL\",\"potentialAction\":[{\"@type\":\"ReadAction\",\"target\":[\"https:\\\/\\\/www.tiendairontech.cl\\\/index.php\\\/producto\\\/lampara-de-emergencia-philco-dos-focos-at60\\\/\"]}]},{\"@type\":\"ImageObject\",\"inLanguage\":\"es-CL\",\"@id\":\"https:\\\/\\\/www.tiendairontech.cl\\\/index.php\\\/producto\\\/lampara-de-emergencia-philco-dos-focos-at60\\\/#primaryimage\",\"url\":\"https:\\\/\\\/www.tiendairontech.cl\\\/wp-content\\\/uploads\\\/2021\\\/09\\\/ILUCAS20.jpg\",\"contentUrl\":\"https:\\\/\\\/www.tiendairontech.cl\\\/wp-content\\\/uploads\\\/2021\\\/09\\\/ILUCAS20.jpg\",\"width\":225,\"height\":225},{\"@type\":\"BreadcrumbList\",\"@id\":\"https:\\\/\\\/www.tiendairontech.cl\\\/index.php\\\/producto\\\/lampara-de-emergencia-philco-dos-focos-at60\\\/#breadcrumb\",\"itemListElement\":[{\"@type\":\"ListItem\",\"position\":1,\"name\":\"Portada\",\"item\":\"https:\\\/\\\/www.tiendairontech.cl\\\/\"},{\"@type\":\"ListItem\",\"position\":2,\"name\":\"Tienda\",\"item\":\"https:\\\/\\\/www.tiendairontech.cl\\\/?page_id=11\"},{\"@type\":\"ListItem\",\"position\":3,\"name\":\"LAMPARA DE EMERGENCIA PHILCO DOS FOCOS AT60\"}]},{\"@type\":\"WebSite\",\"@id\":\"https:\\\/\\\/www.tiendairontech.cl\\\/#website\",\"url\":\"https:\\\/\\\/www.tiendairontech.cl\\\/\",\"name\":\"\",\"description\":\"\",\"potentialAction\":[{\"@type\":\"SearchAction\",\"target\":{\"@type\":\"EntryPoint\",\"urlTemplate\":\"https:\\\/\\\/www.tiendairontech.cl\\\/?s={search_term_string}\"},\"query-input\":{\"@type\":\"PropertyValueSpecification\",\"valueRequired\":true,\"valueName\":\"search_term_string\"}}],\"inLanguage\":\"es-CL\"}]}<\/script>\n<!-- \/ Yoast SEO plugin. -->","yoast_head_json":{"title":"LAMPARA DE EMERGENCIA PHILCO DOS FOCOS AT60 -","robots":{"index":"index","follow":"follow","max-snippet":"max-snippet:-1","max-image-preview":"max-image-preview:large","max-video-preview":"max-video-preview:-1"},"canonical":"https:\/\/www.tiendairontech.cl\/index.php\/producto\/lampara-de-emergencia-philco-dos-focos-at60\/","og_locale":"es_ES","og_type":"article","og_title":"LAMPARA DE EMERGENCIA PHILCO DOS FOCOS AT60 -","og_description":"LAMPARA DE EMERGENCIA AT60 2 FOCOS FIJA PHILCO 24 LEDS BLANCOS DE ALTO BRILLO DE DURACI\u00d3N PROLONGADA ENCENDIDO AUTOM\u00c1TICO CUANDO SE PRODUZCA UN CORTE O BAJA DE TENSI\u00d3N EN LA RED EL\u00c9CTRICA TENSI\u00d3N 220V POTENCIA 2.4W M\u00c1XIMO, FLUJO LUMINOSO 300LM M\u00c1XIMO, SOPORTE DE MURO\/USO EN INTERIORES GRADO IP20 BATER\u00cdA RECARGABLE NI-CD.","og_url":"https:\/\/www.tiendairontech.cl\/index.php\/producto\/lampara-de-emergencia-philco-dos-focos-at60\/","article_modified_time":"2024-08-21T14:58:10+00:00","og_image":[{"width":225,"height":225,"url":"https:\/\/www.tiendairontech.cl\/wp-content\/uploads\/2021\/09\/ILUCAS20.jpg","type":"image\/jpeg"}],"twitter_card":"summary_large_image","twitter_misc":{"Tiempo estimado de lectura":"1 minuto"},"schema":{"@context":"https:\/\/schema.org","@graph":[{"@type":"WebPage","@id":"https:\/\/www.tiendairontech.cl\/index.php\/producto\/lampara-de-emergencia-philco-dos-focos-at60\/","url":"https:\/\/www.tiendairontech.cl\/index.php\/producto\/lampara-de-emergencia-philco-dos-focos-at60\/","name":"LAMPARA DE EMERGENCIA PHILCO DOS FOCOS AT60 -","isPartOf":{"@id":"https:\/\/www.tiendairontech.cl\/#website"},"primaryImageOfPage":{"@id":"https:\/\/www.tiendairontech.cl\/index.php\/producto\/lampara-de-emergencia-philco-dos-focos-at60\/#primaryimage"},"image":{"@id":"https:\/\/www.tiendairontech.cl\/index.php\/producto\/lampara-de-emergencia-philco-dos-focos-at60\/#primaryimage"},"thumbnailUrl":"https:\/\/www.tiendairontech.cl\/wp-content\/uploads\/2021\/09\/ILUCAS20.jpg","datePublished":"2021-09-01T18:15:50+00:00","dateModified":"2024-08-21T14:58:10+00:00","breadcrumb":{"@id":"https:\/\/www.tiendairontech.cl\/index.php\/producto\/lampara-de-emergencia-philco-dos-focos-at60\/#breadcrumb"},"inLanguage":"es-CL","potentialAction":[{"@type":"ReadAction","target":["https:\/\/www.tiendairontech.cl\/index.php\/producto\/lampara-de-emergencia-philco-dos-focos-at60\/"]}]},{"@type":"ImageObject","inLanguage":"es-CL","@id":"https:\/\/www.tiendairontech.cl\/index.php\/producto\/lampara-de-emergencia-philco-dos-focos-at60\/#primaryimage","url":"https:\/\/www.tiendairontech.cl\/wp-content\/uploads\/2021\/09\/ILUCAS20.jpg","contentUrl":"https:\/\/www.tiendairontech.cl\/wp-content\/uploads\/2021\/09\/ILUCAS20.jpg","width":225,"height":225},{"@type":"BreadcrumbList","@id":"https:\/\/www.tiendairontech.cl\/index.php\/producto\/lampara-de-emergencia-philco-dos-focos-at60\/#breadcrumb","itemListElement":[{"@type":"ListItem","position":1,"name":"Portada","item":"https:\/\/www.tiendairontech.cl\/"},{"@type":"ListItem","position":2,"name":"Tienda","item":"https:\/\/www.tiendairontech.cl\/?page_id=11"},{"@type":"ListItem","position":3,"name":"LAMPARA DE EMERGENCIA PHILCO DOS FOCOS AT60"}]},{"@type":"WebSite","@id":"https:\/\/www.tiendairontech.cl\/#website","url":"https:\/\/www.tiendairontech.cl\/","name":"","description":"","potentialAction":[{"@type":"SearchAction","target":{"@type":"EntryPoint","urlTemplate":"https:\/\/www.tiendairontech.cl\/?s={search_term_string}"},"query-input":{"@type":"PropertyValueSpecification","valueRequired":true,"valueName":"search_term_string"}}],"inLanguage":"es-CL"}]}},"_links":{"self":[{"href":"https:\/\/www.tiendairontech.cl\/index.php\/wp-json\/wp\/v2\/product\/2000","targetHints":{"allow":["GET"]}}],"collection":[{"href":"https:\/\/www.tiendairontech.cl\/index.php\/wp-json\/wp\/v2\/product"}],"about":[{"href":"https:\/\/www.tiendairontech.cl\/index.php\/wp-json\/wp\/v2\/types\/product"}],"replies":[{"embeddable":true,"href":"https:\/\/www.tiendairontech.cl\/index.php\/wp-json\/wp\/v2\/comments?post=2000"}],"wp:featuredmedia":[{"embeddable":true,"href":"https:\/\/www.tiendairontech.cl\/index.php\/wp-json\/wp\/v2\/media\/1999"}],"wp:attachment":[{"href":"https:\/\/www.tiendairontech.cl\/index.php\/wp-json\/wp\/v2\/media?parent=2000"}],"wp:term":[{"taxonomy":"product_brand","embeddable":true,"href":"https:\/\/www.tiendairontech.cl\/index.php\/wp-json\/wp\/v2\/product_brand?post=2000"},{"taxonomy":"product_cat","embeddable":true,"href":"https:\/\/www.tiendairontech.cl\/index.php\/wp-json\/wp\/v2\/product_cat?post=2000"},{"taxonomy":"product_tag","embeddable":true,"href":"https:\/\/www.tiendairontech.cl\/index.php\/wp-json\/wp\/v2\/product_tag?post=2000"}],"curies":[{"name":"wp","href":"https:\/\/api.w.org\/{rel}","templated":true}]}}