{"id":2024,"date":"2021-09-01T18:16:06","date_gmt":"2021-09-01T18:16:06","guid":{"rendered":"https:\/\/www.tiendairontech.cl\/index.php\/producto\/linterna-led-recargable-mdl-8508\/"},"modified":"2021-09-16T14:11:54","modified_gmt":"2021-09-16T14:11:54","slug":"linterna-led-recargable-mdl-8508","status":"publish","type":"product","link":"https:\/\/www.tiendairontech.cl\/index.php\/producto\/linterna-led-recargable-mdl-8508\/","title":{"rendered":"LINTERNA LED RECARGABLE  MDL 8508"},"content":{"rendered":"","protected":false},"excerpt":{"rendered":"<p>LINTERNA DE MANO TACTICAL FLASHLIGHT CARACTER\u00cdSTICAS: ALEACI\u00d3N DE ALUMINIO. BOMBILLA: T6 LUZ COLOR BLANCO. NIVEL DE LUZ: ALTO-MEDIO-BAJO-ESTRO BOSC\u00d3PICO-SOS. CLIP PARA CINTUR\u00d3N. LUZ LED CON ZOOM AJUSTABLE. DOS BATER\u00cdAS RECARGABLES 18650, 3.7V \u2013 INCLUIDAS. INCLUYE CARGADOR EXTERNO.<\/p>\n","protected":false},"featured_media":2023,"comment_status":"open","ping_status":"closed","template":"","meta":[],"product_brand":[],"product_cat":[90],"product_tag":[],"class_list":{"0":"post-2024","1":"product","2":"type-product","3":"status-publish","4":"has-post-thumbnail","6":"product_cat-index_linternas","8":"first","9":"instock","10":"taxable","11":"shipping-taxable","12":"purchasable","13":"product-type-simple"},"yoast_head":"<!-- This site is optimized with the Yoast SEO plugin v27.4 - https:\/\/yoast.com\/product\/yoast-seo-wordpress\/ -->\n<title>LINTERNA LED RECARGABLE MDL 8508 -<\/title>\n<meta name=\"robots\" content=\"index, follow, max-snippet:-1, max-image-preview:large, max-video-preview:-1\" \/>\n<link rel=\"canonical\" href=\"https:\/\/www.tiendairontech.cl\/index.php\/producto\/linterna-led-recargable-mdl-8508\/\" \/>\n<meta property=\"og:locale\" content=\"es_ES\" \/>\n<meta property=\"og:type\" content=\"article\" \/>\n<meta property=\"og:title\" content=\"LINTERNA LED RECARGABLE MDL 8508 -\" \/>\n<meta property=\"og:description\" content=\"LINTERNA DE MANO TACTICAL FLASHLIGHT CARACTER\u00cdSTICAS: ALEACI\u00d3N DE ALUMINIO. BOMBILLA: T6 LUZ COLOR BLANCO. NIVEL DE LUZ: ALTO-MEDIO-BAJO-ESTRO BOSC\u00d3PICO-SOS. CLIP PARA CINTUR\u00d3N. LUZ LED CON ZOOM AJUSTABLE. DOS BATER\u00cdAS RECARGABLES 18650, 3.7V \u2013 INCLUIDAS. INCLUYE CARGADOR EXTERNO.\" \/>\n<meta property=\"og:url\" content=\"https:\/\/www.tiendairontech.cl\/index.php\/producto\/linterna-led-recargable-mdl-8508\/\" \/>\n<meta property=\"article:modified_time\" content=\"2021-09-16T14:11:54+00:00\" \/>\n<meta property=\"og:image\" content=\"https:\/\/www.tiendairontech.cl\/wp-content\/uploads\/2021\/09\/ILULIN7.jpg\" \/>\n\t<meta property=\"og:image:width\" content=\"225\" \/>\n\t<meta property=\"og:image:height\" content=\"225\" \/>\n\t<meta property=\"og:image:type\" content=\"image\/jpeg\" \/>\n<meta name=\"twitter:card\" content=\"summary_large_image\" \/>\n<script type=\"application\/ld+json\" class=\"yoast-schema-graph\">{\"@context\":\"https:\\\/\\\/schema.org\",\"@graph\":[{\"@type\":\"WebPage\",\"@id\":\"https:\\\/\\\/www.tiendairontech.cl\\\/index.php\\\/producto\\\/linterna-led-recargable-mdl-8508\\\/\",\"url\":\"https:\\\/\\\/www.tiendairontech.cl\\\/index.php\\\/producto\\\/linterna-led-recargable-mdl-8508\\\/\",\"name\":\"LINTERNA LED RECARGABLE MDL 8508 -\",\"isPartOf\":{\"@id\":\"https:\\\/\\\/www.tiendairontech.cl\\\/#website\"},\"primaryImageOfPage\":{\"@id\":\"https:\\\/\\\/www.tiendairontech.cl\\\/index.php\\\/producto\\\/linterna-led-recargable-mdl-8508\\\/#primaryimage\"},\"image\":{\"@id\":\"https:\\\/\\\/www.tiendairontech.cl\\\/index.php\\\/producto\\\/linterna-led-recargable-mdl-8508\\\/#primaryimage\"},\"thumbnailUrl\":\"https:\\\/\\\/www.tiendairontech.cl\\\/wp-content\\\/uploads\\\/2021\\\/09\\\/ILULIN7.jpg\",\"datePublished\":\"2021-09-01T18:16:06+00:00\",\"dateModified\":\"2021-09-16T14:11:54+00:00\",\"breadcrumb\":{\"@id\":\"https:\\\/\\\/www.tiendairontech.cl\\\/index.php\\\/producto\\\/linterna-led-recargable-mdl-8508\\\/#breadcrumb\"},\"inLanguage\":\"es-CL\",\"potentialAction\":[{\"@type\":\"ReadAction\",\"target\":[\"https:\\\/\\\/www.tiendairontech.cl\\\/index.php\\\/producto\\\/linterna-led-recargable-mdl-8508\\\/\"]}]},{\"@type\":\"ImageObject\",\"inLanguage\":\"es-CL\",\"@id\":\"https:\\\/\\\/www.tiendairontech.cl\\\/index.php\\\/producto\\\/linterna-led-recargable-mdl-8508\\\/#primaryimage\",\"url\":\"https:\\\/\\\/www.tiendairontech.cl\\\/wp-content\\\/uploads\\\/2021\\\/09\\\/ILULIN7.jpg\",\"contentUrl\":\"https:\\\/\\\/www.tiendairontech.cl\\\/wp-content\\\/uploads\\\/2021\\\/09\\\/ILULIN7.jpg\",\"width\":225,\"height\":225},{\"@type\":\"BreadcrumbList\",\"@id\":\"https:\\\/\\\/www.tiendairontech.cl\\\/index.php\\\/producto\\\/linterna-led-recargable-mdl-8508\\\/#breadcrumb\",\"itemListElement\":[{\"@type\":\"ListItem\",\"position\":1,\"name\":\"Portada\",\"item\":\"https:\\\/\\\/www.tiendairontech.cl\\\/\"},{\"@type\":\"ListItem\",\"position\":2,\"name\":\"Tienda\",\"item\":\"https:\\\/\\\/www.tiendairontech.cl\\\/?page_id=11\"},{\"@type\":\"ListItem\",\"position\":3,\"name\":\"LINTERNA LED RECARGABLE MDL 8508\"}]},{\"@type\":\"WebSite\",\"@id\":\"https:\\\/\\\/www.tiendairontech.cl\\\/#website\",\"url\":\"https:\\\/\\\/www.tiendairontech.cl\\\/\",\"name\":\"\",\"description\":\"\",\"potentialAction\":[{\"@type\":\"SearchAction\",\"target\":{\"@type\":\"EntryPoint\",\"urlTemplate\":\"https:\\\/\\\/www.tiendairontech.cl\\\/?s={search_term_string}\"},\"query-input\":{\"@type\":\"PropertyValueSpecification\",\"valueRequired\":true,\"valueName\":\"search_term_string\"}}],\"inLanguage\":\"es-CL\"}]}<\/script>\n<!-- \/ Yoast SEO plugin. -->","yoast_head_json":{"title":"LINTERNA LED RECARGABLE MDL 8508 -","robots":{"index":"index","follow":"follow","max-snippet":"max-snippet:-1","max-image-preview":"max-image-preview:large","max-video-preview":"max-video-preview:-1"},"canonical":"https:\/\/www.tiendairontech.cl\/index.php\/producto\/linterna-led-recargable-mdl-8508\/","og_locale":"es_ES","og_type":"article","og_title":"LINTERNA LED RECARGABLE MDL 8508 -","og_description":"LINTERNA DE MANO TACTICAL FLASHLIGHT CARACTER\u00cdSTICAS: ALEACI\u00d3N DE ALUMINIO. BOMBILLA: T6 LUZ COLOR BLANCO. NIVEL DE LUZ: ALTO-MEDIO-BAJO-ESTRO BOSC\u00d3PICO-SOS. CLIP PARA CINTUR\u00d3N. LUZ LED CON ZOOM AJUSTABLE. DOS BATER\u00cdAS RECARGABLES 18650, 3.7V \u2013 INCLUIDAS. INCLUYE CARGADOR EXTERNO.","og_url":"https:\/\/www.tiendairontech.cl\/index.php\/producto\/linterna-led-recargable-mdl-8508\/","article_modified_time":"2021-09-16T14:11:54+00:00","og_image":[{"width":225,"height":225,"url":"https:\/\/www.tiendairontech.cl\/wp-content\/uploads\/2021\/09\/ILULIN7.jpg","type":"image\/jpeg"}],"twitter_card":"summary_large_image","schema":{"@context":"https:\/\/schema.org","@graph":[{"@type":"WebPage","@id":"https:\/\/www.tiendairontech.cl\/index.php\/producto\/linterna-led-recargable-mdl-8508\/","url":"https:\/\/www.tiendairontech.cl\/index.php\/producto\/linterna-led-recargable-mdl-8508\/","name":"LINTERNA LED RECARGABLE MDL 8508 -","isPartOf":{"@id":"https:\/\/www.tiendairontech.cl\/#website"},"primaryImageOfPage":{"@id":"https:\/\/www.tiendairontech.cl\/index.php\/producto\/linterna-led-recargable-mdl-8508\/#primaryimage"},"image":{"@id":"https:\/\/www.tiendairontech.cl\/index.php\/producto\/linterna-led-recargable-mdl-8508\/#primaryimage"},"thumbnailUrl":"https:\/\/www.tiendairontech.cl\/wp-content\/uploads\/2021\/09\/ILULIN7.jpg","datePublished":"2021-09-01T18:16:06+00:00","dateModified":"2021-09-16T14:11:54+00:00","breadcrumb":{"@id":"https:\/\/www.tiendairontech.cl\/index.php\/producto\/linterna-led-recargable-mdl-8508\/#breadcrumb"},"inLanguage":"es-CL","potentialAction":[{"@type":"ReadAction","target":["https:\/\/www.tiendairontech.cl\/index.php\/producto\/linterna-led-recargable-mdl-8508\/"]}]},{"@type":"ImageObject","inLanguage":"es-CL","@id":"https:\/\/www.tiendairontech.cl\/index.php\/producto\/linterna-led-recargable-mdl-8508\/#primaryimage","url":"https:\/\/www.tiendairontech.cl\/wp-content\/uploads\/2021\/09\/ILULIN7.jpg","contentUrl":"https:\/\/www.tiendairontech.cl\/wp-content\/uploads\/2021\/09\/ILULIN7.jpg","width":225,"height":225},{"@type":"BreadcrumbList","@id":"https:\/\/www.tiendairontech.cl\/index.php\/producto\/linterna-led-recargable-mdl-8508\/#breadcrumb","itemListElement":[{"@type":"ListItem","position":1,"name":"Portada","item":"https:\/\/www.tiendairontech.cl\/"},{"@type":"ListItem","position":2,"name":"Tienda","item":"https:\/\/www.tiendairontech.cl\/?page_id=11"},{"@type":"ListItem","position":3,"name":"LINTERNA LED RECARGABLE MDL 8508"}]},{"@type":"WebSite","@id":"https:\/\/www.tiendairontech.cl\/#website","url":"https:\/\/www.tiendairontech.cl\/","name":"","description":"","potentialAction":[{"@type":"SearchAction","target":{"@type":"EntryPoint","urlTemplate":"https:\/\/www.tiendairontech.cl\/?s={search_term_string}"},"query-input":{"@type":"PropertyValueSpecification","valueRequired":true,"valueName":"search_term_string"}}],"inLanguage":"es-CL"}]}},"_links":{"self":[{"href":"https:\/\/www.tiendairontech.cl\/index.php\/wp-json\/wp\/v2\/product\/2024","targetHints":{"allow":["GET"]}}],"collection":[{"href":"https:\/\/www.tiendairontech.cl\/index.php\/wp-json\/wp\/v2\/product"}],"about":[{"href":"https:\/\/www.tiendairontech.cl\/index.php\/wp-json\/wp\/v2\/types\/product"}],"replies":[{"embeddable":true,"href":"https:\/\/www.tiendairontech.cl\/index.php\/wp-json\/wp\/v2\/comments?post=2024"}],"wp:featuredmedia":[{"embeddable":true,"href":"https:\/\/www.tiendairontech.cl\/index.php\/wp-json\/wp\/v2\/media\/2023"}],"wp:attachment":[{"href":"https:\/\/www.tiendairontech.cl\/index.php\/wp-json\/wp\/v2\/media?parent=2024"}],"wp:term":[{"taxonomy":"product_brand","embeddable":true,"href":"https:\/\/www.tiendairontech.cl\/index.php\/wp-json\/wp\/v2\/product_brand?post=2024"},{"taxonomy":"product_cat","embeddable":true,"href":"https:\/\/www.tiendairontech.cl\/index.php\/wp-json\/wp\/v2\/product_cat?post=2024"},{"taxonomy":"product_tag","embeddable":true,"href":"https:\/\/www.tiendairontech.cl\/index.php\/wp-json\/wp\/v2\/product_tag?post=2024"}],"curies":[{"name":"wp","href":"https:\/\/api.w.org\/{rel}","templated":true}]}}