{"id":2160,"date":"2021-09-01T18:16:27","date_gmt":"2021-09-01T18:16:27","guid":{"rendered":"https:\/\/www.tiendairontech.cl\/index.php\/producto\/luz-laser-mini-tripode-colgante\/"},"modified":"2021-09-16T14:15:28","modified_gmt":"2021-09-16T14:15:28","slug":"luz-laser-mini-tripode-colgante","status":"publish","type":"product","link":"https:\/\/www.tiendairontech.cl\/index.php\/producto\/luz-laser-mini-tripode-colgante\/","title":{"rendered":"LUZ LASER MINI TRIPODE \/ COLGANTE"},"content":{"rendered":"","protected":false},"excerpt":{"rendered":"<p>L\u00c1SER CON PROYECCI\u00d3N DE FIGURAS PARA ANIMAR Y DAR EFECTOS A TUS FIESTAS Y EVENTOS, CON DISE\u00d1OS QUE CAMBIAN DE MANERA ALEATORIA, COMPLEMENT\u00c1NDOSE AL RITMO DE LA M\u00daSICA. TRIPOIDE MULTIANGULAR SE PUEDE MONTAR SOBRE EL TECHO, CUATRO PATRONES DE DISE\u00d1O L\u00c1SER, CONTROL REMOTO, SENSOR R\u00cdTMICO DE M\u00daSICA , CONTROL DE FUNCI\u00d3N FLASH, ESTROBOSC\u00d3PICO, CONEXI\u00d3N: 220V.<\/p>\n","protected":false},"featured_media":2157,"comment_status":"open","ping_status":"closed","template":"","meta":[],"product_brand":[],"product_cat":[97],"product_tag":[],"class_list":{"0":"post-2160","1":"product","2":"type-product","3":"status-publish","4":"has-post-thumbnail","6":"product_cat-index_luces_discoteca","8":"first","9":"instock","10":"taxable","11":"shipping-taxable","12":"purchasable","13":"product-type-simple"},"yoast_head":"<!-- This site is optimized with the Yoast SEO plugin v27.4 - https:\/\/yoast.com\/product\/yoast-seo-wordpress\/ -->\n<title>LUZ LASER MINI TRIPODE \/ COLGANTE -<\/title>\n<meta name=\"robots\" content=\"index, follow, max-snippet:-1, max-image-preview:large, max-video-preview:-1\" \/>\n<link rel=\"canonical\" href=\"https:\/\/www.tiendairontech.cl\/index.php\/producto\/luz-laser-mini-tripode-colgante\/\" \/>\n<meta property=\"og:locale\" content=\"es_ES\" \/>\n<meta property=\"og:type\" content=\"article\" \/>\n<meta property=\"og:title\" content=\"LUZ LASER MINI TRIPODE \/ COLGANTE -\" \/>\n<meta property=\"og:description\" content=\"L\u00c1SER CON PROYECCI\u00d3N DE FIGURAS PARA ANIMAR Y DAR EFECTOS A TUS FIESTAS Y EVENTOS, CON DISE\u00d1OS QUE CAMBIAN DE MANERA ALEATORIA, COMPLEMENT\u00c1NDOSE AL RITMO DE LA M\u00daSICA. TRIPOIDE MULTIANGULAR SE PUEDE MONTAR SOBRE EL TECHO, CUATRO PATRONES DE DISE\u00d1O L\u00c1SER, CONTROL REMOTO, SENSOR R\u00cdTMICO DE M\u00daSICA , CONTROL DE FUNCI\u00d3N FLASH, ESTROBOSC\u00d3PICO, CONEXI\u00d3N: 220V.\" \/>\n<meta property=\"og:url\" content=\"https:\/\/www.tiendairontech.cl\/index.php\/producto\/luz-laser-mini-tripode-colgante\/\" \/>\n<meta property=\"article:modified_time\" content=\"2021-09-16T14:15:28+00:00\" \/>\n<meta property=\"og:image\" content=\"https:\/\/www.tiendairontech.cl\/wp-content\/uploads\/2021\/09\/ILULUC7.jpg\" \/>\n\t<meta property=\"og:image:width\" content=\"159\" \/>\n\t<meta property=\"og:image:height\" content=\"159\" \/>\n\t<meta property=\"og:image:type\" content=\"image\/jpeg\" \/>\n<meta name=\"twitter:card\" content=\"summary_large_image\" \/>\n<script type=\"application\/ld+json\" class=\"yoast-schema-graph\">{\"@context\":\"https:\\\/\\\/schema.org\",\"@graph\":[{\"@type\":\"WebPage\",\"@id\":\"https:\\\/\\\/www.tiendairontech.cl\\\/index.php\\\/producto\\\/luz-laser-mini-tripode-colgante\\\/\",\"url\":\"https:\\\/\\\/www.tiendairontech.cl\\\/index.php\\\/producto\\\/luz-laser-mini-tripode-colgante\\\/\",\"name\":\"LUZ LASER MINI TRIPODE \\\/ COLGANTE -\",\"isPartOf\":{\"@id\":\"https:\\\/\\\/www.tiendairontech.cl\\\/#website\"},\"primaryImageOfPage\":{\"@id\":\"https:\\\/\\\/www.tiendairontech.cl\\\/index.php\\\/producto\\\/luz-laser-mini-tripode-colgante\\\/#primaryimage\"},\"image\":{\"@id\":\"https:\\\/\\\/www.tiendairontech.cl\\\/index.php\\\/producto\\\/luz-laser-mini-tripode-colgante\\\/#primaryimage\"},\"thumbnailUrl\":\"https:\\\/\\\/www.tiendairontech.cl\\\/wp-content\\\/uploads\\\/2021\\\/09\\\/ILULUC7.jpg\",\"datePublished\":\"2021-09-01T18:16:27+00:00\",\"dateModified\":\"2021-09-16T14:15:28+00:00\",\"breadcrumb\":{\"@id\":\"https:\\\/\\\/www.tiendairontech.cl\\\/index.php\\\/producto\\\/luz-laser-mini-tripode-colgante\\\/#breadcrumb\"},\"inLanguage\":\"es-CL\",\"potentialAction\":[{\"@type\":\"ReadAction\",\"target\":[\"https:\\\/\\\/www.tiendairontech.cl\\\/index.php\\\/producto\\\/luz-laser-mini-tripode-colgante\\\/\"]}]},{\"@type\":\"ImageObject\",\"inLanguage\":\"es-CL\",\"@id\":\"https:\\\/\\\/www.tiendairontech.cl\\\/index.php\\\/producto\\\/luz-laser-mini-tripode-colgante\\\/#primaryimage\",\"url\":\"https:\\\/\\\/www.tiendairontech.cl\\\/wp-content\\\/uploads\\\/2021\\\/09\\\/ILULUC7.jpg\",\"contentUrl\":\"https:\\\/\\\/www.tiendairontech.cl\\\/wp-content\\\/uploads\\\/2021\\\/09\\\/ILULUC7.jpg\",\"width\":159,\"height\":159},{\"@type\":\"BreadcrumbList\",\"@id\":\"https:\\\/\\\/www.tiendairontech.cl\\\/index.php\\\/producto\\\/luz-laser-mini-tripode-colgante\\\/#breadcrumb\",\"itemListElement\":[{\"@type\":\"ListItem\",\"position\":1,\"name\":\"Portada\",\"item\":\"https:\\\/\\\/www.tiendairontech.cl\\\/\"},{\"@type\":\"ListItem\",\"position\":2,\"name\":\"Tienda\",\"item\":\"https:\\\/\\\/www.tiendairontech.cl\\\/?page_id=11\"},{\"@type\":\"ListItem\",\"position\":3,\"name\":\"LUZ LASER MINI TRIPODE \\\/ COLGANTE\"}]},{\"@type\":\"WebSite\",\"@id\":\"https:\\\/\\\/www.tiendairontech.cl\\\/#website\",\"url\":\"https:\\\/\\\/www.tiendairontech.cl\\\/\",\"name\":\"\",\"description\":\"\",\"potentialAction\":[{\"@type\":\"SearchAction\",\"target\":{\"@type\":\"EntryPoint\",\"urlTemplate\":\"https:\\\/\\\/www.tiendairontech.cl\\\/?s={search_term_string}\"},\"query-input\":{\"@type\":\"PropertyValueSpecification\",\"valueRequired\":true,\"valueName\":\"search_term_string\"}}],\"inLanguage\":\"es-CL\"}]}<\/script>\n<!-- \/ Yoast SEO plugin. -->","yoast_head_json":{"title":"LUZ LASER MINI TRIPODE \/ COLGANTE -","robots":{"index":"index","follow":"follow","max-snippet":"max-snippet:-1","max-image-preview":"max-image-preview:large","max-video-preview":"max-video-preview:-1"},"canonical":"https:\/\/www.tiendairontech.cl\/index.php\/producto\/luz-laser-mini-tripode-colgante\/","og_locale":"es_ES","og_type":"article","og_title":"LUZ LASER MINI TRIPODE \/ COLGANTE -","og_description":"L\u00c1SER CON PROYECCI\u00d3N DE FIGURAS PARA ANIMAR Y DAR EFECTOS A TUS FIESTAS Y EVENTOS, CON DISE\u00d1OS QUE CAMBIAN DE MANERA ALEATORIA, COMPLEMENT\u00c1NDOSE AL RITMO DE LA M\u00daSICA. TRIPOIDE MULTIANGULAR SE PUEDE MONTAR SOBRE EL TECHO, CUATRO PATRONES DE DISE\u00d1O L\u00c1SER, CONTROL REMOTO, SENSOR R\u00cdTMICO DE M\u00daSICA , CONTROL DE FUNCI\u00d3N FLASH, ESTROBOSC\u00d3PICO, CONEXI\u00d3N: 220V.","og_url":"https:\/\/www.tiendairontech.cl\/index.php\/producto\/luz-laser-mini-tripode-colgante\/","article_modified_time":"2021-09-16T14:15:28+00:00","og_image":[{"width":159,"height":159,"url":"https:\/\/www.tiendairontech.cl\/wp-content\/uploads\/2021\/09\/ILULUC7.jpg","type":"image\/jpeg"}],"twitter_card":"summary_large_image","schema":{"@context":"https:\/\/schema.org","@graph":[{"@type":"WebPage","@id":"https:\/\/www.tiendairontech.cl\/index.php\/producto\/luz-laser-mini-tripode-colgante\/","url":"https:\/\/www.tiendairontech.cl\/index.php\/producto\/luz-laser-mini-tripode-colgante\/","name":"LUZ LASER MINI TRIPODE \/ COLGANTE -","isPartOf":{"@id":"https:\/\/www.tiendairontech.cl\/#website"},"primaryImageOfPage":{"@id":"https:\/\/www.tiendairontech.cl\/index.php\/producto\/luz-laser-mini-tripode-colgante\/#primaryimage"},"image":{"@id":"https:\/\/www.tiendairontech.cl\/index.php\/producto\/luz-laser-mini-tripode-colgante\/#primaryimage"},"thumbnailUrl":"https:\/\/www.tiendairontech.cl\/wp-content\/uploads\/2021\/09\/ILULUC7.jpg","datePublished":"2021-09-01T18:16:27+00:00","dateModified":"2021-09-16T14:15:28+00:00","breadcrumb":{"@id":"https:\/\/www.tiendairontech.cl\/index.php\/producto\/luz-laser-mini-tripode-colgante\/#breadcrumb"},"inLanguage":"es-CL","potentialAction":[{"@type":"ReadAction","target":["https:\/\/www.tiendairontech.cl\/index.php\/producto\/luz-laser-mini-tripode-colgante\/"]}]},{"@type":"ImageObject","inLanguage":"es-CL","@id":"https:\/\/www.tiendairontech.cl\/index.php\/producto\/luz-laser-mini-tripode-colgante\/#primaryimage","url":"https:\/\/www.tiendairontech.cl\/wp-content\/uploads\/2021\/09\/ILULUC7.jpg","contentUrl":"https:\/\/www.tiendairontech.cl\/wp-content\/uploads\/2021\/09\/ILULUC7.jpg","width":159,"height":159},{"@type":"BreadcrumbList","@id":"https:\/\/www.tiendairontech.cl\/index.php\/producto\/luz-laser-mini-tripode-colgante\/#breadcrumb","itemListElement":[{"@type":"ListItem","position":1,"name":"Portada","item":"https:\/\/www.tiendairontech.cl\/"},{"@type":"ListItem","position":2,"name":"Tienda","item":"https:\/\/www.tiendairontech.cl\/?page_id=11"},{"@type":"ListItem","position":3,"name":"LUZ LASER MINI TRIPODE \/ COLGANTE"}]},{"@type":"WebSite","@id":"https:\/\/www.tiendairontech.cl\/#website","url":"https:\/\/www.tiendairontech.cl\/","name":"","description":"","potentialAction":[{"@type":"SearchAction","target":{"@type":"EntryPoint","urlTemplate":"https:\/\/www.tiendairontech.cl\/?s={search_term_string}"},"query-input":{"@type":"PropertyValueSpecification","valueRequired":true,"valueName":"search_term_string"}}],"inLanguage":"es-CL"}]}},"_links":{"self":[{"href":"https:\/\/www.tiendairontech.cl\/index.php\/wp-json\/wp\/v2\/product\/2160","targetHints":{"allow":["GET"]}}],"collection":[{"href":"https:\/\/www.tiendairontech.cl\/index.php\/wp-json\/wp\/v2\/product"}],"about":[{"href":"https:\/\/www.tiendairontech.cl\/index.php\/wp-json\/wp\/v2\/types\/product"}],"replies":[{"embeddable":true,"href":"https:\/\/www.tiendairontech.cl\/index.php\/wp-json\/wp\/v2\/comments?post=2160"}],"wp:featuredmedia":[{"embeddable":true,"href":"https:\/\/www.tiendairontech.cl\/index.php\/wp-json\/wp\/v2\/media\/2157"}],"wp:attachment":[{"href":"https:\/\/www.tiendairontech.cl\/index.php\/wp-json\/wp\/v2\/media?parent=2160"}],"wp:term":[{"taxonomy":"product_brand","embeddable":true,"href":"https:\/\/www.tiendairontech.cl\/index.php\/wp-json\/wp\/v2\/product_brand?post=2160"},{"taxonomy":"product_cat","embeddable":true,"href":"https:\/\/www.tiendairontech.cl\/index.php\/wp-json\/wp\/v2\/product_cat?post=2160"},{"taxonomy":"product_tag","embeddable":true,"href":"https:\/\/www.tiendairontech.cl\/index.php\/wp-json\/wp\/v2\/product_tag?post=2160"}],"curies":[{"name":"wp","href":"https:\/\/api.w.org\/{rel}","templated":true}]}}