{"id":2178,"date":"2021-09-02T15:47:26","date_gmt":"2021-09-02T15:47:26","guid":{"rendered":"https:\/\/www.tiendairontech.cl\/?post_type=product&#038;p=2178"},"modified":"2021-09-02T15:47:26","modified_gmt":"2021-09-02T15:47:26","slug":"lampara-led-de-atmosfera","status":"publish","type":"product","link":"https:\/\/www.tiendairontech.cl\/index.php\/producto\/lampara-led-de-atmosfera\/","title":{"rendered":"LAMPARA LED DE ATMOSFERA"},"content":{"rendered":"","protected":false},"excerpt":{"rendered":"<p>NUEVA LUZ DE ATM\u00d3SFERA DE CONTROL REMOTO RGB IDEAL PARA TOMAR FOTOS 7W, ALIMENTACION POR USB, EL \u00c1NGULO DE LA LENTE DE CRISTAL LA TAPA DE LA L\u00c1MPARA ADMITE UN AJUSTE DE 180.<\/p>\n","protected":false},"featured_media":2163,"comment_status":"closed","ping_status":"closed","template":"","meta":[],"product_brand":[],"product_cat":[97],"product_tag":[],"class_list":{"0":"post-2178","1":"product","2":"type-product","3":"status-publish","4":"has-post-thumbnail","6":"product_cat-index_luces_discoteca","8":"first","9":"instock","10":"taxable","11":"shipping-taxable","12":"purchasable","13":"product-type-simple"},"yoast_head":"<!-- This site is optimized with the Yoast SEO plugin v27.4 - https:\/\/yoast.com\/product\/yoast-seo-wordpress\/ -->\n<title>LAMPARA LED DE ATMOSFERA -<\/title>\n<meta name=\"robots\" content=\"index, follow, max-snippet:-1, max-image-preview:large, max-video-preview:-1\" \/>\n<link rel=\"canonical\" href=\"https:\/\/www.tiendairontech.cl\/index.php\/producto\/lampara-led-de-atmosfera\/\" \/>\n<meta property=\"og:locale\" content=\"es_ES\" \/>\n<meta property=\"og:type\" content=\"article\" \/>\n<meta property=\"og:title\" content=\"LAMPARA LED DE ATMOSFERA -\" \/>\n<meta property=\"og:description\" content=\"NUEVA LUZ DE ATM\u00d3SFERA DE CONTROL REMOTO RGB IDEAL PARA TOMAR FOTOS 7W, ALIMENTACION POR USB, EL \u00c1NGULO DE LA LENTE DE CRISTAL LA TAPA DE LA L\u00c1MPARA ADMITE UN AJUSTE DE 180.\" \/>\n<meta property=\"og:url\" content=\"https:\/\/www.tiendairontech.cl\/index.php\/producto\/lampara-led-de-atmosfera\/\" \/>\n<meta property=\"og:image\" content=\"https:\/\/www.tiendairontech.cl\/wp-content\/uploads\/2021\/09\/ILULUC10.jpg\" \/>\n\t<meta property=\"og:image:width\" content=\"196\" \/>\n\t<meta property=\"og:image:height\" content=\"196\" \/>\n\t<meta property=\"og:image:type\" content=\"image\/jpeg\" \/>\n<meta name=\"twitter:card\" content=\"summary_large_image\" \/>\n<script type=\"application\/ld+json\" class=\"yoast-schema-graph\">{\"@context\":\"https:\\\/\\\/schema.org\",\"@graph\":[{\"@type\":\"WebPage\",\"@id\":\"https:\\\/\\\/www.tiendairontech.cl\\\/index.php\\\/producto\\\/lampara-led-de-atmosfera\\\/\",\"url\":\"https:\\\/\\\/www.tiendairontech.cl\\\/index.php\\\/producto\\\/lampara-led-de-atmosfera\\\/\",\"name\":\"LAMPARA LED DE ATMOSFERA -\",\"isPartOf\":{\"@id\":\"https:\\\/\\\/www.tiendairontech.cl\\\/#website\"},\"primaryImageOfPage\":{\"@id\":\"https:\\\/\\\/www.tiendairontech.cl\\\/index.php\\\/producto\\\/lampara-led-de-atmosfera\\\/#primaryimage\"},\"image\":{\"@id\":\"https:\\\/\\\/www.tiendairontech.cl\\\/index.php\\\/producto\\\/lampara-led-de-atmosfera\\\/#primaryimage\"},\"thumbnailUrl\":\"https:\\\/\\\/www.tiendairontech.cl\\\/wp-content\\\/uploads\\\/2021\\\/09\\\/ILULUC10.jpg\",\"datePublished\":\"2021-09-02T15:47:26+00:00\",\"breadcrumb\":{\"@id\":\"https:\\\/\\\/www.tiendairontech.cl\\\/index.php\\\/producto\\\/lampara-led-de-atmosfera\\\/#breadcrumb\"},\"inLanguage\":\"es-CL\",\"potentialAction\":[{\"@type\":\"ReadAction\",\"target\":[\"https:\\\/\\\/www.tiendairontech.cl\\\/index.php\\\/producto\\\/lampara-led-de-atmosfera\\\/\"]}]},{\"@type\":\"ImageObject\",\"inLanguage\":\"es-CL\",\"@id\":\"https:\\\/\\\/www.tiendairontech.cl\\\/index.php\\\/producto\\\/lampara-led-de-atmosfera\\\/#primaryimage\",\"url\":\"https:\\\/\\\/www.tiendairontech.cl\\\/wp-content\\\/uploads\\\/2021\\\/09\\\/ILULUC10.jpg\",\"contentUrl\":\"https:\\\/\\\/www.tiendairontech.cl\\\/wp-content\\\/uploads\\\/2021\\\/09\\\/ILULUC10.jpg\",\"width\":196,\"height\":196},{\"@type\":\"BreadcrumbList\",\"@id\":\"https:\\\/\\\/www.tiendairontech.cl\\\/index.php\\\/producto\\\/lampara-led-de-atmosfera\\\/#breadcrumb\",\"itemListElement\":[{\"@type\":\"ListItem\",\"position\":1,\"name\":\"Portada\",\"item\":\"https:\\\/\\\/www.tiendairontech.cl\\\/\"},{\"@type\":\"ListItem\",\"position\":2,\"name\":\"Tienda\",\"item\":\"https:\\\/\\\/www.tiendairontech.cl\\\/?page_id=11\"},{\"@type\":\"ListItem\",\"position\":3,\"name\":\"LAMPARA LED DE ATMOSFERA\"}]},{\"@type\":\"WebSite\",\"@id\":\"https:\\\/\\\/www.tiendairontech.cl\\\/#website\",\"url\":\"https:\\\/\\\/www.tiendairontech.cl\\\/\",\"name\":\"\",\"description\":\"\",\"potentialAction\":[{\"@type\":\"SearchAction\",\"target\":{\"@type\":\"EntryPoint\",\"urlTemplate\":\"https:\\\/\\\/www.tiendairontech.cl\\\/?s={search_term_string}\"},\"query-input\":{\"@type\":\"PropertyValueSpecification\",\"valueRequired\":true,\"valueName\":\"search_term_string\"}}],\"inLanguage\":\"es-CL\"}]}<\/script>\n<!-- \/ Yoast SEO plugin. -->","yoast_head_json":{"title":"LAMPARA LED DE ATMOSFERA -","robots":{"index":"index","follow":"follow","max-snippet":"max-snippet:-1","max-image-preview":"max-image-preview:large","max-video-preview":"max-video-preview:-1"},"canonical":"https:\/\/www.tiendairontech.cl\/index.php\/producto\/lampara-led-de-atmosfera\/","og_locale":"es_ES","og_type":"article","og_title":"LAMPARA LED DE ATMOSFERA -","og_description":"NUEVA LUZ DE ATM\u00d3SFERA DE CONTROL REMOTO RGB IDEAL PARA TOMAR FOTOS 7W, ALIMENTACION POR USB, EL \u00c1NGULO DE LA LENTE DE CRISTAL LA TAPA DE LA L\u00c1MPARA ADMITE UN AJUSTE DE 180.","og_url":"https:\/\/www.tiendairontech.cl\/index.php\/producto\/lampara-led-de-atmosfera\/","og_image":[{"width":196,"height":196,"url":"https:\/\/www.tiendairontech.cl\/wp-content\/uploads\/2021\/09\/ILULUC10.jpg","type":"image\/jpeg"}],"twitter_card":"summary_large_image","schema":{"@context":"https:\/\/schema.org","@graph":[{"@type":"WebPage","@id":"https:\/\/www.tiendairontech.cl\/index.php\/producto\/lampara-led-de-atmosfera\/","url":"https:\/\/www.tiendairontech.cl\/index.php\/producto\/lampara-led-de-atmosfera\/","name":"LAMPARA LED DE ATMOSFERA -","isPartOf":{"@id":"https:\/\/www.tiendairontech.cl\/#website"},"primaryImageOfPage":{"@id":"https:\/\/www.tiendairontech.cl\/index.php\/producto\/lampara-led-de-atmosfera\/#primaryimage"},"image":{"@id":"https:\/\/www.tiendairontech.cl\/index.php\/producto\/lampara-led-de-atmosfera\/#primaryimage"},"thumbnailUrl":"https:\/\/www.tiendairontech.cl\/wp-content\/uploads\/2021\/09\/ILULUC10.jpg","datePublished":"2021-09-02T15:47:26+00:00","breadcrumb":{"@id":"https:\/\/www.tiendairontech.cl\/index.php\/producto\/lampara-led-de-atmosfera\/#breadcrumb"},"inLanguage":"es-CL","potentialAction":[{"@type":"ReadAction","target":["https:\/\/www.tiendairontech.cl\/index.php\/producto\/lampara-led-de-atmosfera\/"]}]},{"@type":"ImageObject","inLanguage":"es-CL","@id":"https:\/\/www.tiendairontech.cl\/index.php\/producto\/lampara-led-de-atmosfera\/#primaryimage","url":"https:\/\/www.tiendairontech.cl\/wp-content\/uploads\/2021\/09\/ILULUC10.jpg","contentUrl":"https:\/\/www.tiendairontech.cl\/wp-content\/uploads\/2021\/09\/ILULUC10.jpg","width":196,"height":196},{"@type":"BreadcrumbList","@id":"https:\/\/www.tiendairontech.cl\/index.php\/producto\/lampara-led-de-atmosfera\/#breadcrumb","itemListElement":[{"@type":"ListItem","position":1,"name":"Portada","item":"https:\/\/www.tiendairontech.cl\/"},{"@type":"ListItem","position":2,"name":"Tienda","item":"https:\/\/www.tiendairontech.cl\/?page_id=11"},{"@type":"ListItem","position":3,"name":"LAMPARA LED DE ATMOSFERA"}]},{"@type":"WebSite","@id":"https:\/\/www.tiendairontech.cl\/#website","url":"https:\/\/www.tiendairontech.cl\/","name":"","description":"","potentialAction":[{"@type":"SearchAction","target":{"@type":"EntryPoint","urlTemplate":"https:\/\/www.tiendairontech.cl\/?s={search_term_string}"},"query-input":{"@type":"PropertyValueSpecification","valueRequired":true,"valueName":"search_term_string"}}],"inLanguage":"es-CL"}]}},"_links":{"self":[{"href":"https:\/\/www.tiendairontech.cl\/index.php\/wp-json\/wp\/v2\/product\/2178","targetHints":{"allow":["GET"]}}],"collection":[{"href":"https:\/\/www.tiendairontech.cl\/index.php\/wp-json\/wp\/v2\/product"}],"about":[{"href":"https:\/\/www.tiendairontech.cl\/index.php\/wp-json\/wp\/v2\/types\/product"}],"replies":[{"embeddable":true,"href":"https:\/\/www.tiendairontech.cl\/index.php\/wp-json\/wp\/v2\/comments?post=2178"}],"wp:featuredmedia":[{"embeddable":true,"href":"https:\/\/www.tiendairontech.cl\/index.php\/wp-json\/wp\/v2\/media\/2163"}],"wp:attachment":[{"href":"https:\/\/www.tiendairontech.cl\/index.php\/wp-json\/wp\/v2\/media?parent=2178"}],"wp:term":[{"taxonomy":"product_brand","embeddable":true,"href":"https:\/\/www.tiendairontech.cl\/index.php\/wp-json\/wp\/v2\/product_brand?post=2178"},{"taxonomy":"product_cat","embeddable":true,"href":"https:\/\/www.tiendairontech.cl\/index.php\/wp-json\/wp\/v2\/product_cat?post=2178"},{"taxonomy":"product_tag","embeddable":true,"href":"https:\/\/www.tiendairontech.cl\/index.php\/wp-json\/wp\/v2\/product_tag?post=2178"}],"curies":[{"name":"wp","href":"https:\/\/api.w.org\/{rel}","templated":true}]}}