{"id":2222,"date":"2021-09-02T22:03:23","date_gmt":"2021-09-02T22:03:23","guid":{"rendered":"https:\/\/www.tiendairontech.cl\/?post_type=product&#038;p=2222"},"modified":"2024-08-21T14:25:47","modified_gmt":"2024-08-21T14:25:47","slug":"ampolleta-4-puntas-30w-rgb-bt-music-control-remoto","status":"publish","type":"product","link":"https:\/\/www.tiendairontech.cl\/index.php\/producto\/ampolleta-4-puntas-30w-rgb-bt-music-control-remoto\/","title":{"rendered":"AMPOLLETA 4 PUNTAS 30W RGB BT MUSIC CONTROL REMOTO"},"content":{"rendered":"","protected":false},"excerpt":{"rendered":"<p>AMPOLLETA 4 PUNTAS 30W RGB BT MUSIC LA AMPOLLETA LED MULTICOLORES SE CONTROLA CON EL CONTROL REMOTO, POSIBILIDAD DE DEJARLA FIJA EN COLOR BLANCO COMO AMPOLLETA NORMAL. EL PARLANTE SE CONTROLA MEDIANTE CONEXI\u00d3N A BLUETOOTH, EL CONTROL TAMBI\u00c9N PUEDE UTILIZAR PARA PAUSAR, SUBIR Y BAJAR EL VOLUMEN DE LA M\u00daSICA.<\/p>\n","protected":false},"featured_media":2220,"comment_status":"closed","ping_status":"closed","template":"","meta":[],"product_brand":[],"product_cat":[97],"product_tag":[],"class_list":{"0":"post-2222","1":"product","2":"type-product","3":"status-publish","4":"has-post-thumbnail","6":"product_cat-index_luces_discoteca","8":"first","9":"instock","10":"taxable","11":"shipping-taxable","12":"purchasable","13":"product-type-simple"},"yoast_head":"<!-- This site is optimized with the Yoast SEO plugin v27.4 - https:\/\/yoast.com\/product\/yoast-seo-wordpress\/ -->\n<title>AMPOLLETA 4 PUNTAS 30W RGB BT MUSIC CONTROL REMOTO -<\/title>\n<meta name=\"robots\" content=\"index, follow, max-snippet:-1, max-image-preview:large, max-video-preview:-1\" \/>\n<link rel=\"canonical\" href=\"https:\/\/www.tiendairontech.cl\/index.php\/producto\/ampolleta-4-puntas-30w-rgb-bt-music-control-remoto\/\" \/>\n<meta property=\"og:locale\" content=\"es_ES\" \/>\n<meta property=\"og:type\" content=\"article\" \/>\n<meta property=\"og:title\" content=\"AMPOLLETA 4 PUNTAS 30W RGB BT MUSIC CONTROL REMOTO -\" \/>\n<meta property=\"og:description\" content=\"AMPOLLETA 4 PUNTAS 30W RGB BT MUSIC LA AMPOLLETA LED MULTICOLORES SE CONTROLA CON EL CONTROL REMOTO, POSIBILIDAD DE DEJARLA FIJA EN COLOR BLANCO COMO AMPOLLETA NORMAL. EL PARLANTE SE CONTROLA MEDIANTE CONEXI\u00d3N A BLUETOOTH, EL CONTROL TAMBI\u00c9N PUEDE UTILIZAR PARA PAUSAR, SUBIR Y BAJAR EL VOLUMEN DE LA M\u00daSICA.\" \/>\n<meta property=\"og:url\" content=\"https:\/\/www.tiendairontech.cl\/index.php\/producto\/ampolleta-4-puntas-30w-rgb-bt-music-control-remoto\/\" \/>\n<meta property=\"article:modified_time\" content=\"2024-08-21T14:25:47+00:00\" \/>\n<meta property=\"og:image\" content=\"https:\/\/www.tiendairontech.cl\/wp-content\/uploads\/2021\/09\/ILUCAS28.jpg\" \/>\n\t<meta property=\"og:image:width\" content=\"196\" \/>\n\t<meta property=\"og:image:height\" content=\"196\" \/>\n\t<meta property=\"og:image:type\" content=\"image\/jpeg\" \/>\n<meta name=\"twitter:card\" content=\"summary_large_image\" \/>\n<meta name=\"twitter:label1\" content=\"Tiempo estimado de lectura\" \/>\n\t<meta name=\"twitter:data1\" content=\"1 minuto\" \/>\n<script type=\"application\/ld+json\" class=\"yoast-schema-graph\">{\"@context\":\"https:\\\/\\\/schema.org\",\"@graph\":[{\"@type\":\"WebPage\",\"@id\":\"https:\\\/\\\/www.tiendairontech.cl\\\/index.php\\\/producto\\\/ampolleta-4-puntas-30w-rgb-bt-music-control-remoto\\\/\",\"url\":\"https:\\\/\\\/www.tiendairontech.cl\\\/index.php\\\/producto\\\/ampolleta-4-puntas-30w-rgb-bt-music-control-remoto\\\/\",\"name\":\"AMPOLLETA 4 PUNTAS 30W RGB BT MUSIC CONTROL REMOTO -\",\"isPartOf\":{\"@id\":\"https:\\\/\\\/www.tiendairontech.cl\\\/#website\"},\"primaryImageOfPage\":{\"@id\":\"https:\\\/\\\/www.tiendairontech.cl\\\/index.php\\\/producto\\\/ampolleta-4-puntas-30w-rgb-bt-music-control-remoto\\\/#primaryimage\"},\"image\":{\"@id\":\"https:\\\/\\\/www.tiendairontech.cl\\\/index.php\\\/producto\\\/ampolleta-4-puntas-30w-rgb-bt-music-control-remoto\\\/#primaryimage\"},\"thumbnailUrl\":\"https:\\\/\\\/www.tiendairontech.cl\\\/wp-content\\\/uploads\\\/2021\\\/09\\\/ILUCAS28.jpg\",\"datePublished\":\"2021-09-02T22:03:23+00:00\",\"dateModified\":\"2024-08-21T14:25:47+00:00\",\"breadcrumb\":{\"@id\":\"https:\\\/\\\/www.tiendairontech.cl\\\/index.php\\\/producto\\\/ampolleta-4-puntas-30w-rgb-bt-music-control-remoto\\\/#breadcrumb\"},\"inLanguage\":\"es-CL\",\"potentialAction\":[{\"@type\":\"ReadAction\",\"target\":[\"https:\\\/\\\/www.tiendairontech.cl\\\/index.php\\\/producto\\\/ampolleta-4-puntas-30w-rgb-bt-music-control-remoto\\\/\"]}]},{\"@type\":\"ImageObject\",\"inLanguage\":\"es-CL\",\"@id\":\"https:\\\/\\\/www.tiendairontech.cl\\\/index.php\\\/producto\\\/ampolleta-4-puntas-30w-rgb-bt-music-control-remoto\\\/#primaryimage\",\"url\":\"https:\\\/\\\/www.tiendairontech.cl\\\/wp-content\\\/uploads\\\/2021\\\/09\\\/ILUCAS28.jpg\",\"contentUrl\":\"https:\\\/\\\/www.tiendairontech.cl\\\/wp-content\\\/uploads\\\/2021\\\/09\\\/ILUCAS28.jpg\",\"width\":196,\"height\":196},{\"@type\":\"BreadcrumbList\",\"@id\":\"https:\\\/\\\/www.tiendairontech.cl\\\/index.php\\\/producto\\\/ampolleta-4-puntas-30w-rgb-bt-music-control-remoto\\\/#breadcrumb\",\"itemListElement\":[{\"@type\":\"ListItem\",\"position\":1,\"name\":\"Portada\",\"item\":\"https:\\\/\\\/www.tiendairontech.cl\\\/\"},{\"@type\":\"ListItem\",\"position\":2,\"name\":\"Tienda\",\"item\":\"https:\\\/\\\/www.tiendairontech.cl\\\/?page_id=11\"},{\"@type\":\"ListItem\",\"position\":3,\"name\":\"AMPOLLETA 4 PUNTAS 30W RGB BT MUSIC CONTROL REMOTO\"}]},{\"@type\":\"WebSite\",\"@id\":\"https:\\\/\\\/www.tiendairontech.cl\\\/#website\",\"url\":\"https:\\\/\\\/www.tiendairontech.cl\\\/\",\"name\":\"\",\"description\":\"\",\"potentialAction\":[{\"@type\":\"SearchAction\",\"target\":{\"@type\":\"EntryPoint\",\"urlTemplate\":\"https:\\\/\\\/www.tiendairontech.cl\\\/?s={search_term_string}\"},\"query-input\":{\"@type\":\"PropertyValueSpecification\",\"valueRequired\":true,\"valueName\":\"search_term_string\"}}],\"inLanguage\":\"es-CL\"}]}<\/script>\n<!-- \/ Yoast SEO plugin. -->","yoast_head_json":{"title":"AMPOLLETA 4 PUNTAS 30W RGB BT MUSIC CONTROL REMOTO -","robots":{"index":"index","follow":"follow","max-snippet":"max-snippet:-1","max-image-preview":"max-image-preview:large","max-video-preview":"max-video-preview:-1"},"canonical":"https:\/\/www.tiendairontech.cl\/index.php\/producto\/ampolleta-4-puntas-30w-rgb-bt-music-control-remoto\/","og_locale":"es_ES","og_type":"article","og_title":"AMPOLLETA 4 PUNTAS 30W RGB BT MUSIC CONTROL REMOTO -","og_description":"AMPOLLETA 4 PUNTAS 30W RGB BT MUSIC LA AMPOLLETA LED MULTICOLORES SE CONTROLA CON EL CONTROL REMOTO, POSIBILIDAD DE DEJARLA FIJA EN COLOR BLANCO COMO AMPOLLETA NORMAL. EL PARLANTE SE CONTROLA MEDIANTE CONEXI\u00d3N A BLUETOOTH, EL CONTROL TAMBI\u00c9N PUEDE UTILIZAR PARA PAUSAR, SUBIR Y BAJAR EL VOLUMEN DE LA M\u00daSICA.","og_url":"https:\/\/www.tiendairontech.cl\/index.php\/producto\/ampolleta-4-puntas-30w-rgb-bt-music-control-remoto\/","article_modified_time":"2024-08-21T14:25:47+00:00","og_image":[{"width":196,"height":196,"url":"https:\/\/www.tiendairontech.cl\/wp-content\/uploads\/2021\/09\/ILUCAS28.jpg","type":"image\/jpeg"}],"twitter_card":"summary_large_image","twitter_misc":{"Tiempo estimado de lectura":"1 minuto"},"schema":{"@context":"https:\/\/schema.org","@graph":[{"@type":"WebPage","@id":"https:\/\/www.tiendairontech.cl\/index.php\/producto\/ampolleta-4-puntas-30w-rgb-bt-music-control-remoto\/","url":"https:\/\/www.tiendairontech.cl\/index.php\/producto\/ampolleta-4-puntas-30w-rgb-bt-music-control-remoto\/","name":"AMPOLLETA 4 PUNTAS 30W RGB BT MUSIC CONTROL REMOTO -","isPartOf":{"@id":"https:\/\/www.tiendairontech.cl\/#website"},"primaryImageOfPage":{"@id":"https:\/\/www.tiendairontech.cl\/index.php\/producto\/ampolleta-4-puntas-30w-rgb-bt-music-control-remoto\/#primaryimage"},"image":{"@id":"https:\/\/www.tiendairontech.cl\/index.php\/producto\/ampolleta-4-puntas-30w-rgb-bt-music-control-remoto\/#primaryimage"},"thumbnailUrl":"https:\/\/www.tiendairontech.cl\/wp-content\/uploads\/2021\/09\/ILUCAS28.jpg","datePublished":"2021-09-02T22:03:23+00:00","dateModified":"2024-08-21T14:25:47+00:00","breadcrumb":{"@id":"https:\/\/www.tiendairontech.cl\/index.php\/producto\/ampolleta-4-puntas-30w-rgb-bt-music-control-remoto\/#breadcrumb"},"inLanguage":"es-CL","potentialAction":[{"@type":"ReadAction","target":["https:\/\/www.tiendairontech.cl\/index.php\/producto\/ampolleta-4-puntas-30w-rgb-bt-music-control-remoto\/"]}]},{"@type":"ImageObject","inLanguage":"es-CL","@id":"https:\/\/www.tiendairontech.cl\/index.php\/producto\/ampolleta-4-puntas-30w-rgb-bt-music-control-remoto\/#primaryimage","url":"https:\/\/www.tiendairontech.cl\/wp-content\/uploads\/2021\/09\/ILUCAS28.jpg","contentUrl":"https:\/\/www.tiendairontech.cl\/wp-content\/uploads\/2021\/09\/ILUCAS28.jpg","width":196,"height":196},{"@type":"BreadcrumbList","@id":"https:\/\/www.tiendairontech.cl\/index.php\/producto\/ampolleta-4-puntas-30w-rgb-bt-music-control-remoto\/#breadcrumb","itemListElement":[{"@type":"ListItem","position":1,"name":"Portada","item":"https:\/\/www.tiendairontech.cl\/"},{"@type":"ListItem","position":2,"name":"Tienda","item":"https:\/\/www.tiendairontech.cl\/?page_id=11"},{"@type":"ListItem","position":3,"name":"AMPOLLETA 4 PUNTAS 30W RGB BT MUSIC CONTROL REMOTO"}]},{"@type":"WebSite","@id":"https:\/\/www.tiendairontech.cl\/#website","url":"https:\/\/www.tiendairontech.cl\/","name":"","description":"","potentialAction":[{"@type":"SearchAction","target":{"@type":"EntryPoint","urlTemplate":"https:\/\/www.tiendairontech.cl\/?s={search_term_string}"},"query-input":{"@type":"PropertyValueSpecification","valueRequired":true,"valueName":"search_term_string"}}],"inLanguage":"es-CL"}]}},"_links":{"self":[{"href":"https:\/\/www.tiendairontech.cl\/index.php\/wp-json\/wp\/v2\/product\/2222","targetHints":{"allow":["GET"]}}],"collection":[{"href":"https:\/\/www.tiendairontech.cl\/index.php\/wp-json\/wp\/v2\/product"}],"about":[{"href":"https:\/\/www.tiendairontech.cl\/index.php\/wp-json\/wp\/v2\/types\/product"}],"replies":[{"embeddable":true,"href":"https:\/\/www.tiendairontech.cl\/index.php\/wp-json\/wp\/v2\/comments?post=2222"}],"wp:featuredmedia":[{"embeddable":true,"href":"https:\/\/www.tiendairontech.cl\/index.php\/wp-json\/wp\/v2\/media\/2220"}],"wp:attachment":[{"href":"https:\/\/www.tiendairontech.cl\/index.php\/wp-json\/wp\/v2\/media?parent=2222"}],"wp:term":[{"taxonomy":"product_brand","embeddable":true,"href":"https:\/\/www.tiendairontech.cl\/index.php\/wp-json\/wp\/v2\/product_brand?post=2222"},{"taxonomy":"product_cat","embeddable":true,"href":"https:\/\/www.tiendairontech.cl\/index.php\/wp-json\/wp\/v2\/product_cat?post=2222"},{"taxonomy":"product_tag","embeddable":true,"href":"https:\/\/www.tiendairontech.cl\/index.php\/wp-json\/wp\/v2\/product_tag?post=2222"}],"curies":[{"name":"wp","href":"https:\/\/api.w.org\/{rel}","templated":true}]}}