{"id":2347,"date":"2021-09-13T18:59:11","date_gmt":"2021-09-13T18:59:11","guid":{"rendered":"https:\/\/www.tiendairontech.cl\/?post_type=product&#038;p=2347"},"modified":"2024-08-21T17:41:13","modified_gmt":"2024-08-21T17:41:13","slug":"parrilla-y-plancha-blackdecker","status":"publish","type":"product","link":"https:\/\/www.tiendairontech.cl\/index.php\/producto\/parrilla-y-plancha-blackdecker\/","title":{"rendered":"PARRILLA Y PLANCHA BLACK+DECKER"},"content":{"rendered":"<p>PARRILLA\/PLANCHA EL\u00c9CTRICA BLACK AND DECKER CON SUPERFICIE ANTIADHERENTE PARA COCINAR A GUSTO, PR\u00c1CTICA PARA CARNES, PESCADOS Y VEGETALES, CONTIENE UNA BANDEJA DE GOTEO REMOVIBLE QUE ATRAPA LA GRASA Y HACE M\u00c1S SENCILLO LIMPIARLA (1200W DE POTENCIA).<\/p>\n","protected":false},"excerpt":{"rendered":"<p>PARRILLA\/PLANCHA EL\u00c9CTRICA BLACK AND DECKER CON SUPERFICIE ANTIADHERENTE PARA COCINAR A GUSTO, PR\u00c1CTICA PARA CARNES, PESCADOS Y VEGETALES, CONTIENE UNA BANDEJA DE GOTEO REMOVIBLE QUE ATRAPA LA GRASA Y HACE M\u00c1S SENCILLO LIMPIARLA (1200W DE POTENCIA).<\/p>\n","protected":false},"featured_media":2348,"comment_status":"closed","ping_status":"closed","template":"","meta":[],"product_brand":[],"product_cat":[125],"product_tag":[],"class_list":{"0":"post-2347","1":"product","2":"type-product","3":"status-publish","4":"has-post-thumbnail","6":"product_cat-index_electrodomesticos","8":"first","9":"instock","10":"taxable","11":"shipping-taxable","12":"purchasable","13":"product-type-simple"},"yoast_head":"<!-- This site is optimized with the Yoast SEO plugin v27.4 - https:\/\/yoast.com\/product\/yoast-seo-wordpress\/ -->\n<title>PARRILLA Y PLANCHA BLACK+DECKER -<\/title>\n<meta name=\"robots\" content=\"index, follow, max-snippet:-1, max-image-preview:large, max-video-preview:-1\" \/>\n<link rel=\"canonical\" href=\"https:\/\/www.tiendairontech.cl\/index.php\/producto\/parrilla-y-plancha-blackdecker\/\" \/>\n<meta property=\"og:locale\" content=\"es_ES\" \/>\n<meta property=\"og:type\" content=\"article\" \/>\n<meta property=\"og:title\" content=\"PARRILLA Y PLANCHA BLACK+DECKER -\" \/>\n<meta property=\"og:description\" content=\"PARRILLA\/PLANCHA EL\u00c9CTRICA BLACK AND DECKER CON SUPERFICIE ANTIADHERENTE PARA COCINAR A GUSTO, PR\u00c1CTICA PARA CARNES, PESCADOS Y VEGETALES, CONTIENE UNA BANDEJA DE GOTEO REMOVIBLE QUE ATRAPA LA GRASA Y HACE M\u00c1S SENCILLO LIMPIARLA (1200W DE POTENCIA).\" \/>\n<meta property=\"og:url\" content=\"https:\/\/www.tiendairontech.cl\/index.php\/producto\/parrilla-y-plancha-blackdecker\/\" \/>\n<meta property=\"article:modified_time\" content=\"2024-08-21T17:41:13+00:00\" \/>\n<meta property=\"og:image\" content=\"https:\/\/www.tiendairontech.cl\/wp-content\/uploads\/2021\/09\/ELEELE28.jpg\" \/>\n\t<meta property=\"og:image:width\" content=\"1200\" \/>\n\t<meta property=\"og:image:height\" content=\"1200\" \/>\n\t<meta property=\"og:image:type\" content=\"image\/jpeg\" \/>\n<meta name=\"twitter:card\" content=\"summary_large_image\" \/>\n<meta name=\"twitter:label1\" content=\"Tiempo estimado de lectura\" \/>\n\t<meta name=\"twitter:data1\" content=\"1 minuto\" \/>\n<script type=\"application\/ld+json\" class=\"yoast-schema-graph\">{\"@context\":\"https:\\\/\\\/schema.org\",\"@graph\":[{\"@type\":\"WebPage\",\"@id\":\"https:\\\/\\\/www.tiendairontech.cl\\\/index.php\\\/producto\\\/parrilla-y-plancha-blackdecker\\\/\",\"url\":\"https:\\\/\\\/www.tiendairontech.cl\\\/index.php\\\/producto\\\/parrilla-y-plancha-blackdecker\\\/\",\"name\":\"PARRILLA Y PLANCHA BLACK+DECKER -\",\"isPartOf\":{\"@id\":\"https:\\\/\\\/www.tiendairontech.cl\\\/#website\"},\"primaryImageOfPage\":{\"@id\":\"https:\\\/\\\/www.tiendairontech.cl\\\/index.php\\\/producto\\\/parrilla-y-plancha-blackdecker\\\/#primaryimage\"},\"image\":{\"@id\":\"https:\\\/\\\/www.tiendairontech.cl\\\/index.php\\\/producto\\\/parrilla-y-plancha-blackdecker\\\/#primaryimage\"},\"thumbnailUrl\":\"https:\\\/\\\/www.tiendairontech.cl\\\/wp-content\\\/uploads\\\/2021\\\/09\\\/ELEELE28.jpg\",\"datePublished\":\"2021-09-13T18:59:11+00:00\",\"dateModified\":\"2024-08-21T17:41:13+00:00\",\"breadcrumb\":{\"@id\":\"https:\\\/\\\/www.tiendairontech.cl\\\/index.php\\\/producto\\\/parrilla-y-plancha-blackdecker\\\/#breadcrumb\"},\"inLanguage\":\"es-CL\",\"potentialAction\":[{\"@type\":\"ReadAction\",\"target\":[\"https:\\\/\\\/www.tiendairontech.cl\\\/index.php\\\/producto\\\/parrilla-y-plancha-blackdecker\\\/\"]}]},{\"@type\":\"ImageObject\",\"inLanguage\":\"es-CL\",\"@id\":\"https:\\\/\\\/www.tiendairontech.cl\\\/index.php\\\/producto\\\/parrilla-y-plancha-blackdecker\\\/#primaryimage\",\"url\":\"https:\\\/\\\/www.tiendairontech.cl\\\/wp-content\\\/uploads\\\/2021\\\/09\\\/ELEELE28.jpg\",\"contentUrl\":\"https:\\\/\\\/www.tiendairontech.cl\\\/wp-content\\\/uploads\\\/2021\\\/09\\\/ELEELE28.jpg\",\"width\":1200,\"height\":1200},{\"@type\":\"BreadcrumbList\",\"@id\":\"https:\\\/\\\/www.tiendairontech.cl\\\/index.php\\\/producto\\\/parrilla-y-plancha-blackdecker\\\/#breadcrumb\",\"itemListElement\":[{\"@type\":\"ListItem\",\"position\":1,\"name\":\"Portada\",\"item\":\"https:\\\/\\\/www.tiendairontech.cl\\\/\"},{\"@type\":\"ListItem\",\"position\":2,\"name\":\"Tienda\",\"item\":\"https:\\\/\\\/www.tiendairontech.cl\\\/?page_id=11\"},{\"@type\":\"ListItem\",\"position\":3,\"name\":\"PARRILLA Y PLANCHA BLACK+DECKER\"}]},{\"@type\":\"WebSite\",\"@id\":\"https:\\\/\\\/www.tiendairontech.cl\\\/#website\",\"url\":\"https:\\\/\\\/www.tiendairontech.cl\\\/\",\"name\":\"\",\"description\":\"\",\"potentialAction\":[{\"@type\":\"SearchAction\",\"target\":{\"@type\":\"EntryPoint\",\"urlTemplate\":\"https:\\\/\\\/www.tiendairontech.cl\\\/?s={search_term_string}\"},\"query-input\":{\"@type\":\"PropertyValueSpecification\",\"valueRequired\":true,\"valueName\":\"search_term_string\"}}],\"inLanguage\":\"es-CL\"}]}<\/script>\n<!-- \/ Yoast SEO plugin. -->","yoast_head_json":{"title":"PARRILLA Y PLANCHA BLACK+DECKER -","robots":{"index":"index","follow":"follow","max-snippet":"max-snippet:-1","max-image-preview":"max-image-preview:large","max-video-preview":"max-video-preview:-1"},"canonical":"https:\/\/www.tiendairontech.cl\/index.php\/producto\/parrilla-y-plancha-blackdecker\/","og_locale":"es_ES","og_type":"article","og_title":"PARRILLA Y PLANCHA BLACK+DECKER -","og_description":"PARRILLA\/PLANCHA EL\u00c9CTRICA BLACK AND DECKER CON SUPERFICIE ANTIADHERENTE PARA COCINAR A GUSTO, PR\u00c1CTICA PARA CARNES, PESCADOS Y VEGETALES, CONTIENE UNA BANDEJA DE GOTEO REMOVIBLE QUE ATRAPA LA GRASA Y HACE M\u00c1S SENCILLO LIMPIARLA (1200W DE POTENCIA).","og_url":"https:\/\/www.tiendairontech.cl\/index.php\/producto\/parrilla-y-plancha-blackdecker\/","article_modified_time":"2024-08-21T17:41:13+00:00","og_image":[{"width":1200,"height":1200,"url":"https:\/\/www.tiendairontech.cl\/wp-content\/uploads\/2021\/09\/ELEELE28.jpg","type":"image\/jpeg"}],"twitter_card":"summary_large_image","twitter_misc":{"Tiempo estimado de lectura":"1 minuto"},"schema":{"@context":"https:\/\/schema.org","@graph":[{"@type":"WebPage","@id":"https:\/\/www.tiendairontech.cl\/index.php\/producto\/parrilla-y-plancha-blackdecker\/","url":"https:\/\/www.tiendairontech.cl\/index.php\/producto\/parrilla-y-plancha-blackdecker\/","name":"PARRILLA Y PLANCHA BLACK+DECKER -","isPartOf":{"@id":"https:\/\/www.tiendairontech.cl\/#website"},"primaryImageOfPage":{"@id":"https:\/\/www.tiendairontech.cl\/index.php\/producto\/parrilla-y-plancha-blackdecker\/#primaryimage"},"image":{"@id":"https:\/\/www.tiendairontech.cl\/index.php\/producto\/parrilla-y-plancha-blackdecker\/#primaryimage"},"thumbnailUrl":"https:\/\/www.tiendairontech.cl\/wp-content\/uploads\/2021\/09\/ELEELE28.jpg","datePublished":"2021-09-13T18:59:11+00:00","dateModified":"2024-08-21T17:41:13+00:00","breadcrumb":{"@id":"https:\/\/www.tiendairontech.cl\/index.php\/producto\/parrilla-y-plancha-blackdecker\/#breadcrumb"},"inLanguage":"es-CL","potentialAction":[{"@type":"ReadAction","target":["https:\/\/www.tiendairontech.cl\/index.php\/producto\/parrilla-y-plancha-blackdecker\/"]}]},{"@type":"ImageObject","inLanguage":"es-CL","@id":"https:\/\/www.tiendairontech.cl\/index.php\/producto\/parrilla-y-plancha-blackdecker\/#primaryimage","url":"https:\/\/www.tiendairontech.cl\/wp-content\/uploads\/2021\/09\/ELEELE28.jpg","contentUrl":"https:\/\/www.tiendairontech.cl\/wp-content\/uploads\/2021\/09\/ELEELE28.jpg","width":1200,"height":1200},{"@type":"BreadcrumbList","@id":"https:\/\/www.tiendairontech.cl\/index.php\/producto\/parrilla-y-plancha-blackdecker\/#breadcrumb","itemListElement":[{"@type":"ListItem","position":1,"name":"Portada","item":"https:\/\/www.tiendairontech.cl\/"},{"@type":"ListItem","position":2,"name":"Tienda","item":"https:\/\/www.tiendairontech.cl\/?page_id=11"},{"@type":"ListItem","position":3,"name":"PARRILLA Y PLANCHA BLACK+DECKER"}]},{"@type":"WebSite","@id":"https:\/\/www.tiendairontech.cl\/#website","url":"https:\/\/www.tiendairontech.cl\/","name":"","description":"","potentialAction":[{"@type":"SearchAction","target":{"@type":"EntryPoint","urlTemplate":"https:\/\/www.tiendairontech.cl\/?s={search_term_string}"},"query-input":{"@type":"PropertyValueSpecification","valueRequired":true,"valueName":"search_term_string"}}],"inLanguage":"es-CL"}]}},"_links":{"self":[{"href":"https:\/\/www.tiendairontech.cl\/index.php\/wp-json\/wp\/v2\/product\/2347","targetHints":{"allow":["GET"]}}],"collection":[{"href":"https:\/\/www.tiendairontech.cl\/index.php\/wp-json\/wp\/v2\/product"}],"about":[{"href":"https:\/\/www.tiendairontech.cl\/index.php\/wp-json\/wp\/v2\/types\/product"}],"replies":[{"embeddable":true,"href":"https:\/\/www.tiendairontech.cl\/index.php\/wp-json\/wp\/v2\/comments?post=2347"}],"wp:featuredmedia":[{"embeddable":true,"href":"https:\/\/www.tiendairontech.cl\/index.php\/wp-json\/wp\/v2\/media\/2348"}],"wp:attachment":[{"href":"https:\/\/www.tiendairontech.cl\/index.php\/wp-json\/wp\/v2\/media?parent=2347"}],"wp:term":[{"taxonomy":"product_brand","embeddable":true,"href":"https:\/\/www.tiendairontech.cl\/index.php\/wp-json\/wp\/v2\/product_brand?post=2347"},{"taxonomy":"product_cat","embeddable":true,"href":"https:\/\/www.tiendairontech.cl\/index.php\/wp-json\/wp\/v2\/product_cat?post=2347"},{"taxonomy":"product_tag","embeddable":true,"href":"https:\/\/www.tiendairontech.cl\/index.php\/wp-json\/wp\/v2\/product_tag?post=2347"}],"curies":[{"name":"wp","href":"https:\/\/api.w.org\/{rel}","templated":true}]}}